{"id":3183,"date":"2025-01-21T16:06:58","date_gmt":"2025-01-21T16:06:58","guid":{"rendered":"https:\/\/becacompany.ticgeek.com\/?page_id=3183"},"modified":"2025-05-21T21:26:24","modified_gmt":"2025-05-21T21:26:24","slug":"civil-engineering-inspection","status":"publish","type":"page","link":"https:\/\/becacompany.com\/fr\/civil-engineering-inspection\/","title":{"rendered":"Inspection de l'Ing\u00e9nieur en G\u00e9nie Civil"},"content":{"rendered":"<div data-elementor-type=\"wp-page\" data-elementor-id=\"3183\" class=\"elementor elementor-3183\">\n\t\t\t\t<div class=\"elementor-element elementor-element-44f9a94 e-flex e-con-boxed wpr-particle-no wpr-jarallax-no wpr-parallax-no wpr-sticky-section-no e-con e-parent\" data-id=\"44f9a94\" data-element_type=\"container\">\n\t\t\t\t\t<div class=\"e-con-inner\">\n\t\t\t\t<div class=\"elementor-element elementor-element-7bf8f94 elementor-widget elementor-widget-porto_ultimate_heading\" data-id=\"7bf8f94\" data-element_type=\"widget\" data-widget_type=\"porto_ultimate_heading.default\">\n\t\t\t\t<div class=\"elementor-widget-container\">\n\t\t\t\t\t<div class=\"porto-u-heading  porto-u-ad87e2eaf3f9c495180fe0156ddf3eb0\"><div class=\"porto-u-sub-heading\" style=\"\"><h2>Notre objectif en mati\u00e8re de contr\u00f4le technique<\/h2><p>Les \u00e9quipes <b>d'inspection du g\u00e9nie civil de BECA.<\/b> garantissent la <b>stabilit\u00e9, la durabilit\u00e9 et la conformit\u00e9 des<\/b> b\u00e2timents et des infrastructures. Nos principaux objectifs sont les suivants :<\/p><ul><li>Garantir <b>l'int\u00e9grit\u00e9 structurelle<\/b> des nouvelles constructions, des r\u00e9habilitations et des extensions, y compris les <b>structures en acier<\/b>.<\/li><li>Pr\u00e9venir les risques li\u00e9s \u00e0 la <b>r\u00e9sistance et \u00e0 la stabilit\u00e9<\/b> des ouvrages de g\u00e9nie civil.<\/li><li>Veiller au respect des <b>r\u00e9glementations en mati\u00e8re de construction et des normes industrielles<\/b>.<\/li><li>Am\u00e9liorer la <b>s\u00e9curit\u00e9 des utilisateurs et des occupants<\/b>.<\/li><\/ul><\/div><style>.porto-u-ad87e2eaf3f9c495180fe0156ddf3eb0.porto-u-heading{text-align:left}<\/style><\/div>\t\t\t\t<\/div>\n\t\t\t\t<\/div>\n\t\t<div class=\"elementor-element elementor-element-bdc9d31 e-con-full e-flex wpr-particle-no wpr-jarallax-no wpr-parallax-no wpr-sticky-section-no e-con e-child\" data-id=\"bdc9d31\" data-element_type=\"container\">\n\t\t\t\t<div class=\"elementor-element elementor-element-bcb5269 elementor-widget elementor-widget-porto_ultimate_heading\" data-id=\"bcb5269\" data-element_type=\"widget\" data-widget_type=\"porto_ultimate_heading.default\">\n\t\t\t\t<div class=\"elementor-widget-container\">\n\t\t\t\t\t<div class=\"porto-u-heading  porto-u-ad87e2eaf3f9c495180fe0156ddf3eb0\"><div class=\"porto-u-sub-heading\" style=\"\"><h2>Port\u00e9e de nos inspections<\/h2><p>Nous proposons des services d'inspection complets pour :<\/p><ul><li><b>B\u00e2timents et structures m\u00e9talliques<\/b><\/li><li><b>Installations techniques<\/b>: Plomberie, \u00e9lectricit\u00e9, vid\u00e9osurveillance.<\/li><li><b>Infrastructures et structures sp\u00e9ciales<\/b>: Ponts, m\u00e2ts, pyl\u00f4nes et autres travaux de g\u00e9nie civil.<\/li><li><b>Pr\u00e9vention des incendies et conformit\u00e9 en mati\u00e8re de s\u00e9curit\u00e9<\/b><\/li><\/ul><\/div><style>.porto-u-ad87e2eaf3f9c495180fe0156ddf3eb0.porto-u-heading{text-align:left}<\/style><\/div>\t\t\t\t<\/div>\n\t\t\t\t<\/div>\n\t\t<div class=\"elementor-element elementor-element-fd45c44 e-con-full e-flex wpr-particle-no wpr-jarallax-no wpr-parallax-no wpr-sticky-section-no e-con e-child\" data-id=\"fd45c44\" data-element_type=\"container\">\n\t\t\t\t<div class=\"elementor-element elementor-element-58ef7b8 elementor-widget elementor-widget-porto_ultimate_heading\" data-id=\"58ef7b8\" data-element_type=\"widget\" data-widget_type=\"porto_ultimate_heading.default\">\n\t\t\t\t<div class=\"elementor-widget-container\">\n\t\t\t\t\t<div class=\"porto-u-heading  porto-u-ad87e2eaf3f9c495180fe0156ddf3eb0\"><div class=\"porto-u-sub-heading\" style=\"\"><h2>Nos services<\/h2><ul><li><b>Examen de la conception et de l'ing\u00e9nierie<\/b>: Examen et approbation des <b>dessins, des plans et des calculs structurels<\/b>.<\/li><li><b>Suivi du chantier<\/b>: Inspections sur place pour garantir la <b>qualit\u00e9, la s\u00e9curit\u00e9 et la conformit\u00e9<\/b> pendant toutes les phases.<\/li><li><b>Assistance \u00e0 la gestion de projet<\/b>: Supervision pendant les <b>phases de conception, d'ex\u00e9cution et de remise des travaux<\/b>.<\/li><li><b>\u00c9valuations des structures en service<\/b>: \u00c9valuations et expertise des <b>structures existantes<\/b> afin de garantir le maintien de la s\u00e9curit\u00e9 et de la conformit\u00e9.<\/li><\/ul><\/div><style>.porto-u-ad87e2eaf3f9c495180fe0156ddf3eb0.porto-u-heading{text-align:left}<\/style><\/div>\t\t\t\t<\/div>\n\t\t\t\t<\/div>\n\t\t\t\t<div class=\"elementor-element elementor-element-98ac27b elementor-widget elementor-widget-spacer\" data-id=\"98ac27b\" data-element_type=\"widget\" data-widget_type=\"spacer.default\">\n\t\t\t\t<div class=\"elementor-widget-container\">\n\t\t\t\t\t\t\t<div class=\"elementor-spacer\">\n\t\t\t<div class=\"elementor-spacer-inner\"><\/div>\n\t\t<\/div>\n\t\t\t\t\t\t<\/div>\n\t\t\t\t<\/div>\n\t\t\t\t<\/div>\n\t\t\t\t<\/div>\n\t\t\t\t\t<\/div>\n\t\t\t\t<\/div>\n\t\t<div class=\"elementor-element elementor-element-25d1493 e-flex e-con-boxed wpr-particle-no wpr-jarallax-no wpr-parallax-no wpr-sticky-section-no elementor-invisible e-con e-parent\" data-id=\"25d1493\" data-element_type=\"container\" data-settings=\"{&quot;animation&quot;:&quot;slideInUp&quot;}\">\n\t\t\t\t\t<div class=\"e-con-inner\">\n\t\t\t\t<div class=\"elementor-element elementor-element-c3b2be5 elementor-arrows-position-inside elementor-pagination-position-outside elementor-widget elementor-widget-image-carousel\" data-id=\"c3b2be5\" data-element_type=\"widget\" data-settings=\"{&quot;navigation&quot;:&quot;both&quot;,&quot;autoplay&quot;:&quot;yes&quot;,&quot;pause_on_hover&quot;:&quot;yes&quot;,&quot;pause_on_interaction&quot;:&quot;yes&quot;,&quot;autoplay_speed&quot;:5000,&quot;infinite&quot;:&quot;yes&quot;,&quot;speed&quot;:500}\" data-widget_type=\"image-carousel.default\">\n\t\t\t\t<div class=\"elementor-widget-container\">\n\t\t\t\t\t\t\t<div class=\"elementor-image-carousel-wrapper swiper\" role=\"region\" aria-roledescription=\"carousel\" aria-label=\"Image Carousel\" dir=\"ltr\">\n\t\t\t<div class=\"elementor-image-carousel swiper-wrapper\" aria-live=\"off\">\n\t\t\t\t\t\t\t\t<div class=\"swiper-slide\" role=\"group\" aria-roledescription=\"slide\" aria-label=\"1 sur 10\"><figure class=\"swiper-slide-inner\"><img decoding=\"async\" class=\"swiper-slide-image\" src=\"https:\/\/becacompany.com\/wp-content\/uploads\/2025\/04\/6fbdcde0-d01c-4232-babc-bb7556d01cb2-600x594-2.jpeg\" alt=\"6fbdcde0-d01c-4232-babc-bb7556d01cb2-600x594\" \/><\/figure><\/div><div class=\"swiper-slide\" role=\"group\" aria-roledescription=\"slide\" aria-label=\"2 sur 10\"><figure class=\"swiper-slide-inner\"><img decoding=\"async\" class=\"swiper-slide-image\" src=\"https:\/\/becacompany.com\/wp-content\/uploads\/2025\/04\/a153fdf1-a452-47e4-ac4d-29b69bcf90b8-600x600-1.jpeg\" alt=\"a153fdf1-a452-47e4-ac4d-29b69bcf90b8-600x600\" \/><\/figure><\/div><div class=\"swiper-slide\" role=\"group\" aria-roledescription=\"slide\" aria-label=\"3 sur 10\"><figure class=\"swiper-slide-inner\"><img decoding=\"async\" class=\"swiper-slide-image\" src=\"https:\/\/becacompany.com\/wp-content\/uploads\/2025\/04\/b44ef09f-4b26-4638-a6b7-2ff38bc3d6f6-600x599-1.jpeg\" alt=\"b44ef09f-4b26-4638-a6b7-2ff38bc3d6f6-600x599\" \/><\/figure><\/div><div class=\"swiper-slide\" role=\"group\" aria-roledescription=\"slide\" aria-label=\"4 sur 10\"><figure class=\"swiper-slide-inner\"><img decoding=\"async\" class=\"swiper-slide-image\" src=\"https:\/\/becacompany.com\/wp-content\/uploads\/2025\/04\/cbb0bc91-aaf5-4066-9736-ae8dc6983e5a-600x600-1.jpeg\" alt=\"cbb0bc91-aaf5-4066-9736-ae8dc6983e5a-600x600\" \/><\/figure><\/div><div class=\"swiper-slide\" role=\"group\" aria-roledescription=\"slide\" aria-label=\"5 sur 10\"><figure class=\"swiper-slide-inner\"><img decoding=\"async\" class=\"swiper-slide-image\" src=\"https:\/\/becacompany.com\/wp-content\/uploads\/2025\/04\/d5-600x593-1.png\" alt=\"d5-600x593\" \/><\/figure><\/div><div class=\"swiper-slide\" role=\"group\" aria-roledescription=\"slide\" aria-label=\"6 sur 10\"><figure class=\"swiper-slide-inner\"><img decoding=\"async\" class=\"swiper-slide-image\" src=\"https:\/\/becacompany.com\/wp-content\/uploads\/2025\/04\/DSC_5968-600x600-1.jpg\" alt=\"DSC_5968-600x600\" \/><\/figure><\/div><div class=\"swiper-slide\" role=\"group\" aria-roledescription=\"slide\" aria-label=\"7 sur 10\"><figure class=\"swiper-slide-inner\"><img decoding=\"async\" class=\"swiper-slide-image\" src=\"https:\/\/becacompany.com\/wp-content\/uploads\/2025\/04\/DSC_6318-600x600-1.jpg\" alt=\"DSC_6318-600x600\" \/><\/figure><\/div><div class=\"swiper-slide\" role=\"group\" aria-roledescription=\"slide\" aria-label=\"8 sur 10\"><figure class=\"swiper-slide-inner\"><img decoding=\"async\" class=\"swiper-slide-image\" src=\"https:\/\/becacompany.com\/wp-content\/uploads\/2025\/04\/DSC_6323-600x600-1.jpg\" alt=\"DSC_6323-600x600\" \/><\/figure><\/div><div class=\"swiper-slide\" role=\"group\" aria-roledescription=\"slide\" aria-label=\"9 sur 10\"><figure class=\"swiper-slide-inner\"><img decoding=\"async\" class=\"swiper-slide-image\" src=\"https:\/\/becacompany.com\/wp-content\/uploads\/2025\/04\/DSC_6324-600x600-1.jpg\" alt=\"DSC_6324-600x600\" \/><\/figure><\/div><div class=\"swiper-slide\" role=\"group\" aria-roledescription=\"slide\" aria-label=\"10 sur 10\"><figure class=\"swiper-slide-inner\"><img decoding=\"async\" class=\"swiper-slide-image\" src=\"https:\/\/becacompany.com\/wp-content\/uploads\/2025\/04\/DSC_6370-600x600-2.jpg\" alt=\"DSC_6370-600x600\" \/><\/figure><\/div>\t\t\t<\/div>\n\t\t\t\t\t\t\t\t\t\t\t\t<div class=\"elementor-swiper-button elementor-swiper-button-prev\" role=\"button\" tabindex=\"0\">\n\t\t\t\t\t\t<svg aria-hidden=\"true\" class=\"e-font-icon-svg e-eicon-chevron-left\" viewbox=\"0 0 1000 1000\" xmlns=\"http:\/\/www.w3.org\/2000\/svg\"><path d=\"M646 125C629 125 613 133 604 142L308 442C296 454 292 471 292 487 292 504 296 521 308 533L604 854C617 867 629 875 646 875 663 875 679 871 692 858 704 846 713 829 713 812 713 796 708 779 692 767L438 487 692 225C700 217 708 204 708 187 708 171 704 154 692 142 675 129 663 125 646 125Z\"><\/path><\/svg>\t\t\t\t\t<\/div>\n\t\t\t\t\t<div class=\"elementor-swiper-button elementor-swiper-button-next\" role=\"button\" tabindex=\"0\">\n\t\t\t\t\t\t<svg aria-hidden=\"true\" class=\"e-font-icon-svg e-eicon-chevron-right\" viewbox=\"0 0 1000 1000\" xmlns=\"http:\/\/www.w3.org\/2000\/svg\"><path d=\"M696 533C708 521 713 504 713 487 713 471 708 454 696 446L400 146C388 133 375 125 354 125 338 125 325 129 313 142 300 154 292 171 292 187 292 204 296 221 308 233L563 492 304 771C292 783 288 800 288 817 288 833 296 850 308 863 321 871 338 875 354 875 371 875 388 867 400 854L696 533Z\"><\/path><\/svg>\t\t\t\t\t<\/div>\n\t\t\t\t\n\t\t\t\t\t\t\t\t\t<div class=\"swiper-pagination\"><\/div>\n\t\t\t\t\t\t\t\t\t<\/div>\n\t\t\t\t\t\t<\/div>\n\t\t\t\t<\/div>\n\t\t\t\t\t<\/div>\n\t\t\t\t<\/div>\n\t\t\t\t<\/div>","protected":false},"excerpt":{"rendered":"<p>Our Objective in Technical Control BECA\u2019s civil engineering inspection services ensure the stability, durability, and compliance of buildings and infrastructure. Our key objectives include: Guaranteeing the structural integrity of new constructions, rehabilitations, and extensions, including steel structures. Preventing risks related to the strength and stability of civil engineering works. Ensuring compliance with building regulations and industry standards. Enhancing safety for users and occupants. Scope of Our Inspections We provide comprehensive inspection services for: Buildings &amp; Steel Structures Technical Installations: Plumbing, electricity, video surveillance. Infrastructure &amp; Special Structures: Bridges, masts, pylons, and other civil works. Fire Prevention &amp; Safety Compliance Our Services Design &amp; Engineering Review: Examination and approval of drawings, blueprints, and structural calculations. Construction Site Monitoring: On-site inspections to ensure quality, safety, and compliance throughout all phases. Project Management Support: Oversight during the design, execution, and handover phases. In-Use Structural Assessments: Evaluations and expertise for existing structures to ensure continued safety and compliance.<\/p>","protected":false},"author":1,"featured_media":3699,"parent":0,"menu_order":0,"comment_status":"closed","ping_status":"closed","template":"","meta":{"footnotes":""},"class_list":["post-3183","page","type-page","status-publish","has-post-thumbnail","hentry"],"_links":{"self":[{"href":"https:\/\/becacompany.com\/fr\/wp-json\/wp\/v2\/pages\/3183","targetHints":{"allow":["GET"]}}],"collection":[{"href":"https:\/\/becacompany.com\/fr\/wp-json\/wp\/v2\/pages"}],"about":[{"href":"https:\/\/becacompany.com\/fr\/wp-json\/wp\/v2\/types\/page"}],"author":[{"embeddable":true,"href":"https:\/\/becacompany.com\/fr\/wp-json\/wp\/v2\/users\/1"}],"replies":[{"embeddable":true,"href":"https:\/\/becacompany.com\/fr\/wp-json\/wp\/v2\/comments?post=3183"}],"version-history":[{"count":35,"href":"https:\/\/becacompany.com\/fr\/wp-json\/wp\/v2\/pages\/3183\/revisions"}],"predecessor-version":[{"id":6364,"href":"https:\/\/becacompany.com\/fr\/wp-json\/wp\/v2\/pages\/3183\/revisions\/6364"}],"wp:featuredmedia":[{"embeddable":true,"href":"https:\/\/becacompany.com\/fr\/wp-json\/wp\/v2\/media\/3699"}],"wp:attachment":[{"href":"https:\/\/becacompany.com\/fr\/wp-json\/wp\/v2\/media?parent=3183"}],"curies":[{"name":"wp","href":"https:\/\/api.w.org\/{rel}","templated":true}]}}