{"id":3194,"date":"2025-01-21T16:11:59","date_gmt":"2025-01-21T16:11:59","guid":{"rendered":"https:\/\/becacompany.ticgeek.com\/?page_id=3194"},"modified":"2025-05-29T17:36:36","modified_gmt":"2025-05-29T17:36:36","slug":"ours-mission-values","status":"publish","type":"page","link":"https:\/\/becacompany.com\/fr\/ours-mission-values\/","title":{"rendered":"Notre Mission et Nos Valeurs"},"content":{"rendered":"<div data-elementor-type=\"wp-page\" data-elementor-id=\"3194\" class=\"elementor elementor-3194\">\n\t\t\t\t<div class=\"elementor-element elementor-element-2844db5 e-con-full e-flex wpr-particle-no wpr-jarallax-no wpr-parallax-no wpr-sticky-section-no e-con e-parent\" data-id=\"2844db5\" data-element_type=\"container\">\n\t\t<div class=\"elementor-element elementor-element-0469842 e-con-full e-flex wpr-particle-no wpr-jarallax-no wpr-parallax-no wpr-sticky-section-no e-con e-child\" data-id=\"0469842\" data-element_type=\"container\">\n\t\t\t\t<div class=\"elementor-element elementor-element-6f31557 animated-slow elementor-view-default elementor-invisible elementor-widget elementor-widget-icon\" data-id=\"6f31557\" data-element_type=\"widget\" data-settings=\"{&quot;_animation&quot;:&quot;fadeIn&quot;}\" data-widget_type=\"icon.default\">\n\t\t\t\t<div class=\"elementor-widget-container\">\n\t\t\t\t\t\t\t<div class=\"elementor-icon-wrapper\">\n\t\t\t<div class=\"elementor-icon\">\n\t\t\t<svg aria-hidden=\"true\" class=\"e-font-icon-svg e-fas-hand-holding-heart\" viewbox=\"0 0 576 512\" xmlns=\"http:\/\/www.w3.org\/2000\/svg\"><path d=\"M275.3 250.5c7 7.4 18.4 7.4 25.5 0l108.9-114.2c31.6-33.2 29.8-88.2-5.6-118.8-30.8-26.7-76.7-21.9-104.9 7.7L288 36.9l-11.1-11.6C248.7-4.4 202.8-9.2 172 17.5c-35.3 30.6-37.2 85.6-5.6 118.8l108.9 114.2zm290 77.6c-11.8-10.7-30.2-10-42.6 0L430.3 402c-11.3 9.1-25.4 14-40 14H272c-8.8 0-16-7.2-16-16s7.2-16 16-16h78.3c15.9 0 30.7-10.9 33.3-26.6 3.3-20-12.1-37.4-31.6-37.4H192c-27 0-53.1 9.3-74.1 26.3L71.4 384H16c-8.8 0-16 7.2-16 16v96c0 8.8 7.2 16 16 16h356.8c14.5 0 28.6-4.9 40-14L564 377c15.2-12.1 16.4-35.3 1.3-48.9z\"><\/path><\/svg>\t\t\t<\/div>\n\t\t<\/div>\n\t\t\t\t\t\t<\/div>\n\t\t\t\t<\/div>\n\t\t\t\t<\/div>\n\t\t<div class=\"elementor-element elementor-element-588200e e-con-full e-flex wpr-particle-no wpr-jarallax-no wpr-parallax-no wpr-sticky-section-no e-con e-child\" data-id=\"588200e\" data-element_type=\"container\">\n\t\t\t\t<div class=\"elementor-element elementor-element-a5d03b7 animated-slow elementor-invisible elementor-widget elementor-widget-porto_ultimate_heading\" data-id=\"a5d03b7\" data-element_type=\"widget\" data-settings=\"{&quot;_animation&quot;:&quot;fadeIn&quot;}\" data-widget_type=\"porto_ultimate_heading.default\">\n\t\t\t\t<div class=\"elementor-widget-container\">\n\t\t\t\t\t<div class=\"porto-u-heading  porto-u-ad87e2eaf3f9c495180fe0156ddf3eb0\"><div class=\"porto-u-main-heading\"><h2   >NOTRE MISSION<\/h2><\/div><style>.porto-u-ad87e2eaf3f9c495180fe0156ddf3eb0.porto-u-heading{text-align:left}<\/style><\/div>\t\t\t\t<\/div>\n\t\t\t\t<\/div>\n\t\t\t\t<\/div>\n\t\t\t\t<\/div>\n\t\t<div class=\"elementor-element elementor-element-1051f6f e-flex e-con-boxed wpr-particle-no wpr-jarallax-no wpr-parallax-no wpr-sticky-section-no e-con e-parent\" data-id=\"1051f6f\" data-element_type=\"container\">\n\t\t\t\t\t<div class=\"e-con-inner\">\n\t\t\t\t<div class=\"elementor-element elementor-element-a619a04 animated-slow elementor-invisible elementor-widget elementor-widget-porto_ultimate_heading\" data-id=\"a619a04\" data-element_type=\"widget\" data-settings=\"{&quot;_animation&quot;:&quot;fadeIn&quot;}\" data-widget_type=\"porto_ultimate_heading.default\">\n\t\t\t\t<div class=\"elementor-widget-container\">\n\t\t\t\t\t<div class=\"porto-u-heading  porto-u-ad87e2eaf3f9c495180fe0156ddf3eb0\"><div class=\"porto-u-sub-heading\" style=\"\"><div class=\"wpb_text_column wpb_content_element\"><div class=\"wpb_wrapper\"><p>Cr\u00e9er un monde plus s\u00fbr et plus durable en proposant des solutions innovantes en mati\u00e8re d'inspection, d'essai et de certification, permettant aux industries de prosp\u00e9rer tout en prot\u00e9geant les personnes et la plan\u00e8te.<\/p><\/div><\/div><\/div><style>.porto-u-ad87e2eaf3f9c495180fe0156ddf3eb0.porto-u-heading{text-align:left}<\/style><\/div>\t\t\t\t<\/div>\n\t\t\t\t<\/div>\n\t\t\t\t\t<\/div>\n\t\t\t\t<\/div>\n\t\t<div class=\"elementor-element elementor-element-c96e384 e-flex e-con-boxed wpr-particle-no wpr-jarallax-no wpr-parallax-no wpr-sticky-section-no e-con e-parent\" data-id=\"c96e384\" data-element_type=\"container\">\n\t\t\t\t\t<div class=\"e-con-inner\">\n\t\t<div class=\"elementor-element elementor-element-a4234fb e-con-full animated-slow e-flex wpr-particle-no wpr-jarallax-no wpr-parallax-no wpr-sticky-section-no elementor-invisible e-con e-child\" data-id=\"a4234fb\" data-element_type=\"container\" data-settings=\"{&quot;animation&quot;:&quot;fadeIn&quot;}\">\n\t\t\t\t<div class=\"elementor-element elementor-element-df2f461 elementor-view-default elementor-invisible elementor-widget elementor-widget-icon\" data-id=\"df2f461\" data-element_type=\"widget\" data-settings=\"{&quot;_animation&quot;:&quot;fadeIn&quot;}\" data-widget_type=\"icon.default\">\n\t\t\t\t<div class=\"elementor-widget-container\">\n\t\t\t\t\t\t\t<div class=\"elementor-icon-wrapper\">\n\t\t\t<div class=\"elementor-icon\">\n\t\t\t<svg aria-hidden=\"true\" class=\"e-font-icon-svg e-fas-eye\" viewbox=\"0 0 576 512\" xmlns=\"http:\/\/www.w3.org\/2000\/svg\"><path d=\"M572.52 241.4C518.29 135.59 410.93 64 288 64S57.68 135.64 3.48 241.41a32.35 32.35 0 0 0 0 29.19C57.71 376.41 165.07 448 288 448s230.32-71.64 284.52-177.41a32.35 32.35 0 0 0 0-29.19zM288 400a144 144 0 1 1 144-144 143.93 143.93 0 0 1-144 144zm0-240a95.31 95.31 0 0 0-25.31 3.79 47.85 47.85 0 0 1-66.9 66.9A95.78 95.78 0 1 0 288 160z\"><\/path><\/svg>\t\t\t<\/div>\n\t\t<\/div>\n\t\t\t\t\t\t<\/div>\n\t\t\t\t<\/div>\n\t\t\t\t<\/div>\n\t\t<div class=\"elementor-element elementor-element-5975926 e-con-full e-flex wpr-particle-no wpr-jarallax-no wpr-parallax-no wpr-sticky-section-no e-con e-child\" data-id=\"5975926\" data-element_type=\"container\">\n\t\t\t\t<div class=\"elementor-element elementor-element-af6a624 animated-slow elementor-invisible elementor-widget elementor-widget-porto_ultimate_heading\" data-id=\"af6a624\" data-element_type=\"widget\" data-settings=\"{&quot;_animation&quot;:&quot;fadeIn&quot;}\" data-widget_type=\"porto_ultimate_heading.default\">\n\t\t\t\t<div class=\"elementor-widget-container\">\n\t\t\t\t\t<div class=\"porto-u-heading  porto-u-ad87e2eaf3f9c495180fe0156ddf3eb0\"><div class=\"porto-u-main-heading\"><h2   >\t NOTRE VISION ET NOS VALEURS<\/h2><\/div><style>.porto-u-ad87e2eaf3f9c495180fe0156ddf3eb0.porto-u-heading{text-align:left}<\/style><\/div>\t\t\t\t<\/div>\n\t\t\t\t<\/div>\n\t\t\t\t<\/div>\n\t\t\t\t\t<\/div>\n\t\t\t\t<\/div>\n\t\t<div class=\"elementor-element elementor-element-6e0ded2 e-flex e-con-boxed wpr-particle-no wpr-jarallax-no wpr-parallax-no wpr-sticky-section-no e-con e-parent\" data-id=\"6e0ded2\" data-element_type=\"container\">\n\t\t\t\t\t<div class=\"e-con-inner\">\n\t\t\t\t<div class=\"elementor-element elementor-element-e1cfe1c animated-slow elementor-invisible elementor-widget elementor-widget-porto_ultimate_heading\" data-id=\"e1cfe1c\" data-element_type=\"widget\" data-settings=\"{&quot;_animation&quot;:&quot;fadeIn&quot;}\" data-widget_type=\"porto_ultimate_heading.default\">\n\t\t\t\t<div class=\"elementor-widget-container\">\n\t\t\t\t\t<div class=\"porto-u-heading  porto-u-ad87e2eaf3f9c495180fe0156ddf3eb0\"><div class=\"porto-u-sub-heading\" style=\"\"><p>\u00c9tablir la norme mondiale d'excellence en mati\u00e8re d'assurance qualit\u00e9, en fournissant des solutions innovantes et durables qui favorisent la confiance et la r\u00e9ussite de nos clients et de nos communaut\u00e9s<\/p><p>Nos valeurs:<\/p><ul><li><b>La s\u00e9curit\u00e9<\/b> <i>Nous pensons que tous <\/i><i>les incidents<\/i><i>peuvent \u00eatre \u00e9vit\u00e9s. La s\u00e9curit\u00e9 est au c\u0153ur de chacune de nos d\u00e9cisions.<\/i><\/li><li><b>L'int\u00e9grit\u00e9<\/b> <i>Nous respectons les normes \u00e9thiques les plus \u00e9lev\u00e9es, garantissant la confiance et la transparence dans tout ce que nous faisons.<\/i><\/li><li><b>L'innovation<\/b> <i>Nous adoptons des solutions avant-gardistes, en investissant dans la technologie et la formation pour rester \u00e0 la pointe des exigences du secteur<\/i><\/li><li><b>Responsabilit\u00e9<\/b> <i>Nous prenons en charge chaque t\u00e2che et fournissons \u00e0 nos clients des services rentables et fiables.<\/i><\/li><li><b>Le d\u00e9veloppement durable<\/b> <i>Nous nous engageons \u00e0 minimiser l'impact sur l'environnement et \u00e0 favoriser une croissance \u00e0 long terme pour les g\u00e9n\u00e9rations futures.\n.<\/i><\/li><\/ul><\/div><style>.porto-u-ad87e2eaf3f9c495180fe0156ddf3eb0.porto-u-heading{text-align:left}<\/style><\/div>\t\t\t\t<\/div>\n\t\t\t\t<\/div>\n\t\t\t\t\t<\/div>\n\t\t\t\t<\/div>\n\t\t<div class=\"elementor-element elementor-element-7182e3f e-flex e-con-boxed wpr-particle-no wpr-jarallax-no wpr-parallax-no wpr-sticky-section-no e-con e-parent\" data-id=\"7182e3f\" data-element_type=\"container\">\n\t\t\t\t\t<div class=\"e-con-inner\">\n\t\t\t\t<div class=\"elementor-element elementor-element-46ef9f6 elementor-widget elementor-widget-spacer\" data-id=\"46ef9f6\" data-element_type=\"widget\" data-widget_type=\"spacer.default\">\n\t\t\t\t<div class=\"elementor-widget-container\">\n\t\t\t\t\t\t\t<div class=\"elementor-spacer\">\n\t\t\t<div class=\"elementor-spacer-inner\"><\/div>\n\t\t<\/div>\n\t\t\t\t\t\t<\/div>\n\t\t\t\t<\/div>\n\t\t\t\t<div class=\"elementor-element elementor-element-24a84c6 animated-slow elementor-invisible elementor-widget elementor-widget-image\" data-id=\"24a84c6\" data-element_type=\"widget\" data-settings=\"{&quot;_animation&quot;:&quot;pulse&quot;}\" data-widget_type=\"image.default\">\n\t\t\t\t<div class=\"elementor-widget-container\">\n\t\t\t\t\t\t\t\t\t\t\t\t\t\t\t<img fetchpriority=\"high\" decoding=\"async\" width=\"1024\" height=\"619\" src=\"https:\/\/becacompany.com\/wp-content\/uploads\/2025\/04\/valuo-francais.jpg\" class=\"attachment-large size-large wp-image-5054\" alt=\"\" srcset=\"https:\/\/becacompany.com\/wp-content\/uploads\/2025\/04\/valuo-francais.jpg 1024w, https:\/\/becacompany.com\/wp-content\/uploads\/2025\/04\/valuo-francais-768x464.jpg 768w, https:\/\/becacompany.com\/wp-content\/uploads\/2025\/04\/valuo-francais-640x387.jpg 640w, https:\/\/becacompany.com\/wp-content\/uploads\/2025\/04\/valuo-francais-400x242.jpg 400w, https:\/\/becacompany.com\/wp-content\/uploads\/2025\/04\/valuo-francais-367x222.jpg 367w\" sizes=\"(max-width: 1024px) 100vw, 1024px\" \/>\t\t\t\t\t\t\t\t\t\t\t\t\t\t\t<\/div>\n\t\t\t\t<\/div>\n\t\t\t\t<div class=\"elementor-element elementor-element-4de857d elementor-widget elementor-widget-spacer\" data-id=\"4de857d\" data-element_type=\"widget\" data-widget_type=\"spacer.default\">\n\t\t\t\t<div class=\"elementor-widget-container\">\n\t\t\t\t\t\t\t<div class=\"elementor-spacer\">\n\t\t\t<div class=\"elementor-spacer-inner\"><\/div>\n\t\t<\/div>\n\t\t\t\t\t\t<\/div>\n\t\t\t\t<\/div>\n\t\t\t\t\t<\/div>\n\t\t\t\t<\/div>\n\t\t<div class=\"elementor-element elementor-element-0c9d153 e-flex e-con-boxed wpr-particle-no wpr-jarallax-no wpr-parallax-no wpr-sticky-section-no e-con e-parent\" data-id=\"0c9d153\" data-element_type=\"container\">\n\t\t\t\t\t<div class=\"e-con-inner\">\n\t\t<div class=\"elementor-element elementor-element-1f5bc78 e-con-full animated-slow e-flex wpr-particle-no wpr-jarallax-no wpr-parallax-no wpr-sticky-section-no elementor-invisible e-con e-child\" data-id=\"1f5bc78\" data-element_type=\"container\" data-settings=\"{&quot;animation&quot;:&quot;fadeIn&quot;}\">\n\t\t\t\t<div class=\"elementor-element elementor-element-6eae5f2 elementor-view-default elementor-invisible elementor-widget elementor-widget-icon\" data-id=\"6eae5f2\" data-element_type=\"widget\" data-settings=\"{&quot;_animation&quot;:&quot;fadeIn&quot;}\" data-widget_type=\"icon.default\">\n\t\t\t\t<div class=\"elementor-widget-container\">\n\t\t\t\t\t\t\t<div class=\"elementor-icon-wrapper\">\n\t\t\t<div class=\"elementor-icon\">\n\t\t\t<svg aria-hidden=\"true\" class=\"e-font-icon-svg e-fas-check\" viewbox=\"0 0 512 512\" xmlns=\"http:\/\/www.w3.org\/2000\/svg\"><path d=\"M173.898 439.404l-166.4-166.4c-9.997-9.997-9.997-26.206 0-36.204l36.203-36.204c9.997-9.998 26.207-9.998 36.204 0L192 312.69 432.095 72.596c9.997-9.997 26.207-9.997 36.204 0l36.203 36.204c9.997 9.997 9.997 26.206 0 36.204l-294.4 294.401c-9.998 9.997-26.207 9.997-36.204-.001z\"><\/path><\/svg>\t\t\t<\/div>\n\t\t<\/div>\n\t\t\t\t\t\t<\/div>\n\t\t\t\t<\/div>\n\t\t\t\t<\/div>\n\t\t<div class=\"elementor-element elementor-element-d12edf8 e-con-full e-flex wpr-particle-no wpr-jarallax-no wpr-parallax-no wpr-sticky-section-no e-con e-child\" data-id=\"d12edf8\" data-element_type=\"container\">\n\t\t\t\t<div class=\"elementor-element elementor-element-bdba0cd animated-slow elementor-invisible elementor-widget elementor-widget-porto_ultimate_heading\" data-id=\"bdba0cd\" data-element_type=\"widget\" data-settings=\"{&quot;_animation&quot;:&quot;fadeIn&quot;}\" data-widget_type=\"porto_ultimate_heading.default\">\n\t\t\t\t<div class=\"elementor-widget-container\">\n\t\t\t\t\t<div class=\"porto-u-heading  porto-u-ad87e2eaf3f9c495180fe0156ddf3eb0\"><div class=\"porto-u-main-heading\"><h2   >Engagement en faveur de l'excellence<\/h2><\/div><style>.porto-u-ad87e2eaf3f9c495180fe0156ddf3eb0.porto-u-heading{text-align:left}<\/style><\/div>\t\t\t\t<\/div>\n\t\t\t\t<\/div>\n\t\t\t\t<\/div>\n\t\t\t\t\t<\/div>\n\t\t\t\t<\/div>\n\t\t<div class=\"elementor-element elementor-element-476cd5b e-flex e-con-boxed wpr-particle-no wpr-jarallax-no wpr-parallax-no wpr-sticky-section-no e-con e-parent\" data-id=\"476cd5b\" data-element_type=\"container\">\n\t\t\t\t\t<div class=\"e-con-inner\">\n\t\t\t\t<div class=\"elementor-element elementor-element-a13f31a animated-slow elementor-invisible elementor-widget elementor-widget-porto_ultimate_heading\" data-id=\"a13f31a\" data-element_type=\"widget\" data-settings=\"{&quot;_animation&quot;:&quot;fadeIn&quot;}\" data-widget_type=\"porto_ultimate_heading.default\">\n\t\t\t\t<div class=\"elementor-widget-container\">\n\t\t\t\t\t<div class=\"porto-u-heading  porto-u-ad87e2eaf3f9c495180fe0156ddf3eb0\"><div class=\"porto-u-sub-heading\" style=\"\"><p>\u00c0 BECA, nous nous engageons \u00e0 atteindre les normes les plus \u00e9lev\u00e9es en mati\u00e8re de <b>s\u00e9curit\u00e9<\/b>, <b>d'efficacit\u00e9<\/b>, et <b>d'efficience<\/b> dans tout ce que nous entreprenons. Cet engagement repose sur les principes suivants :<\/p><ul><li><b>Culture de la s\u00e9curit\u00e9 d'abord<\/b> Faire de la s\u00e9curit\u00e9 une valeur fondamentale dans toutes les op\u00e9rations afin de prot\u00e9ger notre personnel, nos clients et les communaut\u00e9s.<\/li><li><b>Des solutions sur mesure<\/b> : Obtenir des r\u00e9sultats optimaux en combinant des techniciens qualifi\u00e9s, des outils avanc\u00e9s et des proc\u00e9dures personnalis\u00e9es.<\/li><li><b>Productivit\u00e9 proactive<\/b> : Identifier les possibilit\u00e9s d'am\u00e9liorer la productivit\u00e9 tout en minimisant les temps d'arr\u00eat de l'\u00e9quipement du client.<\/li><li><b>Performance et gestion<\/b> Exploiter les indicateurs de niveau de service pour \u00e9valuer les performances et r\u00e9pondre aux besoins des clients par le biais de r\u00e9unions d'intendance r\u00e9guli\u00e8res.<\/li><\/ul><\/div><style>.porto-u-ad87e2eaf3f9c495180fe0156ddf3eb0.porto-u-heading{text-align:left}<\/style><\/div>\t\t\t\t<\/div>\n\t\t\t\t<\/div>\n\t\t\t\t\t<\/div>\n\t\t\t\t<\/div>\n\t\t\t\t<\/div>","protected":false},"excerpt":{"rendered":"<p>&nbsp; OUR MISSION To create a safer, more sustainable world by pioneering innovative solutions in inspection, testing, and certification, empowering industries to thrive while protecting people and the planet. &nbsp; OUR VISION &amp; VALUES To set the global standard for excellence in quality assurance, providing innovative and sustainable solutions that drive trust and success for our clients and communities. Our values: Safety: We believe all incidents are preventable. Safety is at the core of every decision we make. Integrity: We uphold the highest ethical standards, ensuring trust and transparency in all that we do. Innovation: We embrace forward-thinking solutions, investing in technology and training to stay ahead of industry demands.&#8221; Accountability: We take ownership of every task, delivering cost-effective and dependable services to our clients. Sustainability: We are committed to minimizing environmental impact and fostering long-term growth for future generations. Our Guiding Principles At BECA, we are committed to achieving the highest standards of safety, efficiency, and effectiveness in everything we do. This commitment is grounded in the following principles: Safety-First Culture: Embedding safety as a core value across all operations to protect our people, clients, and communities. Tailored Solutions: Delivering optimal results by combining skilled technicians, advanced tools, and customized procedures. Proactive Productivity: Identifying opportunities to enhance productivity while minimizing downtime for client equipment. Performance &amp; Stewardship: Leveraging \u201cService Level Metrics\u201d to assess performance and address client needs through regular \u201cStewardship Meetings.\u201d<\/p>","protected":false},"author":1,"featured_media":0,"parent":0,"menu_order":0,"comment_status":"closed","ping_status":"closed","template":"","meta":{"footnotes":""},"class_list":["post-3194","page","type-page","status-publish","hentry"],"_links":{"self":[{"href":"https:\/\/becacompany.com\/fr\/wp-json\/wp\/v2\/pages\/3194","targetHints":{"allow":["GET"]}}],"collection":[{"href":"https:\/\/becacompany.com\/fr\/wp-json\/wp\/v2\/pages"}],"about":[{"href":"https:\/\/becacompany.com\/fr\/wp-json\/wp\/v2\/types\/page"}],"author":[{"embeddable":true,"href":"https:\/\/becacompany.com\/fr\/wp-json\/wp\/v2\/users\/1"}],"replies":[{"embeddable":true,"href":"https:\/\/becacompany.com\/fr\/wp-json\/wp\/v2\/comments?post=3194"}],"version-history":[{"count":51,"href":"https:\/\/becacompany.com\/fr\/wp-json\/wp\/v2\/pages\/3194\/revisions"}],"predecessor-version":[{"id":6834,"href":"https:\/\/becacompany.com\/fr\/wp-json\/wp\/v2\/pages\/3194\/revisions\/6834"}],"wp:attachment":[{"href":"https:\/\/becacompany.com\/fr\/wp-json\/wp\/v2\/media?parent=3194"}],"curies":[{"name":"wp","href":"https:\/\/api.w.org\/{rel}","templated":true}]}}