{"id":3200,"date":"2025-01-21T16:13:57","date_gmt":"2025-01-21T16:13:57","guid":{"rendered":"https:\/\/becacompany.ticgeek.com\/?page_id=3200"},"modified":"2025-05-26T12:53:24","modified_gmt":"2025-05-26T12:53:24","slug":"accreditations","status":"publish","type":"page","link":"https:\/\/becacompany.com\/fr\/accreditations\/","title":{"rendered":"Accr\u00e9ditations"},"content":{"rendered":"<div data-elementor-type=\"wp-page\" data-elementor-id=\"3200\" class=\"elementor elementor-3200\">\n\t\t\t\t<div class=\"elementor-element elementor-element-d587d80 animated-slow e-flex e-con-boxed wpr-particle-no wpr-jarallax-no wpr-parallax-no wpr-sticky-section-no elementor-invisible e-con e-parent\" data-id=\"d587d80\" data-element_type=\"container\" data-settings=\"{&quot;animation&quot;:&quot;slideInUp&quot;}\">\n\t\t\t\t\t<div class=\"e-con-inner\">\n\t\t<div class=\"elementor-element elementor-element-6254ffe e-con-full e-flex wpr-particle-no wpr-jarallax-no wpr-parallax-no wpr-sticky-section-no e-con e-child\" data-id=\"6254ffe\" data-element_type=\"container\">\n\t\t\t\t<div class=\"elementor-element elementor-element-7cfb1cb animated-slow elementor-invisible elementor-widget elementor-widget-porto_ultimate_heading\" data-id=\"7cfb1cb\" data-element_type=\"widget\" data-settings=\"{&quot;_animation&quot;:&quot;slideInUp&quot;}\" data-widget_type=\"porto_ultimate_heading.default\">\n\t\t\t\t<div class=\"elementor-widget-container\">\n\t\t\t\t\t<div class=\"porto-u-heading  porto-u-ad87e2eaf3f9c495180fe0156ddf3eb0\"><div class=\"porto-u-main-heading\"><h2   >Certifi\u00e9 ISO 9001:2015<\/h2><\/div><div class=\"porto-u-sub-heading\" style=\"\"><h3>Au-del\u00e0 des bases de la qualit\u00e9<\/h3><p>La soci\u00e9t\u00e9 BECA. applique des normes strictes en mati\u00e8re d'assurance qualit\u00e9. Notre syst\u00e8me de gestion de la qualit\u00e9 garantit que nos services r\u00e9pondent constamment aux exigences des clients et aux exigences r\u00e9glementaires, en mettant l'accent sur l'am\u00e9lioration continue.<\/p><p>Les protocoles de BECA sont certifi\u00e9s conformes \u00e0 la norme ISO 9001:2015, la norme internationale pour les meilleures pratiques de gestion de la qualit\u00e9. Cette certification repr\u00e9sente une adh\u00e9sion stricte aux exigences de l'ISO et un engagement \u00e0 am\u00e9liorer la satisfaction du client.<\/p><\/div><style>.porto-u-ad87e2eaf3f9c495180fe0156ddf3eb0.porto-u-heading{text-align:left}<\/style><\/div>\t\t\t\t<\/div>\n\t\t\t\t<\/div>\n\t\t\t\t<\/div>\n\t\t<div class=\"elementor-element elementor-element-dd111ed e-con-full e-flex wpr-particle-no wpr-jarallax-no wpr-parallax-no wpr-sticky-section-no e-con e-child\" data-id=\"dd111ed\" data-element_type=\"container\">\n\t\t<div class=\"elementor-element elementor-element-83a26c7 e-con-full e-flex wpr-particle-no wpr-jarallax-no wpr-parallax-no wpr-sticky-section-no e-con e-child\" data-id=\"83a26c7\" data-element_type=\"container\">\n\t\t\t\t<div class=\"elementor-element elementor-element-a3350fe animated-slow elementor-invisible elementor-widget elementor-widget-image\" data-id=\"a3350fe\" data-element_type=\"widget\" data-settings=\"{&quot;_animation&quot;:&quot;fadeIn&quot;}\" data-widget_type=\"image.default\">\n\t\t\t\t<div class=\"elementor-widget-container\">\n\t\t\t\t\t\t\t\t\t\t\t\t\t\t\t<img fetchpriority=\"high\" decoding=\"async\" width=\"579\" height=\"500\" src=\"https:\/\/becacompany.com\/wp-content\/uploads\/2025\/01\/14100.png\" class=\"attachment-large size-large wp-image-3442\" alt=\"\" srcset=\"https:\/\/becacompany.com\/wp-content\/uploads\/2025\/01\/14100.png 579w, https:\/\/becacompany.com\/wp-content\/uploads\/2025\/01\/14100-400x345.png 400w, https:\/\/becacompany.com\/wp-content\/uploads\/2025\/01\/14100-367x317.png 367w\" sizes=\"(max-width: 579px) 100vw, 579px\" \/>\t\t\t\t\t\t\t\t\t\t\t\t\t\t\t<\/div>\n\t\t\t\t<\/div>\n\t\t\t\t<\/div>\n\t\t<div class=\"elementor-element elementor-element-dabdd50 e-con-full e-flex wpr-particle-no wpr-jarallax-no wpr-parallax-no wpr-sticky-section-no e-con e-child\" data-id=\"dabdd50\" data-element_type=\"container\">\n\t\t\t\t<div class=\"elementor-element elementor-element-7133fb8 animated-slow elementor-invisible elementor-widget elementor-widget-image\" data-id=\"7133fb8\" data-element_type=\"widget\" data-settings=\"{&quot;_animation&quot;:&quot;fadeIn&quot;}\" data-widget_type=\"image.default\">\n\t\t\t\t<div class=\"elementor-widget-container\">\n\t\t\t\t\t\t\t\t\t\t\t\t\t\t\t<img decoding=\"async\" width=\"744\" height=\"1024\" src=\"https:\/\/becacompany.com\/wp-content\/uploads\/2025\/01\/Certificat-QSE-1-744x1024-1.jpg\" class=\"attachment-large size-large wp-image-3443\" alt=\"\" srcset=\"https:\/\/becacompany.com\/wp-content\/uploads\/2025\/01\/Certificat-QSE-1-744x1024-1.jpg 744w, https:\/\/becacompany.com\/wp-content\/uploads\/2025\/01\/Certificat-QSE-1-744x1024-1-640x881.jpg 640w, https:\/\/becacompany.com\/wp-content\/uploads\/2025\/01\/Certificat-QSE-1-744x1024-1-400x551.jpg 400w, https:\/\/becacompany.com\/wp-content\/uploads\/2025\/01\/Certificat-QSE-1-744x1024-1-367x505.jpg 367w\" sizes=\"(max-width: 744px) 100vw, 744px\" \/>\t\t\t\t\t\t\t\t\t\t\t\t\t\t\t<\/div>\n\t\t\t\t<\/div>\n\t\t\t\t<\/div>\n\t\t\t\t<\/div>\n\t\t\t\t\t<\/div>\n\t\t\t\t<\/div>\n\t\t<div class=\"elementor-element elementor-element-b16424b e-flex e-con-boxed wpr-particle-no wpr-jarallax-no wpr-parallax-no wpr-sticky-section-no e-con e-parent\" data-id=\"b16424b\" data-element_type=\"container\">\n\t\t\t\t\t<div class=\"e-con-inner\">\n\t\t<div class=\"elementor-element elementor-element-3ee8b8e e-con-full e-flex wpr-particle-no wpr-jarallax-no wpr-parallax-no wpr-sticky-section-no e-con e-child\" data-id=\"3ee8b8e\" data-element_type=\"container\">\n\t\t\t\t<div class=\"elementor-element elementor-element-00b2c43 animated-slow elementor-invisible elementor-widget elementor-widget-porto_ultimate_heading\" data-id=\"00b2c43\" data-element_type=\"widget\" data-settings=\"{&quot;_animation&quot;:&quot;slideInUp&quot;}\" data-widget_type=\"porto_ultimate_heading.default\">\n\t\t\t\t<div class=\"elementor-widget-container\">\n\t\t\t\t\t<div class=\"porto-u-heading  porto-u-ad87e2eaf3f9c495180fe0156ddf3eb0\"><div class=\"porto-u-main-heading\"><h2   >Certifi\u00e9 ISO 14001:2015<\/h2><\/div><div class=\"porto-u-sub-heading\" style=\"\"><h3><strong>Nous croyons en la protection de l'environnement dans lequel nous travaillons et vivons.<\/strong><\/h3><p>Nous aidons nos clients \u00e0 att\u00e9nuer l'impact de leurs activit\u00e9s sur l'environnement et appliquons les m\u00eames principes dans nos propres processus<\/p><p>Ainsi, les protocoles BECA sont certifi\u00e9s conformes \u00e0 la norme ISO 14001:2015, la norme internationale qui sp\u00e9cifie les exigences pour un syst\u00e8me de gestion environnementale efficace. Elle fournit un cadre qu'une organisation peut suivre, plut\u00f4t que d'\u00e9tablir des exigences de performance environnementale.<\/p><\/div><style>.porto-u-ad87e2eaf3f9c495180fe0156ddf3eb0.porto-u-heading{text-align:left}<\/style><\/div>\t\t\t\t<\/div>\n\t\t\t\t<\/div>\n\t\t\t\t<\/div>\n\t\t<div class=\"elementor-element elementor-element-bae7146 e-con-full e-flex wpr-particle-no wpr-jarallax-no wpr-parallax-no wpr-sticky-section-no e-con e-child\" data-id=\"bae7146\" data-element_type=\"container\">\n\t\t<div class=\"elementor-element elementor-element-c2f4f28 e-con-full e-flex wpr-particle-no wpr-jarallax-no wpr-parallax-no wpr-sticky-section-no e-con e-child\" data-id=\"c2f4f28\" data-element_type=\"container\">\n\t\t\t\t<div class=\"elementor-element elementor-element-5e2902d animated-slow elementor-invisible elementor-widget elementor-widget-image\" data-id=\"5e2902d\" data-element_type=\"widget\" data-settings=\"{&quot;_animation&quot;:&quot;fadeIn&quot;}\" data-widget_type=\"image.default\">\n\t\t\t\t<div class=\"elementor-widget-container\">\n\t\t\t\t\t\t\t\t\t\t\t\t\t\t\t<img fetchpriority=\"high\" decoding=\"async\" width=\"579\" height=\"500\" src=\"https:\/\/becacompany.com\/wp-content\/uploads\/2025\/01\/14100.png\" class=\"attachment-large size-large wp-image-3442\" alt=\"\" srcset=\"https:\/\/becacompany.com\/wp-content\/uploads\/2025\/01\/14100.png 579w, https:\/\/becacompany.com\/wp-content\/uploads\/2025\/01\/14100-400x345.png 400w, https:\/\/becacompany.com\/wp-content\/uploads\/2025\/01\/14100-367x317.png 367w\" sizes=\"(max-width: 579px) 100vw, 579px\" \/>\t\t\t\t\t\t\t\t\t\t\t\t\t\t\t<\/div>\n\t\t\t\t<\/div>\n\t\t\t\t<\/div>\n\t\t<div class=\"elementor-element elementor-element-1c5160c e-con-full e-flex wpr-particle-no wpr-jarallax-no wpr-parallax-no wpr-sticky-section-no e-con e-child\" data-id=\"1c5160c\" data-element_type=\"container\">\n\t\t\t\t<div class=\"elementor-element elementor-element-36c0dc5 animated-slow elementor-invisible elementor-widget elementor-widget-image\" data-id=\"36c0dc5\" data-element_type=\"widget\" data-settings=\"{&quot;_animation&quot;:&quot;fadeIn&quot;}\" data-widget_type=\"image.default\">\n\t\t\t\t<div class=\"elementor-widget-container\">\n\t\t\t\t\t\t\t\t\t\t\t\t\t\t\t<img decoding=\"async\" width=\"744\" height=\"1024\" src=\"https:\/\/becacompany.com\/wp-content\/uploads\/2025\/01\/Certificat-QSE-1-744x1024-1.jpg\" class=\"attachment-large size-large wp-image-3443\" alt=\"\" srcset=\"https:\/\/becacompany.com\/wp-content\/uploads\/2025\/01\/Certificat-QSE-1-744x1024-1.jpg 744w, https:\/\/becacompany.com\/wp-content\/uploads\/2025\/01\/Certificat-QSE-1-744x1024-1-640x881.jpg 640w, https:\/\/becacompany.com\/wp-content\/uploads\/2025\/01\/Certificat-QSE-1-744x1024-1-400x551.jpg 400w, https:\/\/becacompany.com\/wp-content\/uploads\/2025\/01\/Certificat-QSE-1-744x1024-1-367x505.jpg 367w\" sizes=\"(max-width: 744px) 100vw, 744px\" \/>\t\t\t\t\t\t\t\t\t\t\t\t\t\t\t<\/div>\n\t\t\t\t<\/div>\n\t\t\t\t<\/div>\n\t\t\t\t<\/div>\n\t\t\t\t\t<\/div>\n\t\t\t\t<\/div>\n\t\t<div class=\"elementor-element elementor-element-71324ae e-flex e-con-boxed wpr-particle-no wpr-jarallax-no wpr-parallax-no wpr-sticky-section-no e-con e-parent\" data-id=\"71324ae\" data-element_type=\"container\">\n\t\t\t\t\t<div class=\"e-con-inner\">\n\t\t<div class=\"elementor-element elementor-element-0111acb e-con-full e-flex wpr-particle-no wpr-jarallax-no wpr-parallax-no wpr-sticky-section-no e-con e-child\" data-id=\"0111acb\" data-element_type=\"container\">\n\t\t<div class=\"elementor-element elementor-element-e4fd9d1 e-con-full e-flex wpr-particle-no wpr-jarallax-no wpr-parallax-no wpr-sticky-section-no e-con e-child\" data-id=\"e4fd9d1\" data-element_type=\"container\">\n\t\t<div class=\"elementor-element elementor-element-fab4cbf e-con-full e-flex wpr-particle-no wpr-jarallax-no wpr-parallax-no wpr-sticky-section-no e-con e-child\" data-id=\"fab4cbf\" data-element_type=\"container\">\n\t\t\t\t<div class=\"elementor-element elementor-element-715484d animated-slow elementor-invisible elementor-widget elementor-widget-porto_ultimate_heading\" data-id=\"715484d\" data-element_type=\"widget\" data-settings=\"{&quot;_animation&quot;:&quot;slideInUp&quot;}\" data-widget_type=\"porto_ultimate_heading.default\">\n\t\t\t\t<div class=\"elementor-widget-container\">\n\t\t\t\t\t<div class=\"porto-u-heading  porto-u-ad87e2eaf3f9c495180fe0156ddf3eb0\"><div class=\"porto-u-main-heading\"><h2   >Certifi\u00e9 ISO 45001:2018<\/h2><\/div><div class=\"porto-u-sub-heading\" style=\"\"><h3><strong>Notre engagement en mati\u00e8re de s\u00e9curit\u00e9<\/strong><\/h3><p>Chez B.E.C.A., nos employ\u00e9s travaillent quotidiennement dans des environnements difficiles, notamment en hauteur, dans des espaces confin\u00e9s, dans des zones de radiation, dans des conditions m\u00e9t\u00e9orologiques difficiles et dans des conditions de conduite dangereuses. Chaque site pr\u00e9sente des risques uniques, avec des r\u00e8gles et des syst\u00e8mes distincts qui requi\u00e8rent adaptabilit\u00e9 et vigilance.<\/p><p>Nous assumons l'enti\u00e8re responsabilit\u00e9 de la promotion d'une culture de la s\u00e9curit\u00e9, de l'\u00e9tablissement de normes de comportement et de la fourniture des outils n\u00e9cessaires \u00e0 la protection de nos employ\u00e9s et de vos activit\u00e9s.<\/p><p>Notre adh\u00e9sion \u00e0 la norme ISO 45001:2018, la norme internationale pour les syst\u00e8mes de gestion de la sant\u00e9 et de la s\u00e9curit\u00e9 au travail (SST), garantit que nous r\u00e9pondons aux crit\u00e8res de s\u00e9curit\u00e9 les plus \u00e9lev\u00e9s. Cette certification refl\u00e8te notre engagement en faveur du bien-\u00eatre des employ\u00e9s, de l'excellence op\u00e9rationnelle et de la fourniture de solutions plus s\u00fbres et plus fiables pour nos clients<\/p><\/div><style>.porto-u-ad87e2eaf3f9c495180fe0156ddf3eb0.porto-u-heading{text-align:left}<\/style><\/div>\t\t\t\t<\/div>\n\t\t\t\t<\/div>\n\t\t\t\t<\/div>\n\t\t\t\t<\/div>\n\t\t\t\t<\/div>\n\t\t<div class=\"elementor-element elementor-element-88b45bf e-con-full e-flex wpr-particle-no wpr-jarallax-no wpr-parallax-no wpr-sticky-section-no e-con e-child\" data-id=\"88b45bf\" data-element_type=\"container\">\n\t\t<div class=\"elementor-element elementor-element-00bcb11 e-con-full e-flex wpr-particle-no wpr-jarallax-no wpr-parallax-no wpr-sticky-section-no e-con e-child\" data-id=\"00bcb11\" data-element_type=\"container\">\n\t\t\t\t<div class=\"elementor-element elementor-element-054a4fa animated-slow elementor-invisible elementor-widget elementor-widget-image\" data-id=\"054a4fa\" data-element_type=\"widget\" data-settings=\"{&quot;_animation&quot;:&quot;fadeIn&quot;}\" data-widget_type=\"image.default\">\n\t\t\t\t<div class=\"elementor-widget-container\">\n\t\t\t\t\t\t\t\t\t\t\t\t\t\t\t<img fetchpriority=\"high\" decoding=\"async\" width=\"579\" height=\"500\" src=\"https:\/\/becacompany.com\/wp-content\/uploads\/2025\/01\/14100.png\" class=\"attachment-large size-large wp-image-3442\" alt=\"\" srcset=\"https:\/\/becacompany.com\/wp-content\/uploads\/2025\/01\/14100.png 579w, https:\/\/becacompany.com\/wp-content\/uploads\/2025\/01\/14100-400x345.png 400w, https:\/\/becacompany.com\/wp-content\/uploads\/2025\/01\/14100-367x317.png 367w\" sizes=\"(max-width: 579px) 100vw, 579px\" \/>\t\t\t\t\t\t\t\t\t\t\t\t\t\t\t<\/div>\n\t\t\t\t<\/div>\n\t\t\t\t<\/div>\n\t\t<div class=\"elementor-element elementor-element-8fc6c60 e-con-full e-flex wpr-particle-no wpr-jarallax-no wpr-parallax-no wpr-sticky-section-no e-con e-child\" data-id=\"8fc6c60\" data-element_type=\"container\">\n\t\t\t\t<div class=\"elementor-element elementor-element-f9927fe animated-slow elementor-invisible elementor-widget elementor-widget-image\" data-id=\"f9927fe\" data-element_type=\"widget\" data-settings=\"{&quot;_animation&quot;:&quot;fadeIn&quot;}\" data-widget_type=\"image.default\">\n\t\t\t\t<div class=\"elementor-widget-container\">\n\t\t\t\t\t\t\t\t\t\t\t\t\t\t\t<img decoding=\"async\" width=\"744\" height=\"1024\" src=\"https:\/\/becacompany.com\/wp-content\/uploads\/2025\/01\/Certificat-QSE-1-744x1024-1.jpg\" class=\"attachment-large size-large wp-image-3443\" alt=\"\" srcset=\"https:\/\/becacompany.com\/wp-content\/uploads\/2025\/01\/Certificat-QSE-1-744x1024-1.jpg 744w, https:\/\/becacompany.com\/wp-content\/uploads\/2025\/01\/Certificat-QSE-1-744x1024-1-640x881.jpg 640w, https:\/\/becacompany.com\/wp-content\/uploads\/2025\/01\/Certificat-QSE-1-744x1024-1-400x551.jpg 400w, https:\/\/becacompany.com\/wp-content\/uploads\/2025\/01\/Certificat-QSE-1-744x1024-1-367x505.jpg 367w\" sizes=\"(max-width: 744px) 100vw, 744px\" \/>\t\t\t\t\t\t\t\t\t\t\t\t\t\t\t<\/div>\n\t\t\t\t<\/div>\n\t\t\t\t<\/div>\n\t\t\t\t<\/div>\n\t\t\t\t\t<\/div>\n\t\t\t\t<\/div>\n\t\t<div class=\"elementor-element elementor-element-9146ce6 e-flex e-con-boxed wpr-particle-no wpr-jarallax-no wpr-parallax-no wpr-sticky-section-no e-con e-parent\" data-id=\"9146ce6\" data-element_type=\"container\">\n\t\t\t\t\t<div class=\"e-con-inner\">\n\t\t<div class=\"elementor-element elementor-element-aeb103b e-con-full e-flex wpr-particle-no wpr-jarallax-no wpr-parallax-no wpr-sticky-section-no e-con e-child\" data-id=\"aeb103b\" data-element_type=\"container\">\n\t\t\t\t<div class=\"elementor-element elementor-element-3fe4b19 animated-slow elementor-invisible elementor-widget elementor-widget-porto_ultimate_heading\" data-id=\"3fe4b19\" data-element_type=\"widget\" data-settings=\"{&quot;_animation&quot;:&quot;slideInUp&quot;}\" data-widget_type=\"porto_ultimate_heading.default\">\n\t\t\t\t<div class=\"elementor-widget-container\">\n\t\t\t\t\t<div class=\"porto-u-heading  porto-u-ad87e2eaf3f9c495180fe0156ddf3eb0\"><div class=\"porto-u-main-heading\"><h2   >Certifi\u00e9 ISO 17020:2018<\/h2><\/div><div class=\"porto-u-sub-heading\" style=\"\"><p>Le Conseil tunisien d'accr\u00e9ditation (TUNAC) est l'organisme national d'accr\u00e9ditation de la Tunisie, qui veille au respect des normes internationales. En tant que signataire d'accords mondiaux tels que l'ILAC et l'IAF, TUNAC garantit la cr\u00e9dibilit\u00e9 des organismes accr\u00e9dit\u00e9s.<\/p><p>Pour B.E.C.A, l'accr\u00e9ditation TUNAC souligne notre engagement \u00e0 fournir des services fiables qui r\u00e9pondent aux normes internationales de qualit\u00e9 et de s\u00e9curit\u00e9.<\/p><\/div><style>.porto-u-ad87e2eaf3f9c495180fe0156ddf3eb0.porto-u-heading{text-align:left}<\/style><\/div>\t\t\t\t<\/div>\n\t\t\t\t<\/div>\n\t\t\t\t<\/div>\n\t\t<div class=\"elementor-element elementor-element-70af129 e-con-full e-flex wpr-particle-no wpr-jarallax-no wpr-parallax-no wpr-sticky-section-no e-con e-child\" data-id=\"70af129\" data-element_type=\"container\">\n\t\t<div class=\"elementor-element elementor-element-09580da e-con-full e-flex wpr-particle-no wpr-jarallax-no wpr-parallax-no wpr-sticky-section-no e-con e-child\" data-id=\"09580da\" data-element_type=\"container\">\n\t\t\t\t<div class=\"elementor-element elementor-element-06e2277 animated-slow elementor-invisible elementor-widget elementor-widget-image\" data-id=\"06e2277\" data-element_type=\"widget\" data-settings=\"{&quot;_animation&quot;:&quot;fadeIn&quot;}\" data-widget_type=\"image.default\">\n\t\t\t\t<div class=\"elementor-widget-container\">\n\t\t\t\t\t\t\t\t\t\t\t\t\t\t\t<img decoding=\"async\" width=\"725\" height=\"1024\" src=\"https:\/\/becacompany.com\/wp-content\/uploads\/2025\/01\/Accreditation-1-725x1024-1.jpg\" class=\"attachment-large size-large wp-image-3447\" alt=\"\" srcset=\"https:\/\/becacompany.com\/wp-content\/uploads\/2025\/01\/Accreditation-1-725x1024-1.jpg 725w, https:\/\/becacompany.com\/wp-content\/uploads\/2025\/01\/Accreditation-1-725x1024-1-640x904.jpg 640w, https:\/\/becacompany.com\/wp-content\/uploads\/2025\/01\/Accreditation-1-725x1024-1-400x565.jpg 400w, https:\/\/becacompany.com\/wp-content\/uploads\/2025\/01\/Accreditation-1-725x1024-1-367x518.jpg 367w\" sizes=\"(max-width: 725px) 100vw, 725px\" \/>\t\t\t\t\t\t\t\t\t\t\t\t\t\t\t<\/div>\n\t\t\t\t<\/div>\n\t\t\t\t<\/div>\n\t\t<div class=\"elementor-element elementor-element-fa08a30 e-con-full e-flex wpr-particle-no wpr-jarallax-no wpr-parallax-no wpr-sticky-section-no e-con e-child\" data-id=\"fa08a30\" data-element_type=\"container\">\n\t\t\t\t<div class=\"elementor-element elementor-element-130f36b animated-slow elementor-invisible elementor-widget elementor-widget-image\" data-id=\"130f36b\" data-element_type=\"widget\" data-settings=\"{&quot;_animation&quot;:&quot;fadeIn&quot;}\" data-widget_type=\"image.default\">\n\t\t\t\t<div class=\"elementor-widget-container\">\n\t\t\t\t\t\t\t\t\t\t\t\t\t\t\t<img loading=\"lazy\" decoding=\"async\" width=\"194\" height=\"256\" src=\"https:\/\/becacompany.com\/wp-content\/uploads\/2025\/01\/images.png\" class=\"attachment-large size-large wp-image-3448\" alt=\"\" \/>\t\t\t\t\t\t\t\t\t\t\t\t\t\t\t<\/div>\n\t\t\t\t<\/div>\n\t\t\t\t<\/div>\n\t\t\t\t<\/div>\n\t\t\t\t\t<\/div>\n\t\t\t\t<\/div>\n\t\t\t\t<\/div>","protected":false},"excerpt":{"rendered":"<p>ISO 9001:2015 Certified Beyond the foundation for quality BECA Company upholds stringent quality assurance standards. Our Quality Management System ensures that our services consistently meet customer and regulatory requirements, emphasizing continuous improvement. BECA protocols are certified compliant with ISO Standard 9001:2015, the international standard for quality management best practices. This certification represents a strict adherence to ISO requirements and a commitment to enhancing client satisfaction. ISO 14001:2015 Certified We believe in protecting the environment in which we work and live We help clients prevent environmental impacts from their operations, while we do the same with our own. Thus, BECA protocols are certified compliant with ISO Standard 14001:2015, the international standard that specifies requirements for an effective environmental management system . It provides a framework that an organization can follow, rather than establishing environmental performance requirements. ISO 45001:2018 Certified Our Commitment to Safety At BECA, our employees operate daily in challenging environments, including heights, confined spaces, radiation zones, harsh weather, and hazardous driving conditions. Each site presents unique risks, with distinct rules and systems that require adaptability and vigilance. We take full responsibility for fostering a safety-first culture, establishing behavioral standards, and providing the necessary tools to safeguard our employees and protect your operations. Our adherence to ISO 45001:2018, the international standard for occupational health and safety (OH&amp;S) management systems, ensures that we meet the highest safety benchmarks. This certification reflects our commitment to employee well-being, operational excellence, and delivering safer, more reliable solutions for our clients ISO 17020:2018 Certified The Tunisian Accreditation Council (TUNAC) is Tunisia\u2019s national accreditation body, ensuring compliance with international standards. As a signatory of global agreements like ILAC and IAF, TUNAC guarantees the credibility of accredited bodies. For BECA, TUNAC accreditation reflects our commitment to delivering reliable services aligned with the highest international benchmarks.<\/p>","protected":false},"author":1,"featured_media":0,"parent":0,"menu_order":0,"comment_status":"closed","ping_status":"closed","template":"","meta":{"footnotes":""},"class_list":["post-3200","page","type-page","status-publish","hentry"],"_links":{"self":[{"href":"https:\/\/becacompany.com\/fr\/wp-json\/wp\/v2\/pages\/3200","targetHints":{"allow":["GET"]}}],"collection":[{"href":"https:\/\/becacompany.com\/fr\/wp-json\/wp\/v2\/pages"}],"about":[{"href":"https:\/\/becacompany.com\/fr\/wp-json\/wp\/v2\/types\/page"}],"author":[{"embeddable":true,"href":"https:\/\/becacompany.com\/fr\/wp-json\/wp\/v2\/users\/1"}],"replies":[{"embeddable":true,"href":"https:\/\/becacompany.com\/fr\/wp-json\/wp\/v2\/comments?post=3200"}],"version-history":[{"count":49,"href":"https:\/\/becacompany.com\/fr\/wp-json\/wp\/v2\/pages\/3200\/revisions"}],"predecessor-version":[{"id":6498,"href":"https:\/\/becacompany.com\/fr\/wp-json\/wp\/v2\/pages\/3200\/revisions\/6498"}],"wp:attachment":[{"href":"https:\/\/becacompany.com\/fr\/wp-json\/wp\/v2\/media?parent=3200"}],"curies":[{"name":"wp","href":"https:\/\/api.w.org\/{rel}","templated":true}]}}