{"id":3203,"date":"2025-01-21T16:14:51","date_gmt":"2025-01-21T16:14:51","guid":{"rendered":"https:\/\/becacompany.ticgeek.com\/?page_id=3203"},"modified":"2025-04-22T22:18:11","modified_gmt":"2025-04-22T22:18:11","slug":"memberships-affiliations","status":"publish","type":"page","link":"https:\/\/becacompany.com\/fr\/memberships-affiliations\/","title":{"rendered":"Adh\u00e9sions et Partenariats"},"content":{"rendered":"<div data-elementor-type=\"wp-page\" data-elementor-id=\"3203\" class=\"elementor elementor-3203\">\n\t\t\t\t<div class=\"elementor-element elementor-element-b6803e8 animated-slow e-flex e-con-boxed wpr-particle-no wpr-jarallax-no wpr-parallax-no wpr-sticky-section-no elementor-invisible e-con e-parent\" data-id=\"b6803e8\" data-element_type=\"container\" data-settings=\"{&quot;animation&quot;:&quot;slideInUp&quot;}\">\n\t\t\t\t\t<div class=\"e-con-inner\">\n\t\t<div class=\"elementor-element elementor-element-6a9ee18 e-con-full e-flex wpr-particle-no wpr-jarallax-no wpr-parallax-no wpr-sticky-section-no e-con e-child\" data-id=\"6a9ee18\" data-element_type=\"container\">\n\t\t\t\t<div class=\"elementor-element elementor-element-e9be1ca elementor-widget elementor-widget-image\" data-id=\"e9be1ca\" data-element_type=\"widget\" data-widget_type=\"image.default\">\n\t\t\t\t<div class=\"elementor-widget-container\">\n\t\t\t\t\t\t\t\t\t\t\t\t\t\t\t<img fetchpriority=\"high\" decoding=\"async\" width=\"480\" height=\"508\" src=\"https:\/\/becacompany.com\/wp-content\/uploads\/2025\/01\/149773_115306-leea_announces_free_safe_lifting_seminar_.jpg\" class=\"attachment-large size-large wp-image-3464\" alt=\"\" srcset=\"https:\/\/becacompany.com\/wp-content\/uploads\/2025\/01\/149773_115306-leea_announces_free_safe_lifting_seminar_.jpg 480w, https:\/\/becacompany.com\/wp-content\/uploads\/2025\/01\/149773_115306-leea_announces_free_safe_lifting_seminar_-400x423.jpg 400w, https:\/\/becacompany.com\/wp-content\/uploads\/2025\/01\/149773_115306-leea_announces_free_safe_lifting_seminar_-367x388.jpg 367w\" sizes=\"(max-width: 480px) 100vw, 480px\" \/>\t\t\t\t\t\t\t\t\t\t\t\t\t\t\t<\/div>\n\t\t\t\t<\/div>\n\t\t\t\t<\/div>\n\t\t<div class=\"elementor-element elementor-element-2068e9f e-con-full e-flex wpr-particle-no wpr-jarallax-no wpr-parallax-no wpr-sticky-section-no e-con e-child\" data-id=\"2068e9f\" data-element_type=\"container\">\n\t\t\t\t<div class=\"elementor-element elementor-element-f9b6231 elementor-widget elementor-widget-porto_ultimate_heading\" data-id=\"f9b6231\" data-element_type=\"widget\" data-widget_type=\"porto_ultimate_heading.default\">\n\t\t\t\t<div class=\"elementor-widget-container\">\n\t\t\t\t\t<div class=\"porto-u-heading  porto-u-55ca8359258f9a412be7e73af65d2aac\"><div class=\"porto-u-sub-heading\" style=\"\"><p><strong>BECA<\/strong> est membre de la Lifting Equipment Engineers Association (LEEA), qui est reconnue \u00e0 l'\u00e9chelle mondiale comme l'organisme repr\u00e9sentatif principal pour tous les professionnels impliqu\u00e9s dans l'industrie du levage<\/p><\/div><style>.porto-u-55ca8359258f9a412be7e73af65d2aac.porto-u-heading{text-align:center}<\/style><\/div>\t\t\t\t<\/div>\n\t\t\t\t<\/div>\n\t\t\t\t<\/div>\n\t\t<div class=\"elementor-element elementor-element-60b7c05 e-con-full e-flex wpr-particle-no wpr-jarallax-no wpr-parallax-no wpr-sticky-section-no e-con e-child\" data-id=\"60b7c05\" data-element_type=\"container\">\n\t\t\t\t<div class=\"elementor-element elementor-element-e7d81c1 animated-slow elementor-invisible elementor-widget elementor-widget-image\" data-id=\"e7d81c1\" data-element_type=\"widget\" data-settings=\"{&quot;_animation&quot;:&quot;fadeIn&quot;}\" data-widget_type=\"image.default\">\n\t\t\t\t<div class=\"elementor-widget-container\">\n\t\t\t\t\t\t\t\t\t\t\t\t\t\t\t<img decoding=\"async\" width=\"193\" height=\"271\" src=\"https:\/\/becacompany.com\/wp-content\/uploads\/2025\/01\/Screen-Shot-2019-12-12-at-7.59.24-AM-1.png\" class=\"attachment-large size-large wp-image-3466\" alt=\"\" \/>\t\t\t\t\t\t\t\t\t\t\t\t\t\t\t<\/div>\n\t\t\t\t<\/div>\n\t\t\t\t<\/div>\n\t\t\t\t\t<\/div>\n\t\t\t\t<\/div>\n\t\t<div class=\"elementor-element elementor-element-3d9d5c5 animated-slow e-flex e-con-boxed wpr-particle-no wpr-jarallax-no wpr-parallax-no wpr-sticky-section-no elementor-invisible e-con e-parent\" data-id=\"3d9d5c5\" data-element_type=\"container\" data-settings=\"{&quot;animation&quot;:&quot;slideInUp&quot;}\">\n\t\t\t\t\t<div class=\"e-con-inner\">\n\t\t<div class=\"elementor-element elementor-element-ac412be e-con-full e-flex wpr-particle-no wpr-jarallax-no wpr-parallax-no wpr-sticky-section-no e-con e-child\" data-id=\"ac412be\" data-element_type=\"container\">\n\t\t\t\t<div class=\"elementor-element elementor-element-f33c02a elementor-widget elementor-widget-image\" data-id=\"f33c02a\" data-element_type=\"widget\" data-widget_type=\"image.default\">\n\t\t\t\t<div class=\"elementor-widget-container\">\n\t\t\t\t\t\t\t\t\t\t\t\t\t\t\t<img decoding=\"async\" width=\"200\" height=\"200\" src=\"https:\/\/becacompany.com\/wp-content\/uploads\/2025\/01\/0.png\" class=\"attachment-large size-large wp-image-3467\" alt=\"\" \/>\t\t\t\t\t\t\t\t\t\t\t\t\t\t\t<\/div>\n\t\t\t\t<\/div>\n\t\t\t\t<\/div>\n\t\t<div class=\"elementor-element elementor-element-fc8a5ad e-con-full e-flex wpr-particle-no wpr-jarallax-no wpr-parallax-no wpr-sticky-section-no e-con e-child\" data-id=\"fc8a5ad\" data-element_type=\"container\">\n\t\t\t\t<div class=\"elementor-element elementor-element-00511f3 elementor-widget elementor-widget-porto_ultimate_heading\" data-id=\"00511f3\" data-element_type=\"widget\" data-widget_type=\"porto_ultimate_heading.default\">\n\t\t\t\t<div class=\"elementor-widget-container\">\n\t\t\t\t\t<div class=\"porto-u-heading  porto-u-55ca8359258f9a412be7e73af65d2aac\"><div class=\"porto-u-sub-heading\" style=\"\"><p><strong>BECA<\/strong>\u00a0est membre corporatif de l'ASNT, la principale soci\u00e9t\u00e9 technique d\u00e9di\u00e9e \u00e0 l'avancement des professionnels  des essais non destructifs.<\/p><\/div><style>.porto-u-55ca8359258f9a412be7e73af65d2aac.porto-u-heading{text-align:center}<\/style><\/div>\t\t\t\t<\/div>\n\t\t\t\t<\/div>\n\t\t\t\t<\/div>\n\t\t<div class=\"elementor-element elementor-element-5b13a41 e-con-full e-flex wpr-particle-no wpr-jarallax-no wpr-parallax-no wpr-sticky-section-no e-con e-child\" data-id=\"5b13a41\" data-element_type=\"container\">\n\t\t\t\t<div class=\"elementor-element elementor-element-78a2cb3 animated-slow elementor-invisible elementor-widget elementor-widget-image\" data-id=\"78a2cb3\" data-element_type=\"widget\" data-settings=\"{&quot;_animation&quot;:&quot;fadeIn&quot;}\" data-widget_type=\"image.default\">\n\t\t\t\t<div class=\"elementor-widget-container\">\n\t\t\t\t\t\t\t\t\t\t\t\t\t\t\t<img decoding=\"async\" width=\"193\" height=\"271\" src=\"https:\/\/becacompany.com\/wp-content\/uploads\/2025\/01\/Screen-Shot-2019-12-12-at-7.59.24-AM-1.png\" class=\"attachment-large size-large wp-image-3466\" alt=\"\" \/>\t\t\t\t\t\t\t\t\t\t\t\t\t\t\t<\/div>\n\t\t\t\t<\/div>\n\t\t\t\t<\/div>\n\t\t\t\t\t<\/div>\n\t\t\t\t<\/div>\n\t\t\t\t<\/div>","protected":false},"excerpt":{"rendered":"<p>BECA is a member of The Lifting Equipment Engineers Association (LEEA) which is globally recognized as the leading representative body for all professionals involved in the lifting industry. BECA\u00a0is a Corporate Member of ASNT , the leading technical society dedicated to the advancement of nondestructive testing professionals<\/p>","protected":false},"author":1,"featured_media":0,"parent":0,"menu_order":0,"comment_status":"closed","ping_status":"closed","template":"","meta":{"footnotes":""},"class_list":["post-3203","page","type-page","status-publish","hentry"],"_links":{"self":[{"href":"https:\/\/becacompany.com\/fr\/wp-json\/wp\/v2\/pages\/3203","targetHints":{"allow":["GET"]}}],"collection":[{"href":"https:\/\/becacompany.com\/fr\/wp-json\/wp\/v2\/pages"}],"about":[{"href":"https:\/\/becacompany.com\/fr\/wp-json\/wp\/v2\/types\/page"}],"author":[{"embeddable":true,"href":"https:\/\/becacompany.com\/fr\/wp-json\/wp\/v2\/users\/1"}],"replies":[{"embeddable":true,"href":"https:\/\/becacompany.com\/fr\/wp-json\/wp\/v2\/comments?post=3203"}],"version-history":[{"count":20,"href":"https:\/\/becacompany.com\/fr\/wp-json\/wp\/v2\/pages\/3203\/revisions"}],"predecessor-version":[{"id":5189,"href":"https:\/\/becacompany.com\/fr\/wp-json\/wp\/v2\/pages\/3203\/revisions\/5189"}],"wp:attachment":[{"href":"https:\/\/becacompany.com\/fr\/wp-json\/wp\/v2\/media?parent=3203"}],"curies":[{"name":"wp","href":"https:\/\/api.w.org\/{rel}","templated":true}]}}