{"id":3206,"date":"2025-01-21T16:15:40","date_gmt":"2025-01-21T16:15:40","guid":{"rendered":"https:\/\/becacompany.ticgeek.com\/?page_id=3206"},"modified":"2025-05-14T15:55:04","modified_gmt":"2025-05-14T15:55:04","slug":"ethics-compliance","status":"publish","type":"page","link":"https:\/\/becacompany.com\/fr\/ethics-compliance\/","title":{"rendered":"\u00c9thique et conformit\u00e9"},"content":{"rendered":"<div data-elementor-type=\"wp-page\" data-elementor-id=\"3206\" class=\"elementor elementor-3206\">\n\t\t\t\t<div class=\"elementor-element elementor-element-ce9a995 animated-slow e-flex e-con-boxed wpr-particle-no wpr-jarallax-no wpr-parallax-no wpr-sticky-section-no elementor-invisible e-con e-parent\" data-id=\"ce9a995\" data-element_type=\"container\" data-settings=\"{&quot;animation&quot;:&quot;slideInUp&quot;}\">\n\t\t\t\t\t<div class=\"e-con-inner\">\n\t\t\t\t<div class=\"elementor-element elementor-element-bfc7d4a elementor-widget elementor-widget-porto_ultimate_heading\" data-id=\"bfc7d4a\" data-element_type=\"widget\" data-widget_type=\"porto_ultimate_heading.default\">\n\t\t\t\t<div class=\"elementor-widget-container\">\n\t\t\t\t\t<div class=\"porto-u-heading  porto-u-ad87e2eaf3f9c495180fe0156ddf3eb0\"><div class=\"porto-u-sub-heading\" style=\"\"><h2><strong>L'\u00e9thique a BECA<\/strong><\/h2><p>\u00c0 BECA, les clients sont au c\u0153ur de tout ce que nous faisons. Notre forte culture \u00e9thique, ancr\u00e9e dans la bonne fa\u00e7on de faire des affaires, garantit que les employ\u00e9s peuvent travailler avec int\u00e9grit\u00e9 et sans compromettre leurs valeurs. Nous nous engageons \u00e0 instaurer la confiance et \u00e0 mener nos activit\u00e9s de mani\u00e8re responsable, \u00e0 l'\u00e9chelle mondiale.<\/p><p>L'\u00e9quipe charg\u00e9e de l'\u00e9thique et de la conformit\u00e9 rend compte directement au comit\u00e9 d'audit du conseil d'administration de la BECA. Cette structure permet \u00e0 l'\u00e9quipe d'agir de mani\u00e8re ind\u00e9pendante en cas de probl\u00e8me, ce qui garantit la transparence et la responsabilit\u00e9.<\/p><\/div><style>.porto-u-ad87e2eaf3f9c495180fe0156ddf3eb0.porto-u-heading{text-align:left}<\/style><\/div>\t\t\t\t<\/div>\n\t\t\t\t<\/div>\n\t\t\t\t<div class=\"elementor-element elementor-element-50c72ec elementor-widget elementor-widget-spacer\" data-id=\"50c72ec\" data-element_type=\"widget\" data-widget_type=\"spacer.default\">\n\t\t\t\t<div class=\"elementor-widget-container\">\n\t\t\t\t\t\t\t<div class=\"elementor-spacer\">\n\t\t\t<div class=\"elementor-spacer-inner\"><\/div>\n\t\t<\/div>\n\t\t\t\t\t\t<\/div>\n\t\t\t\t<\/div>\n\t\t\t\t\t<\/div>\n\t\t\t\t<\/div>\n\t\t<div class=\"elementor-element elementor-element-e93b80c animated-slow e-flex e-con-boxed wpr-particle-no wpr-jarallax-no wpr-parallax-no wpr-sticky-section-no elementor-invisible e-con e-parent\" data-id=\"e93b80c\" data-element_type=\"container\" data-settings=\"{&quot;animation&quot;:&quot;slideInUp&quot;}\">\n\t\t\t\t\t<div class=\"e-con-inner\">\n\t\t<div data-plugin-parallax=\"\" data-plugin-options=\"{&quot;speed&quot;: 1.5}\" class=\"elementor-element elementor-element-85fd317 e-con-full e-flex wpr-particle-no wpr-jarallax-no wpr-parallax-no wpr-sticky-section-no e-con e-child\" data-id=\"85fd317\" data-element_type=\"container\" data-settings=\"{&quot;background_background&quot;:&quot;classic&quot;}\">\n\t\t\t\t<\/div>\n\t\t<div class=\"elementor-element elementor-element-a764ad9 e-con-full e-flex wpr-particle-no wpr-jarallax-no wpr-parallax-no wpr-sticky-section-no e-con e-child\" data-id=\"a764ad9\" data-element_type=\"container\">\n\t\t\t\t<div class=\"elementor-element elementor-element-f352d4a ml-lg-5 elementor-widget__width-initial elementor-widget elementor-widget-porto_ultimate_heading\" data-id=\"f352d4a\" data-element_type=\"widget\" data-widget_type=\"porto_ultimate_heading.default\">\n\t\t\t\t<div class=\"elementor-widget-container\">\n\t\t\t\t\t<div class=\"porto-u-heading  porto-u-ad87e2eaf3f9c495180fe0156ddf3eb0\"><div class=\"porto-u-main-heading\"><h3    style=\"margin-bottom: 16px;\">Notre Code de Conduite<\/h3><\/div><div class=\"porto-u-sub-heading\" style=\"\"><p>Notre code de conduite est le fondement de notre engagement \u00e0 agir avec int\u00e9grit\u00e9. Il d\u00e9crit les principes fondamentaux de l'entreprise et d\u00e9finit les attentes globales de tous les employ\u00e9s de BECA :<\/p><p><b>Ces principes sont les suivants :<\/b><\/p><p>Soyez honn\u00eate \/Soyez loyaux \/Soyez pr\u00e9cis\/Soyez respectueux<\/p><\/div><style>.porto-u-ad87e2eaf3f9c495180fe0156ddf3eb0.porto-u-heading{text-align:left}<\/style><\/div>\t\t\t\t<\/div>\n\t\t\t\t<\/div>\n\t\t\t\t<\/div>\n\t\t\t\t\t<\/div>\n\t\t\t\t<\/div>\n\t\t<div class=\"elementor-element elementor-element-5283599 animated-slow e-flex e-con-boxed wpr-particle-no wpr-jarallax-no wpr-parallax-no wpr-sticky-section-no elementor-invisible e-con e-parent\" data-id=\"5283599\" data-element_type=\"container\" data-settings=\"{&quot;animation&quot;:&quot;slideInUp&quot;}\">\n\t\t\t\t\t<div class=\"e-con-inner\">\n\t\t<div class=\"elementor-element elementor-element-38eddf1 e-con-full e-flex wpr-particle-no wpr-jarallax-no wpr-parallax-no wpr-sticky-section-no e-con e-child\" data-id=\"38eddf1\" data-element_type=\"container\">\n\t\t<div class=\"elementor-element elementor-element-57d855f e-con-full e-flex wpr-particle-no wpr-jarallax-no wpr-parallax-no wpr-sticky-section-no e-con e-child\" data-id=\"57d855f\" data-element_type=\"container\">\n\t\t\t\t<div class=\"elementor-element elementor-element-1822d3b ml-lg-5 elementor-widget__width-initial elementor-widget elementor-widget-porto_ultimate_heading\" data-id=\"1822d3b\" data-element_type=\"widget\" data-widget_type=\"porto_ultimate_heading.default\">\n\t\t\t\t<div class=\"elementor-widget-container\">\n\t\t\t\t\t<div class=\"porto-u-heading  porto-u-ad87e2eaf3f9c495180fe0156ddf3eb0\"><div class=\"porto-u-main-heading\"><h3    style=\"margin-bottom: 16px;\">Notre engagement envers l'\u00e9thique et la conformit\u00e9<\/h3><\/div><div class=\"porto-u-sub-heading\" style=\"\"><p>Les grandes entreprises durables sont guid\u00e9es par un objectif et construites sur la confiance - la confiance des clients, des employ\u00e9s, des partenaires et des communaut\u00e9s. \u00c0 BECA, nous nous engageons \u00e0 maintenir cette confiance chaque jour.<\/p><\/div><style>.porto-u-ad87e2eaf3f9c495180fe0156ddf3eb0.porto-u-heading{text-align:left}<\/style><\/div>\t\t\t\t<\/div>\n\t\t\t\t<\/div>\n\t\t\t\t<\/div>\n\t\t<div data-plugin-parallax=\"\" data-plugin-options=\"{&quot;speed&quot;: 1.5}\" class=\"elementor-element elementor-element-90102e9 e-con-full e-flex wpr-particle-no wpr-jarallax-no wpr-parallax-no wpr-sticky-section-no e-con e-child\" data-id=\"90102e9\" data-element_type=\"container\" data-settings=\"{&quot;background_background&quot;:&quot;classic&quot;}\">\n\t\t\t\t<\/div>\n\t\t\t\t<\/div>\n\t\t\t\t\t<\/div>\n\t\t\t\t<\/div>\n\t\t<div class=\"elementor-element elementor-element-4e93ea5 animated-slow e-flex e-con-boxed wpr-particle-no wpr-jarallax-no wpr-parallax-no wpr-sticky-section-no elementor-invisible e-con e-parent\" data-id=\"4e93ea5\" data-element_type=\"container\" data-settings=\"{&quot;animation&quot;:&quot;slideInUp&quot;}\">\n\t\t\t\t\t<div class=\"e-con-inner\">\n\t\t<div class=\"elementor-element elementor-element-356c19e e-con-full e-flex wpr-particle-no wpr-jarallax-no wpr-parallax-no wpr-sticky-section-no e-con e-child\" data-id=\"356c19e\" data-element_type=\"container\">\n\t\t<div data-plugin-parallax=\"\" data-plugin-options=\"{&quot;speed&quot;: 1.5}\" class=\"elementor-element elementor-element-5b1a68f e-con-full e-flex wpr-particle-no wpr-jarallax-no wpr-parallax-no wpr-sticky-section-no e-con e-child\" data-id=\"5b1a68f\" data-element_type=\"container\" data-settings=\"{&quot;background_background&quot;:&quot;classic&quot;}\">\n\t\t\t\t<\/div>\n\t\t<div class=\"elementor-element elementor-element-22fb569 e-con-full e-flex wpr-particle-no wpr-jarallax-no wpr-parallax-no wpr-sticky-section-no e-con e-child\" data-id=\"22fb569\" data-element_type=\"container\">\n\t\t\t\t<div class=\"elementor-element elementor-element-73c21a1 ml-lg-5 elementor-widget__width-initial elementor-widget elementor-widget-porto_ultimate_heading\" data-id=\"73c21a1\" data-element_type=\"widget\" data-widget_type=\"porto_ultimate_heading.default\">\n\t\t\t\t<div class=\"elementor-widget-container\">\n\t\t\t\t\t<div class=\"porto-u-heading  porto-u-ad87e2eaf3f9c495180fe0156ddf3eb0\"><div class=\"porto-u-main-heading\"><h3    style=\"margin-bottom: 16px;\">Notre engagement envers l'\u00e9thique et la conformit\u00e9<\/h3><\/div><div class=\"porto-u-sub-heading\" style=\"\"><p>\u00c0 BECA, nous encourageons les employ\u00e9s et les partenaires \u00e0 signaler tout comportement r\u00e9pr\u00e9hensible ou \u00e0 poser des questions relatives \u00e0 la conformit\u00e9.<\/p><p>Les personnes qui font part de leurs pr\u00e9occupations peuvent \u00eatre assur\u00e9es qu'elles ne feront pas l'objet de repr\u00e9sailles.<\/p><\/div><style>.porto-u-ad87e2eaf3f9c495180fe0156ddf3eb0.porto-u-heading{text-align:left}<\/style><\/div>\t\t\t\t<\/div>\n\t\t\t\t<\/div>\n\t\t\t\t<\/div>\n\t\t\t\t<\/div>\n\t\t\t\t\t<\/div>\n\t\t\t\t<\/div>\n\t\t<div class=\"elementor-element elementor-element-22ba66d e-flex e-con-boxed wpr-particle-no wpr-jarallax-no wpr-parallax-no wpr-sticky-section-no e-con e-parent\" data-id=\"22ba66d\" data-element_type=\"container\">\n\t\t\t\t\t<div class=\"e-con-inner\">\n\t\t\t\t<div class=\"elementor-element elementor-element-94dc072 elementor-widget elementor-widget-html\" data-id=\"94dc072\" data-element_type=\"widget\" data-widget_type=\"html.default\">\n\t\t\t\t<div class=\"elementor-widget-container\">\n\t\t\t\t\t<div class=\"form-container\">\r\n    <label for=\"your-message\">Signaler une pr\u00e9occupation ou poser une question<\/label>\r\n    <textarea id=\"your-message\" name=\"your-message\" placeholder=\"Tapez votre message ici...\"><\/textarea>\r\n    <button type=\"submit\" class=\"submit-btn\">Soumettre<\/button>\r\n<\/div>\t\t\t\t<\/div>\n\t\t\t\t<\/div>\n\t\t\t\t\t<\/div>\n\t\t\t\t<\/div>\n\t\t\t\t<\/div>","protected":false},"excerpt":{"rendered":"<p>At BECA, Customers are at the heart of everything we do. Our strong ethical culture, rooted in doing business the right way, ensures that employees can operate with integrity and without compromising their values. We are committed to building trust and conducting business responsibly, globally. The Ethics &amp; Compliance team reports directly to the Audit Committee of the BECA Board of Directors. This structure ensures the team can act independently if any issues arise, safeguarding transparency and accountability. Our Code of Conduct Our Code of Conduct is the foundation of our commitment to operating with integrity. It outlines core business principles and sets global corporate expectations for all BECA employees: These principles are the following : Be Honest\/Be Fair\/Be Loyal\/Be Accurate\/Be Respectful Our Commitment to Ethics &#038; Compliance &#8220;Great and enduring companies are driven by purpose and built on trust\u2014trust from customers, employees, partners, and communities. At BECA, we are dedicated to upholding that trust every day.&#8221; Report a Concern or Ask a Question At BECA, we encourage employees and partners to report misconduct or ask compliance-related questions. Those who raise concerns can be assured that they will not face retaliation. Report a concern or ask a question: Submit<\/p>","protected":false},"author":1,"featured_media":0,"parent":0,"menu_order":0,"comment_status":"closed","ping_status":"closed","template":"","meta":{"footnotes":""},"class_list":["post-3206","page","type-page","status-publish","hentry"],"_links":{"self":[{"href":"https:\/\/becacompany.com\/fr\/wp-json\/wp\/v2\/pages\/3206","targetHints":{"allow":["GET"]}}],"collection":[{"href":"https:\/\/becacompany.com\/fr\/wp-json\/wp\/v2\/pages"}],"about":[{"href":"https:\/\/becacompany.com\/fr\/wp-json\/wp\/v2\/types\/page"}],"author":[{"embeddable":true,"href":"https:\/\/becacompany.com\/fr\/wp-json\/wp\/v2\/users\/1"}],"replies":[{"embeddable":true,"href":"https:\/\/becacompany.com\/fr\/wp-json\/wp\/v2\/comments?post=3206"}],"version-history":[{"count":76,"href":"https:\/\/becacompany.com\/fr\/wp-json\/wp\/v2\/pages\/3206\/revisions"}],"predecessor-version":[{"id":5583,"href":"https:\/\/becacompany.com\/fr\/wp-json\/wp\/v2\/pages\/3206\/revisions\/5583"}],"wp:attachment":[{"href":"https:\/\/becacompany.com\/fr\/wp-json\/wp\/v2\/media?parent=3206"}],"curies":[{"name":"wp","href":"https:\/\/api.w.org\/{rel}","templated":true}]}}