{"id":3715,"date":"2025-01-31T12:04:54","date_gmt":"2025-01-31T12:04:54","guid":{"rendered":"https:\/\/becacompany.ticgeek.com\/?page_id=3715"},"modified":"2025-05-26T12:32:10","modified_gmt":"2025-05-26T12:32:10","slug":"civil-engineering","status":"publish","type":"page","link":"https:\/\/becacompany.com\/fr\/civil-engineering\/","title":{"rendered":"G\u00e9nie Cvil"},"content":{"rendered":"<div data-elementor-type=\"wp-page\" data-elementor-id=\"3715\" class=\"elementor elementor-3715\">\n\t\t\t\t<div class=\"elementor-element elementor-element-1fa21bb e-flex e-con-boxed wpr-particle-no wpr-jarallax-no wpr-parallax-no wpr-sticky-section-no e-con e-parent\" data-id=\"1fa21bb\" data-element_type=\"container\">\n\t\t\t\t\t<div class=\"e-con-inner\">\n\t\t\t\t<div class=\"elementor-element elementor-element-3be4372 elementor-widget elementor-widget-porto_ultimate_heading\" data-id=\"3be4372\" data-element_type=\"widget\" data-widget_type=\"porto_ultimate_heading.default\">\n\t\t\t\t<div class=\"elementor-widget-container\">\n\t\t\t\t\t<div class=\"porto-u-heading  porto-u-ad87e2eaf3f9c495180fe0156ddf3eb0\"><div class=\"porto-u-sub-heading\" style=\"\"><p>BECA fournit une large gamme d'essais en laboratoire et sur le terrain pour les <b>sols, les agr\u00e9gats, le b\u00e9ton et les mat\u00e9riaux bitumineux,<\/b>aidant les clients \u00e0 \u00e9valuer les propri\u00e9t\u00e9s m\u00e9caniques et physiques des mat\u00e9riaux utilis\u00e9s dans les projets de construction et d'infrastructure. Nos services sont conformes aux normes nationales et internationales.<\/p><p>\u00a0<\/p><\/div><style>.porto-u-ad87e2eaf3f9c495180fe0156ddf3eb0.porto-u-heading{text-align:left}<\/style><\/div>\t\t\t\t<\/div>\n\t\t\t\t<\/div>\n\t\t\t\t\t<\/div>\n\t\t\t\t<\/div>\n\t\t<div class=\"elementor-element elementor-element-79b1b5c e-flex e-con-boxed wpr-particle-no wpr-jarallax-no wpr-parallax-no wpr-sticky-section-no e-con e-parent\" data-id=\"79b1b5c\" data-element_type=\"container\">\n\t\t\t\t\t<div class=\"e-con-inner\">\n\t\t\t\t<div class=\"elementor-element elementor-element-61035d8 animated-slow elementor-invisible elementor-widget elementor-widget-porto_ultimate_heading\" data-id=\"61035d8\" data-element_type=\"widget\" data-settings=\"{&quot;_animation&quot;:&quot;slideInUp&quot;}\" data-widget_type=\"porto_ultimate_heading.default\">\n\t\t\t\t<div class=\"elementor-widget-container\">\n\t\t\t\t\t<div class=\"porto-u-heading  porto-u-ad87e2eaf3f9c495180fe0156ddf3eb0\"><div class=\"porto-u-sub-heading\" style=\"\"><h2>Essais de sols et d'agr\u00e9gats<\/h2><ul><li>Absorption des graviers<\/li><li>Test de d\u00e9sagr\u00e9gation (weathering test)<\/li><li>Analyse de la taille des particules (tamisage \u00e0 sec et humide)<\/li><li>S\u00e9dimentom\u00e9trie (analyse de la taille des particules par s\u00e9dimentation)<\/li><li>Densit\u00e9 du mat\u00e9riau<\/li><li>Essai d'abrasion \u00e0 Los Angeles<\/li><li>Test Micro-Deval (humide et sec)<\/li><li>Test d'\u00e9quivalent de sable<\/li><li>Module de finesse du sable<\/li><li>Indice de forme (test de forme)<\/li><li>Indice de floconnage<\/li><li>Test de d\u00e9gradabilit\u00e9<\/li><li>Test de r\u00e9sistance \u00e0 la fragmentation<\/li><\/ul><p>\u00a0<\/p><\/div><style>.porto-u-ad87e2eaf3f9c495180fe0156ddf3eb0.porto-u-heading{text-align:left}<\/style><\/div>\t\t\t\t<\/div>\n\t\t\t\t<\/div>\n\t\t\t\t\t<\/div>\n\t\t\t\t<\/div>\n\t\t<div class=\"elementor-element elementor-element-da9456e e-flex e-con-boxed wpr-particle-no wpr-jarallax-no wpr-parallax-no wpr-sticky-section-no e-con e-parent\" data-id=\"da9456e\" data-element_type=\"container\">\n\t\t\t\t\t<div class=\"e-con-inner\">\n\t\t\t\t<div class=\"elementor-element elementor-element-907a934 animated-slow elementor-invisible elementor-widget elementor-widget-porto_ultimate_heading\" data-id=\"907a934\" data-element_type=\"widget\" data-settings=\"{&quot;_animation&quot;:&quot;slideInUp&quot;}\" data-widget_type=\"porto_ultimate_heading.default\">\n\t\t\t\t<div class=\"elementor-widget-container\">\n\t\t\t\t\t<div class=\"porto-u-heading  porto-u-ad87e2eaf3f9c495180fe0156ddf3eb0\"><div class=\"porto-u-sub-heading\" style=\"\"><h2>Essais G\u00e9otechniques<\/h2><ul><li>Essai de compactage Proctor<\/li><li>Essai CBR (\u00e0 l'\u00e9tat humide et apr\u00e8s 4 jours d'immersion)<\/li><li>Limites des liquides et des plastiques<\/li><li>Mesure de la densit\u00e9 in situ (Troxler, densitom\u00e8tre \u00e0 membrane, c\u00f4ne de sable)<\/li><li>Essai d'appui sur plaque<\/li><li>Analyse chimique des sols, des agr\u00e9gats et de l'eau (sulfates, gypse, etc.)<\/li><li>Teneur en eau par s\u00e9chage au four ou par \u00e9tuvage rapide<\/li><\/ul><\/div><style>.porto-u-ad87e2eaf3f9c495180fe0156ddf3eb0.porto-u-heading{text-align:left}<\/style><\/div>\t\t\t\t<\/div>\n\t\t\t\t<\/div>\n\t\t\t\t<div class=\"elementor-element elementor-element-76a9bf0 elementor-widget elementor-widget-spacer\" data-id=\"76a9bf0\" data-element_type=\"widget\" data-widget_type=\"spacer.default\">\n\t\t\t\t<div class=\"elementor-widget-container\">\n\t\t\t\t\t\t\t<div class=\"elementor-spacer\">\n\t\t\t<div class=\"elementor-spacer-inner\"><\/div>\n\t\t<\/div>\n\t\t\t\t\t\t<\/div>\n\t\t\t\t<\/div>\n\t\t\t\t\t<\/div>\n\t\t\t\t<\/div>\n\t\t<div class=\"elementor-element elementor-element-0ea4b56 e-flex e-con-boxed wpr-particle-no wpr-jarallax-no wpr-parallax-no wpr-sticky-section-no e-con e-parent\" data-id=\"0ea4b56\" data-element_type=\"container\">\n\t\t\t\t\t<div class=\"e-con-inner\">\n\t\t\t\t<div class=\"elementor-element elementor-element-b1ea028 animated-slow elementor-invisible elementor-widget elementor-widget-porto_ultimate_heading\" data-id=\"b1ea028\" data-element_type=\"widget\" data-settings=\"{&quot;_animation&quot;:&quot;slideInUp&quot;}\" data-widget_type=\"porto_ultimate_heading.default\">\n\t\t\t\t<div class=\"elementor-widget-container\">\n\t\t\t\t\t<div class=\"porto-u-heading  porto-u-ad87e2eaf3f9c495180fe0156ddf3eb0\"><div class=\"porto-u-sub-heading\" style=\"\"><h2>Essais sur le b\u00e9ton et le ciment<\/h2><p>Nous r\u00e9alisons des <b>essais destructifs et non destructifs<\/b> pour \u00e9valuer la qualit\u00e9 et les performances des m\u00e9langes de b\u00e9ton et des \u00e9l\u00e9ments structurels.<\/p><h3><b>Essais destructifs :<\/b><\/h3><ul><li>Essai de compression des \u00e9prouvettes de b\u00e9ton<\/li><li>Essai de flexion<\/li><li>Carottage et \u00e9chantillonnage du b\u00e9ton<\/li><li>Conception du m\u00e9lange de b\u00e9ton et \u00e9tude de formulation<\/li><li>Essai d'affaissement (mesure de la consistance)<\/li><\/ul><h3><b>Essais non destructifs :<\/b><\/h3><ul><li>Test de vitesse de l'onde sonore (auscultation ultrasonique)<\/li><li>Essai de duret\u00e9 superficielle \u00e0 l'aide d'un scl\u00e9rom\u00e8tre (marteau de Schmidt)<\/li><\/ul><\/div><style>.porto-u-ad87e2eaf3f9c495180fe0156ddf3eb0.porto-u-heading{text-align:left}<\/style><\/div>\t\t\t\t<\/div>\n\t\t\t\t<\/div>\n\t\t<div class=\"elementor-element elementor-element-2afc843 e-con-full e-flex wpr-particle-no wpr-jarallax-no wpr-parallax-no wpr-sticky-section-no e-con e-child\" data-id=\"2afc843\" data-element_type=\"container\">\n\t\t\t\t<div class=\"elementor-element elementor-element-fdbaefd animated-slow elementor-invisible elementor-widget elementor-widget-porto_ultimate_heading\" data-id=\"fdbaefd\" data-element_type=\"widget\" data-settings=\"{&quot;_animation&quot;:&quot;slideInUp&quot;}\" data-widget_type=\"porto_ultimate_heading.default\">\n\t\t\t\t<div class=\"elementor-widget-container\">\n\t\t\t\t\t<div class=\"porto-u-heading  porto-u-ad87e2eaf3f9c495180fe0156ddf3eb0\"><div class=\"porto-u-sub-heading\" style=\"\"><h2>Essais de mat\u00e9riaux bitumineux<\/h2><p>Nous \u00e9valuons les m\u00e9langes d'asphalte et de bitume pour nous assurer de leur conformit\u00e9 avec les sp\u00e9cifications du projet et les normes de performance.<\/p><ul><li>Conception de l'enrob\u00e9 bitumineux<\/li><li>Test de stabilit\u00e9 Marshall<\/li><li>Test Duriez<\/li><li>Teneur en bitume (extraction)<\/li><li>Mesure de la densit\u00e9 par pes\u00e9e hydrostatique<\/li><li>Carottage<\/li><li>Mesure de la temp\u00e9rature des enrob\u00e9s bitumineux<\/li><\/ul><\/div><style>.porto-u-ad87e2eaf3f9c495180fe0156ddf3eb0.porto-u-heading{text-align:left}<\/style><\/div>\t\t\t\t<\/div>\n\t\t\t\t<\/div>\n\t\t\t\t<div class=\"elementor-element elementor-element-8e2766b elementor-widget elementor-widget-spacer\" data-id=\"8e2766b\" data-element_type=\"widget\" data-widget_type=\"spacer.default\">\n\t\t\t\t<div class=\"elementor-widget-container\">\n\t\t\t\t\t\t\t<div class=\"elementor-spacer\">\n\t\t\t<div class=\"elementor-spacer-inner\"><\/div>\n\t\t<\/div>\n\t\t\t\t\t\t<\/div>\n\t\t\t\t<\/div>\n\t\t\t\t<\/div>\n\t\t\t\t\t<\/div>\n\t\t\t\t<\/div>\n\t\t<div class=\"elementor-element elementor-element-0dcb519 e-flex e-con-boxed wpr-particle-no wpr-jarallax-no wpr-parallax-no wpr-sticky-section-no e-con e-parent\" data-id=\"0dcb519\" data-element_type=\"container\">\n\t\t\t\t\t<div class=\"e-con-inner\">\n\t\t<div class=\"elementor-element elementor-element-707a177 e-flex e-con-boxed wpr-particle-no wpr-jarallax-no wpr-parallax-no wpr-sticky-section-no e-con e-child\" data-id=\"707a177\" data-element_type=\"container\">\n\t\t\t\t\t<div class=\"e-con-inner\">\n\t\t<div class=\"elementor-element elementor-element-7a1c4f9 e-con-full e-flex wpr-particle-no wpr-jarallax-no wpr-parallax-no wpr-sticky-section-no elementor-invisible e-con e-child\" data-id=\"7a1c4f9\" data-element_type=\"container\" data-settings=\"{&quot;animation&quot;:&quot;slideInUp&quot;}\">\n\t\t\t\t<div class=\"elementor-element elementor-element-2961444 elementor-arrows-position-inside elementor-pagination-position-outside elementor-widget elementor-widget-image-carousel\" data-id=\"2961444\" data-element_type=\"widget\" data-settings=\"{&quot;navigation&quot;:&quot;both&quot;,&quot;autoplay&quot;:&quot;yes&quot;,&quot;pause_on_hover&quot;:&quot;yes&quot;,&quot;pause_on_interaction&quot;:&quot;yes&quot;,&quot;autoplay_speed&quot;:5000,&quot;infinite&quot;:&quot;yes&quot;,&quot;speed&quot;:500}\" data-widget_type=\"image-carousel.default\">\n\t\t\t\t<div class=\"elementor-widget-container\">\n\t\t\t\t\t\t\t<div class=\"elementor-image-carousel-wrapper swiper\" role=\"region\" aria-roledescription=\"carousel\" aria-label=\"Image Carousel\" dir=\"ltr\">\n\t\t\t<div class=\"elementor-image-carousel swiper-wrapper swiper-image-stretch\" aria-live=\"off\">\n\t\t\t\t\t\t\t\t<div class=\"swiper-slide\" role=\"group\" aria-roledescription=\"slide\" aria-label=\"1 sur 10\"><figure class=\"swiper-slide-inner\"><img decoding=\"async\" class=\"swiper-slide-image\" src=\"https:\/\/becacompany.com\/wp-content\/uploads\/2025\/03\/6fbdcde0-d01c-4232-babc-bb7556d01cb2-600x594-1.jpeg\" alt=\"6fbdcde0-d01c-4232-babc-bb7556d01cb2-600x594 (1)\" \/><\/figure><\/div><div class=\"swiper-slide\" role=\"group\" aria-roledescription=\"slide\" aria-label=\"2 sur 10\"><figure class=\"swiper-slide-inner\"><img decoding=\"async\" class=\"swiper-slide-image\" src=\"https:\/\/becacompany.com\/wp-content\/uploads\/2025\/03\/a153fdf1-a452-47e4-ac4d-29b69bcf90b8-600x600-1.jpeg\" alt=\"a153fdf1-a452-47e4-ac4d-29b69bcf90b8-600x600\" \/><\/figure><\/div><div class=\"swiper-slide\" role=\"group\" aria-roledescription=\"slide\" aria-label=\"3 sur 10\"><figure class=\"swiper-slide-inner\"><img decoding=\"async\" class=\"swiper-slide-image\" src=\"https:\/\/becacompany.com\/wp-content\/uploads\/2025\/03\/b44ef09f-4b26-4638-a6b7-2ff38bc3d6f6-600x599-1.jpeg\" alt=\"b44ef09f-4b26-4638-a6b7-2ff38bc3d6f6-600x599\" \/><\/figure><\/div><div class=\"swiper-slide\" role=\"group\" aria-roledescription=\"slide\" aria-label=\"4 sur 10\"><figure class=\"swiper-slide-inner\"><img decoding=\"async\" class=\"swiper-slide-image\" src=\"https:\/\/becacompany.com\/wp-content\/uploads\/2025\/03\/cbb0bc91-aaf5-4066-9736-ae8dc6983e5a-600x600-1.jpeg\" alt=\"cbb0bc91-aaf5-4066-9736-ae8dc6983e5a-600x600\" \/><\/figure><\/div><div class=\"swiper-slide\" role=\"group\" aria-roledescription=\"slide\" aria-label=\"5 sur 10\"><figure class=\"swiper-slide-inner\"><img decoding=\"async\" class=\"swiper-slide-image\" src=\"https:\/\/becacompany.com\/wp-content\/uploads\/2025\/03\/d5-600x593-1.png\" alt=\"d5-600x593\" \/><\/figure><\/div><div class=\"swiper-slide\" role=\"group\" aria-roledescription=\"slide\" aria-label=\"6 sur 10\"><figure class=\"swiper-slide-inner\"><img decoding=\"async\" class=\"swiper-slide-image\" src=\"https:\/\/becacompany.com\/wp-content\/uploads\/2025\/03\/DSC_5968-600x600-1.jpg\" alt=\"DSC_5968-600x600\" \/><\/figure><\/div><div class=\"swiper-slide\" role=\"group\" aria-roledescription=\"slide\" aria-label=\"7 sur 10\"><figure class=\"swiper-slide-inner\"><img decoding=\"async\" class=\"swiper-slide-image\" src=\"https:\/\/becacompany.com\/wp-content\/uploads\/2025\/03\/DSC_6318-600x600-1.jpg\" alt=\"DSC_6318-600x600\" \/><\/figure><\/div><div class=\"swiper-slide\" role=\"group\" aria-roledescription=\"slide\" aria-label=\"8 sur 10\"><figure class=\"swiper-slide-inner\"><img decoding=\"async\" class=\"swiper-slide-image\" src=\"https:\/\/becacompany.com\/wp-content\/uploads\/2025\/03\/DSC_6323-600x600-1.jpg\" alt=\"DSC_6323-600x600\" \/><\/figure><\/div><div class=\"swiper-slide\" role=\"group\" aria-roledescription=\"slide\" aria-label=\"9 sur 10\"><figure class=\"swiper-slide-inner\"><img decoding=\"async\" class=\"swiper-slide-image\" src=\"https:\/\/becacompany.com\/wp-content\/uploads\/2025\/03\/DSC_6324-600x600-1.jpg\" alt=\"DSC_6324-600x600\" \/><\/figure><\/div><div class=\"swiper-slide\" role=\"group\" aria-roledescription=\"slide\" aria-label=\"10 sur 10\"><figure class=\"swiper-slide-inner\"><img decoding=\"async\" class=\"swiper-slide-image\" src=\"https:\/\/becacompany.com\/wp-content\/uploads\/2025\/03\/DSC_6370-600x600-1.jpg\" alt=\"DSC_6370-600x600 (1)\" \/><\/figure><\/div>\t\t\t<\/div>\n\t\t\t\t\t\t\t\t\t\t\t\t<div class=\"elementor-swiper-button elementor-swiper-button-prev\" role=\"button\" tabindex=\"0\">\n\t\t\t\t\t\t<svg aria-hidden=\"true\" class=\"e-font-icon-svg e-eicon-chevron-left\" viewbox=\"0 0 1000 1000\" xmlns=\"http:\/\/www.w3.org\/2000\/svg\"><path d=\"M646 125C629 125 613 133 604 142L308 442C296 454 292 471 292 487 292 504 296 521 308 533L604 854C617 867 629 875 646 875 663 875 679 871 692 858 704 846 713 829 713 812 713 796 708 779 692 767L438 487 692 225C700 217 708 204 708 187 708 171 704 154 692 142 675 129 663 125 646 125Z\"><\/path><\/svg>\t\t\t\t\t<\/div>\n\t\t\t\t\t<div class=\"elementor-swiper-button elementor-swiper-button-next\" role=\"button\" tabindex=\"0\">\n\t\t\t\t\t\t<svg aria-hidden=\"true\" class=\"e-font-icon-svg e-eicon-chevron-right\" viewbox=\"0 0 1000 1000\" xmlns=\"http:\/\/www.w3.org\/2000\/svg\"><path d=\"M696 533C708 521 713 504 713 487 713 471 708 454 696 446L400 146C388 133 375 125 354 125 338 125 325 129 313 142 300 154 292 171 292 187 292 204 296 221 308 233L563 492 304 771C292 783 288 800 288 817 288 833 296 850 308 863 321 871 338 875 354 875 371 875 388 867 400 854L696 533Z\"><\/path><\/svg>\t\t\t\t\t<\/div>\n\t\t\t\t\n\t\t\t\t\t\t\t\t\t<div class=\"swiper-pagination\"><\/div>\n\t\t\t\t\t\t\t\t\t<\/div>\n\t\t\t\t\t\t<\/div>\n\t\t\t\t<\/div>\n\t\t\t\t<\/div>\n\t\t\t\t\t<\/div>\n\t\t\t\t<\/div>\n\t\t\t\t\t<\/div>\n\t\t\t\t<\/div>\n\t\t\t\t<\/div>","protected":false},"excerpt":{"rendered":"<p>BECA provides a wide range of laboratory and field tests for soils, aggregates, concrete, and bituminous materials, helping clients evaluate the mechanical and physical properties of materials used in construction and infrastructure projects. Our services comply with national and international standards. \u00a0 Soils &amp; Aggregates Testing Gravel absorption Weathering test Particle size analysis (dry and wet sieving) Sedimentometry (particle size analysis by sedimentation) Material density Los Angeles abrasion test Micro-Deval (wet and dry) test Sand equivalent test Fineness modulus of sand Shape index (form test) Flakiness index Degradability test Fragmentation resistance test \u00a0 Geotechnical Testing Proctor compaction test CBR test (wet and after 4 days of immersion) Liquid and plastic limits In-situ density measurement (Troxler, membrane densitometer, sand cone) Plate bearing test Chemical analysis of soils, aggregates, and water (sulfates, gypsum, etc.) Water content by oven-drying or rapid steaming method Concrete &amp; Cement Testing We conduct both destructive and non-destructive tests to assess the quality and performance of concrete mixtures and structural elements. Destructive Tests: Compression test of concrete specimens Flexural (bending) test Concrete coring and sampling Concrete mix design and formulation study Slump test (consistency measurement) Non-Destructive Tests: Sonic wave velocity test (ultrasonic auscultation) Surface hardness test using a sclerometer (Schmidt hammer) Bituminous Materials Testing We evaluate asphalt and bitumen mixtures to ensure conformity with project specifications and performance standards. Asphalt mix design Marshall stability test Duriez test Bitumen content (extraction) Density measurement by hydrostatic weighing Core drilling Temperature measurement of asphalt mixes<\/p>","protected":false},"author":1,"featured_media":0,"parent":0,"menu_order":0,"comment_status":"closed","ping_status":"closed","template":"","meta":{"footnotes":""},"class_list":["post-3715","page","type-page","status-publish","hentry"],"_links":{"self":[{"href":"https:\/\/becacompany.com\/fr\/wp-json\/wp\/v2\/pages\/3715","targetHints":{"allow":["GET"]}}],"collection":[{"href":"https:\/\/becacompany.com\/fr\/wp-json\/wp\/v2\/pages"}],"about":[{"href":"https:\/\/becacompany.com\/fr\/wp-json\/wp\/v2\/types\/page"}],"author":[{"embeddable":true,"href":"https:\/\/becacompany.com\/fr\/wp-json\/wp\/v2\/users\/1"}],"replies":[{"embeddable":true,"href":"https:\/\/becacompany.com\/fr\/wp-json\/wp\/v2\/comments?post=3715"}],"version-history":[{"count":34,"href":"https:\/\/becacompany.com\/fr\/wp-json\/wp\/v2\/pages\/3715\/revisions"}],"predecessor-version":[{"id":6480,"href":"https:\/\/becacompany.com\/fr\/wp-json\/wp\/v2\/pages\/3715\/revisions\/6480"}],"wp:attachment":[{"href":"https:\/\/becacompany.com\/fr\/wp-json\/wp\/v2\/media?parent=3715"}],"curies":[{"name":"wp","href":"https:\/\/api.w.org\/{rel}","templated":true}]}}