{"id":3817,"date":"2025-02-10T16:07:13","date_gmt":"2025-02-10T16:07:13","guid":{"rendered":"https:\/\/becacompany.ticgeek.com\/?page_id=3817"},"modified":"2025-05-26T12:23:00","modified_gmt":"2025-05-26T12:23:00","slug":"asset-integrity-rbi","status":"publish","type":"page","link":"https:\/\/becacompany.com\/fr\/asset-integrity-rbi\/","title":{"rendered":"Int\u00e9grit\u00e9 des actifs et RBI"},"content":{"rendered":"<div data-elementor-type=\"wp-page\" data-elementor-id=\"3817\" class=\"elementor elementor-3817\">\n\t\t\t\t<div class=\"elementor-element elementor-element-e80b7d5 e-flex e-con-boxed wpr-particle-no wpr-jarallax-no wpr-parallax-no wpr-sticky-section-no e-con e-parent\" data-id=\"e80b7d5\" data-element_type=\"container\">\n\t\t\t\t\t<div class=\"e-con-inner\">\n\t\t\t\t<div class=\"elementor-element elementor-element-191a9d3 animated-slow elementor-invisible elementor-widget elementor-widget-porto_ultimate_heading\" data-id=\"191a9d3\" data-element_type=\"widget\" data-settings=\"{&quot;_animation&quot;:&quot;slideInUp&quot;}\" data-widget_type=\"porto_ultimate_heading.default\">\n\t\t\t\t<div class=\"elementor-widget-container\">\n\t\t\t\t\t<div class=\"porto-u-heading  porto-u-ad87e2eaf3f9c495180fe0156ddf3eb0\"><div class=\"porto-u-sub-heading\" style=\"\"><p>Leader dans les domaines <b>de l'int\u00e9grit\u00e9 des actifs et de la gestion de la corrosion<\/b>, BECA aide les entreprises \u00e9nerg\u00e9tiques, les installations industrielles et les installations critiques \u00e0 maximiser la <b>maximiser la fiabilit\u00e9, la disponibilit\u00e9 et la maintenabilit\u00e9 (RAM)<\/b> des \u00e9quipements, am\u00e9liorer <b>les performances et les profits de l'usine, renforcer la s\u00e9curit\u00e9 et r\u00e9duire les risques, r\u00e9duire les co\u00fbts de maintenance et d'inspection, am\u00e9liorer la s\u00e9curit\u00e9 et les performances du personnel<\/b>.<\/p><h3>Notre expertise permet<\/h3><ul><li>Am\u00e9liorer les performances et la rentabilit\u00e9 de l'usine<\/li><li>Am\u00e9liorer la s\u00e9curit\u00e9 et r\u00e9duire les risques op\u00e9rationnels<\/li><li>R\u00e9duction des co\u00fbts de maintenance et d'inspection<\/li><li>Renforcer la s\u00e9curit\u00e9 et l'efficacit\u00e9 du personnel<\/li><\/ul><h3>Nous fournissons <b>une assistance technique sp\u00e9cialis\u00e9e<\/b> dans tous les domaines de la gestion de l'int\u00e9grit\u00e9 et de la corrosion des actifs, y compris:<\/h3><ul><li>Conception et s\u00e9curit\u00e9 des proc\u00e9d\u00e9s<\/li><li>Int\u00e9grit\u00e9 m\u00e9canique et inspection<\/li><li>Maintenance and Operational Support<\/li><li>Ing\u00e9nierie de la corrosion et m\u00e9tallurgie<\/li><li>Analyse et gestion fond\u00e9es sur les risques<\/li><\/ul><h3><b>Notre approche<\/b><\/h3><p>Notre syst\u00e8me est con\u00e7u pour garantir <b>l'efficacit\u00e9 et la s\u00e9curit\u00e9<\/b> des actifs tout au long de leur cycle de vie, tout en prot\u00e9geant les <b>personnes, les infrastructures et l'environnement.<\/b>Nous nous assurons que les <b>personnes, les syst\u00e8mes, les proc\u00e9dures et les outils<\/b> ad\u00e9quats sont en place et fonctionnent comme pr\u00e9vu, \u00e0 chaque \u00e9tape.<\/p><h3><b>Principaux avantages<\/b><\/h3><ul><li><b>Assurance de l'int\u00e9grit\u00e9 du cycle de vie<\/b>: De la conception \u00e0 la mise hors service, nous contribuons \u00e0 garantir une conformit\u00e9 et une fiabilit\u00e9 totales.<\/li><li><b>Gestion proactive des risques et des inspections<\/b>: Par le biais d'audits, d'assurance qualit\u00e9 et de contr\u00f4les de processus.<\/li><li><b>R\u00e9duction des co\u00fbts et am\u00e9lioration de la s\u00e9curit\u00e9<\/b>: R\u00e9duction des d\u00e9penses de r\u00e9paration et de maintenance non planifi\u00e9e<\/li><li><b>Efficacit\u00e9 op\u00e9rationnelle<\/b>: Minimiser les temps d'arr\u00eat et maximiser les performances de l'\u00e9quipement.<\/li><\/ul><\/div><style>.porto-u-ad87e2eaf3f9c495180fe0156ddf3eb0.porto-u-heading{text-align:left}<\/style><\/div>\t\t\t\t<\/div>\n\t\t\t\t<\/div>\n\t\t\t\t<div class=\"elementor-element elementor-element-b1b9231 elementor-widget elementor-widget-spacer\" data-id=\"b1b9231\" data-element_type=\"widget\" data-widget_type=\"spacer.default\">\n\t\t\t\t<div class=\"elementor-widget-container\">\n\t\t\t\t\t\t\t<div class=\"elementor-spacer\">\n\t\t\t<div class=\"elementor-spacer-inner\"><\/div>\n\t\t<\/div>\n\t\t\t\t\t\t<\/div>\n\t\t\t\t<\/div>\n\t\t\t\t\t<\/div>\n\t\t\t\t<\/div>\n\t\t<div class=\"elementor-element elementor-element-9e0bfcc e-flex e-con-boxed wpr-particle-no wpr-jarallax-no wpr-parallax-no wpr-sticky-section-no e-con e-parent\" data-id=\"9e0bfcc\" data-element_type=\"container\">\n\t\t\t\t\t<div class=\"e-con-inner\">\n\t\t<div class=\"elementor-element elementor-element-22a4cdd e-con-full e-flex wpr-particle-no wpr-jarallax-no wpr-parallax-no wpr-sticky-section-no e-con e-child\" data-id=\"22a4cdd\" data-element_type=\"container\">\n\t\t\t\t<div class=\"elementor-element elementor-element-16a2979 elementor-widget elementor-widget-image\" data-id=\"16a2979\" data-element_type=\"widget\" data-widget_type=\"image.default\">\n\t\t\t\t<div class=\"elementor-widget-container\">\n\t\t\t\t\t\t\t\t\t\t\t\t\t\t\t<img fetchpriority=\"high\" decoding=\"async\" width=\"768\" height=\"768\" src=\"https:\/\/becacompany.com\/wp-content\/uploads\/2025\/03\/Mimize-the-risk-1-768x768-1.png\" class=\"attachment-large size-large wp-image-4144\" alt=\"\" srcset=\"https:\/\/becacompany.com\/wp-content\/uploads\/2025\/03\/Mimize-the-risk-1-768x768-1.png 768w, https:\/\/becacompany.com\/wp-content\/uploads\/2025\/03\/Mimize-the-risk-1-768x768-1-640x640.png 640w, https:\/\/becacompany.com\/wp-content\/uploads\/2025\/03\/Mimize-the-risk-1-768x768-1-400x400.png 400w, https:\/\/becacompany.com\/wp-content\/uploads\/2025\/03\/Mimize-the-risk-1-768x768-1-560x560.png 560w, https:\/\/becacompany.com\/wp-content\/uploads\/2025\/03\/Mimize-the-risk-1-768x768-1-367x367.png 367w\" sizes=\"(max-width: 768px) 100vw, 768px\" \/>\t\t\t\t\t\t\t\t\t\t\t\t\t\t\t<\/div>\n\t\t\t\t<\/div>\n\t\t\t\t<\/div>\n\t\t<div class=\"elementor-element elementor-element-63ede9b e-con-full e-flex wpr-particle-no wpr-jarallax-no wpr-parallax-no wpr-sticky-section-no e-con e-child\" data-id=\"63ede9b\" data-element_type=\"container\">\n\t\t\t\t<div class=\"elementor-element elementor-element-52e0b18 elementor-widget elementor-widget-image\" data-id=\"52e0b18\" data-element_type=\"widget\" data-widget_type=\"image.default\">\n\t\t\t\t<div class=\"elementor-widget-container\">\n\t\t\t\t\t\t\t\t\t\t\t\t\t\t\t<img decoding=\"async\" width=\"768\" height=\"768\" src=\"https:\/\/becacompany.com\/wp-content\/uploads\/2025\/03\/Mimize-the-risk-2-768x768-1.png\" class=\"attachment-large size-large wp-image-4145\" alt=\"\" srcset=\"https:\/\/becacompany.com\/wp-content\/uploads\/2025\/03\/Mimize-the-risk-2-768x768-1.png 768w, https:\/\/becacompany.com\/wp-content\/uploads\/2025\/03\/Mimize-the-risk-2-768x768-1-640x640.png 640w, https:\/\/becacompany.com\/wp-content\/uploads\/2025\/03\/Mimize-the-risk-2-768x768-1-400x400.png 400w, https:\/\/becacompany.com\/wp-content\/uploads\/2025\/03\/Mimize-the-risk-2-768x768-1-560x560.png 560w, https:\/\/becacompany.com\/wp-content\/uploads\/2025\/03\/Mimize-the-risk-2-768x768-1-367x367.png 367w\" sizes=\"(max-width: 768px) 100vw, 768px\" \/>\t\t\t\t\t\t\t\t\t\t\t\t\t\t\t<\/div>\n\t\t\t\t<\/div>\n\t\t\t\t<\/div>\n\t\t<div class=\"elementor-element elementor-element-d62ac12 e-con-full e-flex wpr-particle-no wpr-jarallax-no wpr-parallax-no wpr-sticky-section-no e-con e-child\" data-id=\"d62ac12\" data-element_type=\"container\">\n\t\t\t\t<div class=\"elementor-element elementor-element-420ccc7 elementor-widget elementor-widget-image\" data-id=\"420ccc7\" data-element_type=\"widget\" data-widget_type=\"image.default\">\n\t\t\t\t<div class=\"elementor-widget-container\">\n\t\t\t\t\t\t\t\t\t\t\t\t\t\t\t<img decoding=\"async\" width=\"768\" height=\"768\" src=\"https:\/\/becacompany.com\/wp-content\/uploads\/2025\/03\/Mimize-the-risk-4-768x768-1.png\" class=\"attachment-large size-large wp-image-4146\" alt=\"\" srcset=\"https:\/\/becacompany.com\/wp-content\/uploads\/2025\/03\/Mimize-the-risk-4-768x768-1.png 768w, https:\/\/becacompany.com\/wp-content\/uploads\/2025\/03\/Mimize-the-risk-4-768x768-1-640x640.png 640w, https:\/\/becacompany.com\/wp-content\/uploads\/2025\/03\/Mimize-the-risk-4-768x768-1-400x400.png 400w, https:\/\/becacompany.com\/wp-content\/uploads\/2025\/03\/Mimize-the-risk-4-768x768-1-560x560.png 560w, https:\/\/becacompany.com\/wp-content\/uploads\/2025\/03\/Mimize-the-risk-4-768x768-1-367x367.png 367w\" sizes=\"(max-width: 768px) 100vw, 768px\" \/>\t\t\t\t\t\t\t\t\t\t\t\t\t\t\t<\/div>\n\t\t\t\t<\/div>\n\t\t\t\t<\/div>\n\t\t<div class=\"elementor-element elementor-element-cb3078f e-con-full e-flex wpr-particle-no wpr-jarallax-no wpr-parallax-no wpr-sticky-section-no e-con e-child\" data-id=\"cb3078f\" data-element_type=\"container\">\n\t\t\t\t<div class=\"elementor-element elementor-element-39ee1f5 elementor-widget elementor-widget-image\" data-id=\"39ee1f5\" data-element_type=\"widget\" data-widget_type=\"image.default\">\n\t\t\t\t<div class=\"elementor-widget-container\">\n\t\t\t\t\t\t\t\t\t\t\t\t\t\t\t<img loading=\"lazy\" decoding=\"async\" width=\"768\" height=\"768\" src=\"https:\/\/becacompany.com\/wp-content\/uploads\/2025\/03\/Mimize-the-risk-768x768-1.png\" class=\"attachment-large size-large wp-image-4147\" alt=\"\" srcset=\"https:\/\/becacompany.com\/wp-content\/uploads\/2025\/03\/Mimize-the-risk-768x768-1.png 768w, https:\/\/becacompany.com\/wp-content\/uploads\/2025\/03\/Mimize-the-risk-768x768-1-640x640.png 640w, https:\/\/becacompany.com\/wp-content\/uploads\/2025\/03\/Mimize-the-risk-768x768-1-400x400.png 400w, https:\/\/becacompany.com\/wp-content\/uploads\/2025\/03\/Mimize-the-risk-768x768-1-560x560.png 560w, https:\/\/becacompany.com\/wp-content\/uploads\/2025\/03\/Mimize-the-risk-768x768-1-367x367.png 367w\" sizes=\"(max-width: 768px) 100vw, 768px\" \/>\t\t\t\t\t\t\t\t\t\t\t\t\t\t\t<\/div>\n\t\t\t\t<\/div>\n\t\t\t\t<\/div>\n\t\t\t\t\t<\/div>\n\t\t\t\t<\/div>\n\t\t\t\t<\/div>","protected":false},"excerpt":{"rendered":"<p>As a trusted leader in Asset Integrity and Corrosion Management, BECA supports energy companies, industrial plants, and critical facilities in maximizing reliability, availability, and maintainability (RAM) while optimizing safety, performance, and cost-efficiency. Our expertise empowers Improve plant performance and profitability Enhance safety and reduce operational risks Lower maintenance and inspection costs Strengthen workforce safety and efficiency We provide specialized engineering support across all areas of Asset Integrity &amp; Corrosion Management, including: Design and Process Safety Mechanical Integrity and Inspection Maintenance and Operational Support Corrosion Engineering and Metallurgy Risk-Based Analysis and Management Our Approach Our system is designed to ensure assets perform effectively and safely across their entire lifecycle, while protecting people, infrastructure, and the environment. We make sure the right people, systems, procedures, and tools are in place and operating as intended\u2014at every stage. Key Benefits Lifecycle Integrity Assurance: From design to decommissioning, we help ensure full compliance and reliability Proactive Risk &amp; Inspection Management: Through audits, quality assurance, and process controls Reduced Costs &amp; Improved Safety: Lowering repair and unplanned maintenance expenses Operational Efficiency: Minimizing downtime and maximizing equipment performance<\/p>","protected":false},"author":1,"featured_media":0,"parent":0,"menu_order":0,"comment_status":"closed","ping_status":"closed","template":"","meta":{"footnotes":""},"class_list":["post-3817","page","type-page","status-publish","hentry"],"_links":{"self":[{"href":"https:\/\/becacompany.com\/fr\/wp-json\/wp\/v2\/pages\/3817","targetHints":{"allow":["GET"]}}],"collection":[{"href":"https:\/\/becacompany.com\/fr\/wp-json\/wp\/v2\/pages"}],"about":[{"href":"https:\/\/becacompany.com\/fr\/wp-json\/wp\/v2\/types\/page"}],"author":[{"embeddable":true,"href":"https:\/\/becacompany.com\/fr\/wp-json\/wp\/v2\/users\/1"}],"replies":[{"embeddable":true,"href":"https:\/\/becacompany.com\/fr\/wp-json\/wp\/v2\/comments?post=3817"}],"version-history":[{"count":34,"href":"https:\/\/becacompany.com\/fr\/wp-json\/wp\/v2\/pages\/3817\/revisions"}],"predecessor-version":[{"id":6468,"href":"https:\/\/becacompany.com\/fr\/wp-json\/wp\/v2\/pages\/3817\/revisions\/6468"}],"wp:attachment":[{"href":"https:\/\/becacompany.com\/fr\/wp-json\/wp\/v2\/media?parent=3817"}],"curies":[{"name":"wp","href":"https:\/\/api.w.org\/{rel}","templated":true}]}}