{"id":3823,"date":"2025-02-10T16:09:02","date_gmt":"2025-02-10T16:09:02","guid":{"rendered":"https:\/\/becacompany.ticgeek.com\/?page_id=3823"},"modified":"2025-05-26T12:15:49","modified_gmt":"2025-05-26T12:15:49","slug":"ocgt-rig-inspections","status":"publish","type":"page","link":"https:\/\/becacompany.com\/fr\/ocgt-rig-inspections\/","title":{"rendered":"Inspections OCGT et de plateformes"},"content":{"rendered":"<div data-elementor-type=\"wp-page\" data-elementor-id=\"3823\" class=\"elementor elementor-3823\">\n\t\t\t\t<div class=\"elementor-element elementor-element-a48d8e8 animated-slow e-flex e-con-boxed wpr-particle-no wpr-jarallax-no wpr-parallax-no wpr-sticky-section-no elementor-invisible e-con e-parent\" data-id=\"a48d8e8\" data-element_type=\"container\" data-settings=\"{&quot;animation&quot;:&quot;slideInUp&quot;}\">\n\t\t\t\t\t<div class=\"e-con-inner\">\n\t\t\t\t<div class=\"elementor-element elementor-element-af8b360 elementor-widget elementor-widget-porto_ultimate_heading\" data-id=\"af8b360\" data-element_type=\"widget\" data-widget_type=\"porto_ultimate_heading.default\">\n\t\t\t\t<div class=\"elementor-widget-container\">\n\t\t\t\t\t<div class=\"porto-u-heading  porto-u-ad87e2eaf3f9c495180fe0156ddf3eb0\"><div class=\"porto-u-sub-heading\" style=\"\"><h2><strong>TUBES P\u00c9TROLIERS DE PAYS (OCTG)<\/strong><\/h2><p>Les tubes, <b>les plates-formes et les tuyaux<\/b> des champs p\u00e9trolif\u00e8res sont soumis \u00e0 des conditions extr\u00eames et sont particuli\u00e8rement sensibles \u00e0 la <b>corrosion fissurante, aux d\u00e9fauts de fabrication et aux dommages caus\u00e9s par des tiers<\/b>. Garantir leur int\u00e9grit\u00e9 est essentiel pour maintenir la s\u00e9curit\u00e9, la fiabilit\u00e9 et l'efficacit\u00e9 op\u00e9rationnelle dans <b>l'industrie du p\u00e9trole et du gaz<\/b>.<\/p><p>BECA fournit <b>des services d'inspection professionnels et rentables<\/b> afin d'am\u00e9liorer la s\u00e9curit\u00e9 et la fiabilit\u00e9 des activit\u00e9s de ses clients. Notre objectif est de :<\/p><ul><li><b>Assurez le bon d\u00e9roulement des op\u00e9rations<\/b> et minimisez les temps d'arr\u00eat.<\/li><li><b>R\u00e9duire les risques financiers<\/b> en pr\u00e9venant les d\u00e9faillances.<\/li><li><b>Proposer des solutions d'inspection sur mesure<\/b> pour r\u00e9pondre aux besoins sp\u00e9cifiques des clients.<\/li><\/ul><p>Nous sommes conscients de l'importance d'un <b>service rapide et efficace<\/b> dans <b>le domaine du forage offshore et onshore<\/b>des \u00e9quipements et syst\u00e8mes cl\u00e9s, aidant ainsi les clients \u00e0 identifier et \u00e0 att\u00e9nuer les menaces potentielles. <b>syst\u00e8mes de rapports informatis\u00e9s de pointe<\/b> afin de rationaliser le processus d'inspection et d'am\u00e9liorer la pr\u00e9cision des rapports.<\/p><p>Nos services d'inspection sont con\u00e7us pour <b>r\u00e9duire les temps d'arr\u00eat et les co\u00fbts<\/b> en am\u00e9liorant la <b>fiabilit\u00e9, la s\u00e9curit\u00e9 et les performances environnementales<\/b> des op\u00e9rations de forage. Nous fournissons \u00e0 <b>l'adresse des rapports techniques complets, fond\u00e9s sur les risques<\/b> , qui \u00e9valuent <b>l'\u00e9tat et l'exploitabilit\u00e9<\/b> des \u00e9quipements et syst\u00e8mes cl\u00e9s, aidant ainsi les clients \u00e0 identifier et \u00e0 att\u00e9nuer les menaces potentielles.<\/p><p>\u00a0<\/p><\/div><style>.porto-u-ad87e2eaf3f9c495180fe0156ddf3eb0.porto-u-heading{text-align:left}<\/style><\/div>\t\t\t\t<\/div>\n\t\t\t\t<\/div>\n\t\t\t\t\t<\/div>\n\t\t\t\t<\/div>\n\t\t<div class=\"elementor-element elementor-element-ef7bbc4 animated-slow e-flex e-con-boxed wpr-particle-no wpr-jarallax-no wpr-parallax-no wpr-sticky-section-no elementor-invisible e-con e-parent\" data-id=\"ef7bbc4\" data-element_type=\"container\" data-settings=\"{&quot;animation&quot;:&quot;slideInUp&quot;}\">\n\t\t\t\t\t<div class=\"e-con-inner\">\n\t\t\t\t<div class=\"elementor-element elementor-element-40d3956 elementor-widget elementor-widget-porto_ultimate_heading\" data-id=\"40d3956\" data-element_type=\"widget\" data-widget_type=\"porto_ultimate_heading.default\">\n\t\t\t\t<div class=\"elementor-widget-container\">\n\t\t\t\t\t<div class=\"porto-u-heading  porto-u-ad87e2eaf3f9c495180fe0156ddf3eb0\"><div class=\"porto-u-sub-heading\" style=\"\"><h2>\u00c9tendue des services d'inspection :<\/h2><ul><li>Inspection compl\u00e8te de la plateforme<\/li><li>Enqu\u00eate sur les objets tomb\u00e9s<\/li><li>\u00c9quipements principaux et auxiliaires<\/li><li>Syst\u00e8mes de boue<\/li><li>Grues et syst\u00e8mes de levage<\/li><li>\u00c9quipements de contr\u00f4le des puits<\/li><li>\u00c9quipements marins et de s\u00e9curit\u00e9<\/li><li>Enqu\u00eates d'acceptation et de s\u00e9curit\u00e9 des plateformes<\/li><li>Chaque inspection est <b>adapt\u00e9e<\/b> aux besoins du client, ce qui <b>permet de s'assurer que l'\u00e9quipement de la plate-forme est adapt\u00e9 \u00e0 l'usage pr\u00e9vu<\/b> et conforme aux normes de l'industrie.<\/li><\/ul><\/div><style>.porto-u-ad87e2eaf3f9c495180fe0156ddf3eb0.porto-u-heading{text-align:left}<\/style><\/div>\t\t\t\t<\/div>\n\t\t\t\t<\/div>\n\t\t\t\t\t<\/div>\n\t\t\t\t<\/div>\n\t\t<div class=\"elementor-element elementor-element-61f9a30 e-flex e-con-boxed wpr-particle-no wpr-jarallax-no wpr-parallax-no wpr-sticky-section-no e-con e-parent\" data-id=\"61f9a30\" data-element_type=\"container\">\n\t\t\t\t\t<div class=\"e-con-inner\">\n\t\t\t\t<div class=\"elementor-element elementor-element-025c01f elementor-widget elementor-widget-porto_ultimate_heading\" data-id=\"025c01f\" data-element_type=\"widget\" data-widget_type=\"porto_ultimate_heading.default\">\n\t\t\t\t<div class=\"elementor-widget-container\">\n\t\t\t\t\t<div class=\"porto-u-heading  porto-u-ad87e2eaf3f9c495180fe0156ddf3eb0\"><div class=\"porto-u-sub-heading\" style=\"\"><h2>Services d'entretien divers<\/h2><ul><li><b>R\u00e9parations sur le terrain et rechargement des \u00e9paulements<\/b><\/li><li><b>Services de redressement de tuyaux<\/b><\/li><li><b>Inspection m\u00e9canique et optique des pi\u00e8ces d'identit\u00e9<\/b><\/li><li><b>D\u00e9capage interne et externe \u00e0 l'eau sous haute pression<\/b><\/li><li><b>Services de rev\u00eatement externe<\/b><\/li><\/ul><p>\u00a0<\/p><\/div><style>.porto-u-ad87e2eaf3f9c495180fe0156ddf3eb0.porto-u-heading{text-align:left}<\/style><\/div>\t\t\t\t<\/div>\n\t\t\t\t<\/div>\n\t\t\t\t\t<\/div>\n\t\t\t\t<\/div>\n\t\t<div class=\"elementor-element elementor-element-a3608fa e-flex e-con-boxed wpr-particle-no wpr-jarallax-no wpr-parallax-no wpr-sticky-section-no e-con e-parent\" data-id=\"a3608fa\" data-element_type=\"container\">\n\t\t\t\t\t<div class=\"e-con-inner\">\n\t\t\t\t<div class=\"elementor-element elementor-element-03d3e07 elementor-widget elementor-widget-porto_ultimate_heading\" data-id=\"03d3e07\" data-element_type=\"widget\" data-widget_type=\"porto_ultimate_heading.default\">\n\t\t\t\t<div class=\"elementor-widget-container\">\n\t\t\t\t\t<div class=\"porto-u-heading  porto-u-ad87e2eaf3f9c495180fe0156ddf3eb0\"><div class=\"porto-u-sub-heading\" style=\"\"><h2>Services sp\u00e9cialis\u00e9s d'inspection et de r\u00e9paration<\/h2><ul><li><b>Contr\u00f4le magn\u00e9toscopique humide \/ sec (MPI)<\/b><\/li><li><b>Contr\u00f4le par p\u00e9n\u00e9trant liquide (LPI)<\/b><\/li><li><b>Inspection \u00e9lectromagn\u00e9tique (EMI)<\/b><\/li><li><b>MPI fluorescent par voie humide sur les zones d'extr\u00e9mit\u00e9 des BHA<\/b><\/li><li><b>\u00c9valuations dimensionnelles et inspections<\/b><\/li><li><b>Services de d\u00e9rive int\u00e9grale<\/b><\/li><li><b>Mesure du diam\u00e8tre ext\u00e9rieur sur toute la longueur du tube de forage<\/b><\/li><li><b>Inspection visuelle des filetages<\/b><\/li><li><b>Contr\u00f4le ultrasonore de l'\u00e9paisseur des parois<\/b><\/li><li><b>Tests de d\u00e9tection de d\u00e9fauts par ultrasons<\/b><\/li><\/ul><p>\u00a0<\/p><\/div><style>.porto-u-ad87e2eaf3f9c495180fe0156ddf3eb0.porto-u-heading{text-align:left}<\/style><\/div>\t\t\t\t<\/div>\n\t\t\t\t<\/div>\n\t\t\t\t\t<\/div>\n\t\t\t\t<\/div>\n\t\t<div class=\"elementor-element elementor-element-410dcbd e-flex e-con-boxed wpr-particle-no wpr-jarallax-no wpr-parallax-no wpr-sticky-section-no e-con e-parent\" data-id=\"410dcbd\" data-element_type=\"container\">\n\t\t\t\t\t<div class=\"e-con-inner\">\n\t\t\t\t<div class=\"elementor-element elementor-element-be7828a elementor-widget elementor-widget-porto_ultimate_heading\" data-id=\"be7828a\" data-element_type=\"widget\" data-widget_type=\"porto_ultimate_heading.default\">\n\t\t\t\t<div class=\"elementor-widget-container\">\n\t\t\t\t\t<div class=\"porto-u-heading  porto-u-ad87e2eaf3f9c495180fe0156ddf3eb0\"><div class=\"porto-u-sub-heading\" style=\"\"><h2><strong>Inspections selon les Normes API et Internationales<\/strong><\/h2><p>B.E.C.A r\u00e9alise des inspections conform\u00e9ment aux principales normes internationales, notamment :<\/p><ul><li><strong>API 5CT, 5A5, 5C1<\/strong> (tubes de cuvelage, de production, conduites, tiges lisses)<\/li><li><strong>API RP 7G-2, DS-1 et NS-2<\/strong><\/li><\/ul><h3><strong>\u00c9quipements inspect\u00e9s:<\/strong><\/h3><ul><li><strong>Tiges de forage :<\/strong> Tiges de forage standards et lourdes (Heavy-Weight)<\/li><li><strong>Collets de forage :<\/strong> Magn\u00e9tiques et non magn\u00e9tiques<\/li><li><strong>Ensembles de fond de trou (BHA) :<\/strong> Manchons, stabilisateurs, jars, al\u00e9seurs, moteurs de fond, outils MWD et LWD<\/li><li><strong>Outils de p\u00eache et de fraisage :<\/strong> Panier \u00e0 d\u00e9bris, al\u00e9soirs coniques, jars de p\u00eache<\/li><li><strong>Connexions :<\/strong> Inspection dimensionnelle des filetages \u00e9paul\u00e9s, doubles \u00e9paules, Hydril Wedge, couples \u00e0 haut couple et couples extr\u00eames<\/li><\/ul><\/div><style>.porto-u-ad87e2eaf3f9c495180fe0156ddf3eb0.porto-u-heading{text-align:left}<\/style><\/div>\t\t\t\t<\/div>\n\t\t\t\t<\/div>\n\t\t\t\t<div class=\"elementor-element elementor-element-45ee01b elementor-widget elementor-widget-spacer\" data-id=\"45ee01b\" data-element_type=\"widget\" data-widget_type=\"spacer.default\">\n\t\t\t\t<div class=\"elementor-widget-container\">\n\t\t\t\t\t\t\t<div class=\"elementor-spacer\">\n\t\t\t<div class=\"elementor-spacer-inner\"><\/div>\n\t\t<\/div>\n\t\t\t\t\t\t<\/div>\n\t\t\t\t<\/div>\n\t\t\t\t\t<\/div>\n\t\t\t\t<\/div>\n\t\t<div class=\"elementor-element elementor-element-35b9147 e-flex e-con-boxed wpr-particle-no wpr-jarallax-no wpr-parallax-no wpr-sticky-section-no e-con e-parent\" data-id=\"35b9147\" data-element_type=\"container\">\n\t\t\t\t\t<div class=\"e-con-inner\">\n\t\t<div class=\"elementor-element elementor-element-61fe19b e-con-full e-flex wpr-particle-no wpr-jarallax-no wpr-parallax-no wpr-sticky-section-no e-con e-child\" data-id=\"61fe19b\" data-element_type=\"container\">\n\t\t<div class=\"elementor-element elementor-element-a7aba89 e-con-full e-flex wpr-particle-no wpr-jarallax-no wpr-parallax-no wpr-sticky-section-no e-con e-child\" data-id=\"a7aba89\" data-element_type=\"container\">\n\t\t<div class=\"elementor-element elementor-element-c059b80 e-flex e-con-boxed wpr-particle-no wpr-jarallax-no wpr-parallax-no wpr-sticky-section-no e-con e-child\" data-id=\"c059b80\" data-element_type=\"container\">\n\t\t\t\t\t<div class=\"e-con-inner\">\n\t\t<div class=\"elementor-element elementor-element-9b619bf e-con-full e-flex wpr-particle-no wpr-jarallax-no wpr-parallax-no wpr-sticky-section-no elementor-invisible e-con e-child\" data-id=\"9b619bf\" data-element_type=\"container\" data-settings=\"{&quot;animation&quot;:&quot;slideInUp&quot;}\">\n\t\t\t\t<div class=\"elementor-element elementor-element-7e033c4 elementor-arrows-position-inside elementor-pagination-position-outside elementor-widget elementor-widget-image-carousel\" data-id=\"7e033c4\" data-element_type=\"widget\" data-settings=\"{&quot;navigation&quot;:&quot;both&quot;,&quot;autoplay&quot;:&quot;yes&quot;,&quot;pause_on_hover&quot;:&quot;yes&quot;,&quot;pause_on_interaction&quot;:&quot;yes&quot;,&quot;autoplay_speed&quot;:5000,&quot;infinite&quot;:&quot;yes&quot;,&quot;speed&quot;:500}\" data-widget_type=\"image-carousel.default\">\n\t\t\t\t<div class=\"elementor-widget-container\">\n\t\t\t\t\t\t\t<div class=\"elementor-image-carousel-wrapper swiper\" role=\"region\" aria-roledescription=\"carousel\" aria-label=\"Image Carousel\" dir=\"ltr\">\n\t\t\t<div class=\"elementor-image-carousel swiper-wrapper swiper-image-stretch\" aria-live=\"off\">\n\t\t\t\t\t\t\t\t<div class=\"swiper-slide\" role=\"group\" aria-roledescription=\"slide\" aria-label=\"1 sur 4\"><figure class=\"swiper-slide-inner\"><img decoding=\"async\" class=\"swiper-slide-image\" src=\"https:\/\/becacompany.com\/wp-content\/uploads\/2025\/03\/d1-1-600x600-1.png\" alt=\"d1-1-600x600\" \/><\/figure><\/div><div class=\"swiper-slide\" role=\"group\" aria-roledescription=\"slide\" aria-label=\"2 sur 4\"><figure class=\"swiper-slide-inner\"><img decoding=\"async\" class=\"swiper-slide-image\" src=\"https:\/\/becacompany.com\/wp-content\/uploads\/2025\/03\/d2-600x600-1.png\" alt=\"d2-600x600\" \/><\/figure><\/div><div class=\"swiper-slide\" role=\"group\" aria-roledescription=\"slide\" aria-label=\"3 sur 4\"><figure class=\"swiper-slide-inner\"><img decoding=\"async\" class=\"swiper-slide-image\" src=\"https:\/\/becacompany.com\/wp-content\/uploads\/2025\/03\/d3-600x600-1.png\" alt=\"d3-600x600\" \/><\/figure><\/div><div class=\"swiper-slide\" role=\"group\" aria-roledescription=\"slide\" aria-label=\"4 sur 4\"><figure class=\"swiper-slide-inner\"><img decoding=\"async\" class=\"swiper-slide-image\" src=\"https:\/\/becacompany.com\/wp-content\/uploads\/2025\/03\/f12-600x600-1.png\" alt=\"f12-600x600\" \/><\/figure><\/div>\t\t\t<\/div>\n\t\t\t\t\t\t\t\t\t\t\t\t<div class=\"elementor-swiper-button elementor-swiper-button-prev\" role=\"button\" tabindex=\"0\">\n\t\t\t\t\t\t<svg aria-hidden=\"true\" class=\"e-font-icon-svg e-eicon-chevron-left\" viewbox=\"0 0 1000 1000\" xmlns=\"http:\/\/www.w3.org\/2000\/svg\"><path d=\"M646 125C629 125 613 133 604 142L308 442C296 454 292 471 292 487 292 504 296 521 308 533L604 854C617 867 629 875 646 875 663 875 679 871 692 858 704 846 713 829 713 812 713 796 708 779 692 767L438 487 692 225C700 217 708 204 708 187 708 171 704 154 692 142 675 129 663 125 646 125Z\"><\/path><\/svg>\t\t\t\t\t<\/div>\n\t\t\t\t\t<div class=\"elementor-swiper-button elementor-swiper-button-next\" role=\"button\" tabindex=\"0\">\n\t\t\t\t\t\t<svg aria-hidden=\"true\" class=\"e-font-icon-svg e-eicon-chevron-right\" viewbox=\"0 0 1000 1000\" xmlns=\"http:\/\/www.w3.org\/2000\/svg\"><path d=\"M696 533C708 521 713 504 713 487 713 471 708 454 696 446L400 146C388 133 375 125 354 125 338 125 325 129 313 142 300 154 292 171 292 187 292 204 296 221 308 233L563 492 304 771C292 783 288 800 288 817 288 833 296 850 308 863 321 871 338 875 354 875 371 875 388 867 400 854L696 533Z\"><\/path><\/svg>\t\t\t\t\t<\/div>\n\t\t\t\t\n\t\t\t\t\t\t\t\t\t<div class=\"swiper-pagination\"><\/div>\n\t\t\t\t\t\t\t\t\t<\/div>\n\t\t\t\t\t\t<\/div>\n\t\t\t\t<\/div>\n\t\t\t\t<\/div>\n\t\t\t\t\t<\/div>\n\t\t\t\t<\/div>\n\t\t\t\t<\/div>\n\t\t\t\t<\/div>\n\t\t\t\t\t<\/div>\n\t\t\t\t<\/div>\n\t\t\t\t<\/div>","protected":false},"excerpt":{"rendered":"<p>COUNTRY TUBULAR GOODS (OCTG) Oilfield tubulars, rigs, and pipes operate under extreme conditions and are particularly susceptible to stress corrosion cracking, fabrication flaws, and third-party damages. Ensuring their integrity is critical to maintaining safety, reliability, and operational efficiency in the oil and gas industry. BECA provides cost-effective, professional inspection services to enhance the safety and reliability of client operations. Our goal is to: Ensure smooth operations and minimize downtime. Reduce financial risks by preventing failures. Deliver tailored inspection solutions to meet client-specific needs We recognize the importance of prompt and efficient service in offshore and onshore drilling. Delays in the certification process can lead to significant operational and financial implications. That\u2019s why BECA has invested in cutting-edge Computer-Generated Reporting Systems to streamline the inspection process and enhance reporting accuracy. Our inspection services are designed to reduce downtime and costs by enhancing the reliability, safety, and environmental performance of drilling operations. We provide comprehensive, risk-based technical reports that assess the condition and operability of key equipment and systems, helping clients identify and mitigate potential threats. \u00a0 Scope of Inspection Services: Full rig condition survey Dropped-objects survey Main &amp; Auxiliary equipment Mud systems Cranes &amp; Hoisting Systems Well control equipment Marine and Safety equipment Rig Acceptance &amp; Safety Surveys Each inspection is customized to client requirements, ensuring that rig equipment is fit for purpose and compliant with industry standards. Miscellaneous Maintenance Services Field Repairs &amp; Shoulder Refacing Pipe Straightening Services Mechanical Optical ID Inspection Internal &amp; External High-Pressure Water Blasting External Coating Services \u00a0 Specialized Inspection &amp; Repair Services Wet \/ Dry Magnetic Particle Inspection (MPI) Liquid Penetrant Inspection (LPI) Electro-Magnetic Inspection (EMI) Wet Fluorescent MPI on BHA End Areas Dimensional Evaluations &amp; Inspection Full-Length Drifting Services Full-Length OD Gauging on Drill Pipe Visual Thread Inspection Ultrasonic Wall Thickness Testing Ultrasonic Flaw Detection Testing \u00a0 API &amp; Industry-Standard Inspections B.E.C.A provides inspection services in accordance with leading international standards, including: API 5CT, 5A5, 5C1 (Casing, Tubing, Line Pipe, Plain-End Drill Pipe) API RP 7G-2, DS-1, and NS-2 Covered Equipment: Drill strings: Drill pipe and heavy-weight drill pipe Drill collars: Ferromagnetic and non-ferromagnetic Bottom hole assemblies: Subs, stabilizers, jars, reamers, mud motors, MWD, and LWD tools Fishing &amp; milling tools: Junk baskets, taper mills, fishing jars Connections: Dimensional inspection of rotary shoulder, double shoulder, Hydril wedge, high torque, and extreme torque connections<\/p>","protected":false},"author":1,"featured_media":0,"parent":0,"menu_order":0,"comment_status":"closed","ping_status":"closed","template":"","meta":{"footnotes":""},"class_list":["post-3823","page","type-page","status-publish","hentry"],"_links":{"self":[{"href":"https:\/\/becacompany.com\/fr\/wp-json\/wp\/v2\/pages\/3823","targetHints":{"allow":["GET"]}}],"collection":[{"href":"https:\/\/becacompany.com\/fr\/wp-json\/wp\/v2\/pages"}],"about":[{"href":"https:\/\/becacompany.com\/fr\/wp-json\/wp\/v2\/types\/page"}],"author":[{"embeddable":true,"href":"https:\/\/becacompany.com\/fr\/wp-json\/wp\/v2\/users\/1"}],"replies":[{"embeddable":true,"href":"https:\/\/becacompany.com\/fr\/wp-json\/wp\/v2\/comments?post=3823"}],"version-history":[{"count":37,"href":"https:\/\/becacompany.com\/fr\/wp-json\/wp\/v2\/pages\/3823\/revisions"}],"predecessor-version":[{"id":6462,"href":"https:\/\/becacompany.com\/fr\/wp-json\/wp\/v2\/pages\/3823\/revisions\/6462"}],"wp:attachment":[{"href":"https:\/\/becacompany.com\/fr\/wp-json\/wp\/v2\/media?parent=3823"}],"curies":[{"name":"wp","href":"https:\/\/api.w.org\/{rel}","templated":true}]}}