{"id":3827,"date":"2025-02-10T16:10:22","date_gmt":"2025-02-10T16:10:22","guid":{"rendered":"https:\/\/becacompany.ticgeek.com\/?page_id=3827"},"modified":"2025-04-23T22:55:07","modified_gmt":"2025-04-23T22:55:07","slug":"training","status":"publish","type":"page","link":"https:\/\/becacompany.com\/fr\/training\/","title":{"rendered":"Formation"},"content":{"rendered":"<div data-elementor-type=\"wp-page\" data-elementor-id=\"3827\" class=\"elementor elementor-3827\">\n\t\t\t\t<div class=\"elementor-element elementor-element-35b9918 e-flex e-con-boxed wpr-particle-no wpr-jarallax-no wpr-parallax-no wpr-sticky-section-no e-con e-parent\" data-id=\"35b9918\" data-element_type=\"container\">\n\t\t\t\t\t<div class=\"e-con-inner\">\n\t\t\t\t<div class=\"elementor-element elementor-element-482f811 elementor-invisible elementor-widget elementor-widget-porto_ultimate_heading\" data-id=\"482f811\" data-element_type=\"widget\" data-settings=\"{&quot;_animation&quot;:&quot;slideInUp&quot;}\" data-widget_type=\"porto_ultimate_heading.default\">\n\t\t\t\t<div class=\"elementor-widget-container\">\n\t\t\t\t\t<div class=\"porto-u-heading  porto-u-ad87e2eaf3f9c495180fe0156ddf3eb0\"><div class=\"porto-u-sub-heading\" style=\"\"><p>BECA propose une large gamme de <b>programmes de formation technique et de s\u00e9curit\u00e9,<\/b>garantissant la conformit\u00e9 aux normes industrielles en mati\u00e8re de <b>s\u00e9curit\u00e9, de qualit\u00e9, de protection de l'environnement et de sant\u00e9 au travail.<\/b>Nos sessions de formation couvrent les domaines cl\u00e9s suivants :<\/p><ul><li><b>Sant\u00e9 et s\u00e9curit\u00e9 au travail<\/b> : Sant\u00e9 au travail, s\u00e9curit\u00e9 incendie, hygi\u00e8ne du lieu de travail et gestion des risques.<\/li><li><b>Comp\u00e9tences techniques et conformit\u00e9<\/b> :Techniques de soudage, \u00e9quipements sous pression, bacs et r\u00e9servoirs de stockage, et essais non destructifs (END).<\/li><li><b>Exploitation et manutention des \u00e9quipements<\/b> : Levage, manutention et conduite d\u00e9fensive.<\/li><li><b>S\u00e9curit\u00e9 \u00e9lectrique et r\u00e9glementation<\/b> : Formation \u00e0 la s\u00e9curit\u00e9 \u00e9lectrique, \u00e0 la conformit\u00e9 r\u00e9glementaire et \u00e0 la gestion des risques.<\/li><\/ul><\/div><style>.porto-u-ad87e2eaf3f9c495180fe0156ddf3eb0.porto-u-heading{text-align:left}<\/style><\/div>\t\t\t\t<\/div>\n\t\t\t\t<\/div>\n\t\t\t\t\t<\/div>\n\t\t\t\t<\/div>\n\t\t\t\t<\/div>","protected":false},"excerpt":{"rendered":"<p>BECA offers a wide range of technical and safety training programs, ensuring compliance with industry standards in Safety, Quality, Environmental Protection, and Occupational Health. Our training sessions cover the following key areas: Workplace Safety &amp; Health : Occupational health, fire safety, workplace hygiene, and risk management. Technical Skills &amp; Compliance : Welding techniques, pressure equipment, bins &amp; storage tanks, and non-destructive testing (NDT). Equipment Operation &amp; Handling : Lifting, handling, and defensive driving. Electrical Safety &amp; Regulations : Electrical safety training, regulatory compliance, and hazard management.<\/p>","protected":false},"author":1,"featured_media":0,"parent":0,"menu_order":0,"comment_status":"closed","ping_status":"closed","template":"","meta":{"footnotes":""},"class_list":["post-3827","page","type-page","status-publish","hentry"],"_links":{"self":[{"href":"https:\/\/becacompany.com\/fr\/wp-json\/wp\/v2\/pages\/3827","targetHints":{"allow":["GET"]}}],"collection":[{"href":"https:\/\/becacompany.com\/fr\/wp-json\/wp\/v2\/pages"}],"about":[{"href":"https:\/\/becacompany.com\/fr\/wp-json\/wp\/v2\/types\/page"}],"author":[{"embeddable":true,"href":"https:\/\/becacompany.com\/fr\/wp-json\/wp\/v2\/users\/1"}],"replies":[{"embeddable":true,"href":"https:\/\/becacompany.com\/fr\/wp-json\/wp\/v2\/comments?post=3827"}],"version-history":[{"count":10,"href":"https:\/\/becacompany.com\/fr\/wp-json\/wp\/v2\/pages\/3827\/revisions"}],"predecessor-version":[{"id":5309,"href":"https:\/\/becacompany.com\/fr\/wp-json\/wp\/v2\/pages\/3827\/revisions\/5309"}],"wp:attachment":[{"href":"https:\/\/becacompany.com\/fr\/wp-json\/wp\/v2\/media?parent=3827"}],"curies":[{"name":"wp","href":"https:\/\/api.w.org\/{rel}","templated":true}]}}