{"id":3963,"date":"2025-02-26T11:53:33","date_gmt":"2025-02-26T11:53:33","guid":{"rendered":"https:\/\/becacompany.ticgeek.com\/?page_id=3963"},"modified":"2025-06-04T15:21:50","modified_gmt":"2025-06-04T15:21:50","slug":"careers-2","status":"publish","type":"page","link":"https:\/\/becacompany.com\/fr\/careers-2\/","title":{"rendered":"Carri\u00e8res"},"content":{"rendered":"<div data-elementor-type=\"wp-page\" data-elementor-id=\"3963\" class=\"elementor elementor-3963\">\n\t\t\t\t<div class=\"elementor-element elementor-element-57d612a e-con-full e-flex wpr-particle-no wpr-jarallax-no wpr-parallax-no wpr-sticky-section-no e-con e-parent\" data-id=\"57d612a\" data-element_type=\"container\">\n\t\t<div class=\"elementor-element elementor-element-a8c4b3c e-con-full e-flex wpr-particle-no wpr-jarallax-no wpr-parallax-no wpr-sticky-section-no e-con e-child\" data-id=\"a8c4b3c\" data-element_type=\"container\" data-settings=\"{&quot;background_background&quot;:&quot;classic&quot;}\">\n\t\t\t\t<div class=\"elementor-element elementor-element-dfe6a46 elementor-widget__width-initial elementor-absolute elementor-widget elementor-widget-heading\" data-id=\"dfe6a46\" data-element_type=\"widget\" data-settings=\"{&quot;_position&quot;:&quot;absolute&quot;}\" data-widget_type=\"heading.default\">\n\t\t\t\t<div class=\"elementor-widget-container\">\n\t\t\t\t\t<h2 class=\"elementor-heading-title elementor-size-default\"><a href=\"https:\/\/becacompany.com\/fr\/accountant\/\">Comptable<\/a><\/h2>\t\t\t\t<\/div>\n\t\t\t\t<\/div>\n\t\t\t\t<\/div>\n\t\t<div class=\"elementor-element elementor-element-8c38e50 e-con-full e-flex wpr-particle-no wpr-jarallax-no wpr-parallax-no wpr-sticky-section-no e-con e-child\" data-id=\"8c38e50\" data-element_type=\"container\">\n\t\t\t\t<div class=\"elementor-element elementor-element-78c8d35 elementor-absolute elementor-widget elementor-widget-porto_ultimate_heading\" data-id=\"78c8d35\" data-element_type=\"widget\" data-settings=\"{&quot;_position&quot;:&quot;absolute&quot;}\" data-widget_type=\"porto_ultimate_heading.default\">\n\t\t\t\t<div class=\"elementor-widget-container\">\n\t\t\t\t\t<div class=\"porto-u-heading  porto-u-55ca8359258f9a412be7e73af65d2aac\"><div class=\"porto-u-main-heading\"><h2   >Comptable<\/h2><\/div><div class=\"porto-u-sub-heading\" style=\"\"><h4>\u00a0<\/h4><h4>\u00a0La soci\u00e9t\u00e9 BECA recrute un(e) comptable pour son d\u00e9partement administratif et financier. Poste bas\u00e9 \u00e0 Sfax, avec possibilit\u00e9 de d\u00e9placements \u00e0 l'\u00e9tranger. Profil ...\u00a0<\/h4><\/div><style>.porto-u-55ca8359258f9a412be7e73af65d2aac.porto-u-heading{text-align:center}<\/style><\/div>\t\t\t\t<\/div>\n\t\t\t\t<\/div>\n\t\t\t\t<\/div>\n\t\t<div class=\"elementor-element elementor-element-1ba6eb4 e-con-full e-flex wpr-particle-no wpr-jarallax-no wpr-parallax-no wpr-sticky-section-no e-con e-child\" data-id=\"1ba6eb4\" data-element_type=\"container\">\n\t\t\t\t<div class=\"elementor-element elementor-element-77e3a51 elementor-widget__width-inherit elementor-absolute elementor-widget elementor-widget-html\" data-id=\"77e3a51\" data-element_type=\"widget\" data-settings=\"{&quot;_position&quot;:&quot;absolute&quot;}\" data-widget_type=\"html.default\">\n\t\t\t\t<div class=\"elementor-widget-container\">\n\t\t\t\t\t<div style=\"background-color: #000066; padding: 100px 20px; text-align: center; color: white;\">\r\n  <h2 style=\"font-size: 28px; font-weight: 400; margin-bottom: 40px; color: white;\">\r\n    Can\u2019t find the job you want?\r\n  <\/h2>\r\n\r\n  <form id=\"cv-form\" action=\"\">\r\n    <label for=\"cv-upload\" style=\"      display: inline-block;      padding: 12px 30px;      background-color: white;      color: #000066;      font-weight: 600;      border-radius: 6px;      font-size: 14px;      margin: 10px 0;      cursor: pointer;      text-transform: uppercase;      width: 250px;      text-align: center;    \">\r\n      Upload your CV\r\n      <input type=\"file\" id=\"cv-upload\" name=\"cv\" accept=\".pdf,.doc,.docx\" style=\"display: none;\" \/>\r\n    <\/label>\r\n\r\n    <br>\r\n\r\n    <input type=\"submit\" value=\"Soumettre\" style=\"      display: inline-block;      padding: 12px 30px;      background-color: white;      color: #000066;      font-weight: 600;      border-radius: 6px;      font-size: 14px;      margin: 10px 0;      border: none;      text-transform: uppercase;      width: 250px;      cursor: pointer;    \">\r\n  <input type=\"hidden\" name=\"trp-form-language\" value=\"fr\"\/><\/form>\r\n\r\n  <p id=\"success-message\" style=\"margin-top: 20px; font-size: 16px; display: none; color: #00ffcc;\">\r\n    Your CV has been successfully received\r\n  <\/p>\r\n<\/div>\r\n\r\n<script>\r\n  document.getElementById('cv-form').addEventListener('submit', function(e) {\r\n    e.preventDefault(); \/\/ Emp\u00eache le rechargement de la page\r\n    document.getElementById('success-message').style.display = 'block';\r\n  });\r\n<\/script>\r\n\t\t\t\t<\/div>\n\t\t\t\t<\/div>\n\t\t\t\t<\/div>\n\t\t\t\t<\/div>\n\t\t<div class=\"elementor-element elementor-element-07f9515 e-flex e-con-boxed wpr-particle-no wpr-jarallax-no wpr-parallax-no wpr-sticky-section-no e-con e-parent\" data-id=\"07f9515\" data-element_type=\"container\">\n\t\t\t\t\t<div class=\"e-con-inner\">\n\t\t<div class=\"elementor-element elementor-element-9dab6c8 e-con-full e-flex wpr-particle-no wpr-jarallax-no wpr-parallax-no wpr-sticky-section-no e-con e-child\" data-id=\"9dab6c8\" data-element_type=\"container\" data-settings=\"{&quot;background_background&quot;:&quot;classic&quot;}\">\n\t\t\t\t<div class=\"elementor-element elementor-element-9ab54bd elementor-absolute elementor-widget elementor-widget-heading\" data-id=\"9ab54bd\" data-element_type=\"widget\" data-settings=\"{&quot;_position&quot;:&quot;absolute&quot;}\" data-widget_type=\"heading.default\">\n\t\t\t\t<div class=\"elementor-widget-container\">\n\t\t\t\t\t<h2 class=\"elementor-heading-title elementor-size-default\"><a href=\"https:\/\/becacompany.com\/fr\/senior-technician-in-electromechanics\/\">Technicien S\u00e9nior en \u00c9lectrom\u00e9canique<\/a><\/h2>\t\t\t\t<\/div>\n\t\t\t\t<\/div>\n\t\t\t\t<\/div>\n\t\t<div class=\"elementor-element elementor-element-023aada e-con-full e-flex wpr-particle-no wpr-jarallax-no wpr-parallax-no wpr-sticky-section-no e-con e-child\" data-id=\"023aada\" data-element_type=\"container\">\n\t\t\t\t<div class=\"elementor-element elementor-element-27b2181 elementor-absolute elementor-widget elementor-widget-porto_ultimate_heading\" data-id=\"27b2181\" data-element_type=\"widget\" data-settings=\"{&quot;_position&quot;:&quot;absolute&quot;}\" data-widget_type=\"porto_ultimate_heading.default\">\n\t\t\t\t<div class=\"elementor-widget-container\">\n\t\t\t\t\t<div class=\"porto-u-heading  porto-u-55ca8359258f9a412be7e73af65d2aac\"><div class=\"porto-u-main-heading\"><h2   >Technicien S\u00e9nior en \u00c9lectrom\u00e9canique<\/h2><\/div><div class=\"porto-u-sub-heading\" style=\"\"><h4>\u00a0<\/h4><h4>\u00a0Experience: 1 to 3 years Training: BAC + 3 minimum Requirements: A serious man who accepts construction work Fluent in\u00a0<\/h4><\/div><style>.porto-u-55ca8359258f9a412be7e73af65d2aac.porto-u-heading{text-align:center}<\/style><\/div>\t\t\t\t<\/div>\n\t\t\t\t<\/div>\n\t\t\t\t<\/div>\n\t\t\t\t\t<\/div>\n\t\t\t\t<\/div>\n\t\t\t\t<\/div>","protected":false},"excerpt":{"rendered":"<p>Accountant\u200b Accountant \u00a0 \u00a0BECA company recruits an accountant for its administrative and financial department. Sfax based position with possibility to travel abroad. Profile\u00a0 Can\u2019t find the job you want? Upload your CV Your CV has been successfully received Senior Technician in Electromechanics\u200b Senior Technician in Electromechanics \u00a0 \u00a0Experience: 1 to 3 years Training: BAC + 3 minimum Requirements: A serious man who accepts construction work Fluent in\u00a0<\/p>","protected":false},"author":1,"featured_media":0,"parent":0,"menu_order":0,"comment_status":"closed","ping_status":"closed","template":"","meta":{"footnotes":""},"class_list":["post-3963","page","type-page","status-publish","hentry"],"_links":{"self":[{"href":"https:\/\/becacompany.com\/fr\/wp-json\/wp\/v2\/pages\/3963","targetHints":{"allow":["GET"]}}],"collection":[{"href":"https:\/\/becacompany.com\/fr\/wp-json\/wp\/v2\/pages"}],"about":[{"href":"https:\/\/becacompany.com\/fr\/wp-json\/wp\/v2\/types\/page"}],"author":[{"embeddable":true,"href":"https:\/\/becacompany.com\/fr\/wp-json\/wp\/v2\/users\/1"}],"replies":[{"embeddable":true,"href":"https:\/\/becacompany.com\/fr\/wp-json\/wp\/v2\/comments?post=3963"}],"version-history":[{"count":70,"href":"https:\/\/becacompany.com\/fr\/wp-json\/wp\/v2\/pages\/3963\/revisions"}],"predecessor-version":[{"id":7203,"href":"https:\/\/becacompany.com\/fr\/wp-json\/wp\/v2\/pages\/3963\/revisions\/7203"}],"wp:attachment":[{"href":"https:\/\/becacompany.com\/fr\/wp-json\/wp\/v2\/media?parent=3963"}],"curies":[{"name":"wp","href":"https:\/\/api.w.org\/{rel}","templated":true}]}}