{"id":4043,"date":"2025-02-26T23:14:01","date_gmt":"2025-02-26T23:14:01","guid":{"rendered":"https:\/\/becacompany.ticgeek.com\/?page_id=4043"},"modified":"2025-04-03T14:57:00","modified_gmt":"2025-04-03T14:57:00","slug":"ultrasonic-testing-ut","status":"publish","type":"page","link":"https:\/\/becacompany.com\/fr\/ultrasonic-testing-ut\/","title":{"rendered":"Contr\u00f4le ultrasonore (UT)"},"content":{"rendered":"<div data-elementor-type=\"wp-page\" data-elementor-id=\"4043\" class=\"elementor elementor-4043\">\n\t\t\t\t<div class=\"elementor-element elementor-element-c864d75 e-flex e-con-boxed wpr-particle-no wpr-jarallax-no wpr-parallax-no wpr-sticky-section-no e-con e-parent\" data-id=\"c864d75\" data-element_type=\"container\">\n\t\t\t\t\t<div class=\"e-con-inner\">\n\t\t\t\t<div class=\"elementor-element elementor-element-cf3dbdc elementor-widget elementor-widget-porto_ultimate_heading\" data-id=\"cf3dbdc\" data-element_type=\"widget\" data-widget_type=\"porto_ultimate_heading.default\">\n\t\t\t\t<div class=\"elementor-widget-container\">\n\t\t\t\t\t<div class=\"porto-u-heading  porto-u-ad87e2eaf3f9c495180fe0156ddf3eb0\"><div class=\"porto-u-sub-heading\" style=\"\"><h2><strong>D\u00e9tecter les fissures de surface, les imperfections internes et mesurer l'\u00e9paisseur du mat\u00e9riau.<\/strong><\/h2><p>Les essais ultrasoniques (UT) utilisent des ondes ultrasoniques \u00e0 haute fr\u00e9quence pour d\u00e9tecter les fissures de surface et les imperfections internes, mesurer l'\u00e9paisseur du mat\u00e9riau et d\u00e9terminer l'acceptation ou le rejet d'un objet test\u00e9 selon un code de r\u00e9f\u00e9rence ou une norme.Les UT sont enti\u00e8rement non destructifs. L'\u00e9chantillon de test n'a pas besoin d'\u00eatre d\u00e9coup\u00e9, sectionn\u00e9 ou expos\u00e9 \u00e0 des produits chimiques nuisibles. L'acc\u00e8s \u00e0 un seul c\u00f4t\u00e9 est requis.<\/p><p>Une grande vari\u00e9t\u00e9 de fissures, de vides, de d\u00e9collements, d'inclusions et d'autres probl\u00e8mes affectant l'int\u00e9grit\u00e9 structurelle peuvent \u00eatre localis\u00e9s et mesur\u00e9s gr\u00e2ce aux m\u00e9thodes UT. Les r\u00e9sultats des tests sont tr\u00e8s r\u00e9p\u00e9tables et fiables. La taille minimale du d\u00e9faut d\u00e9tectable dans une application donn\u00e9e d\u00e9pendra du type de mat\u00e9riau test\u00e9 et du type de d\u00e9faut \u00e0 d\u00e9tecter.<\/p><\/div><style>.porto-u-ad87e2eaf3f9c495180fe0156ddf3eb0.porto-u-heading{text-align:left}<\/style><\/div>\t\t\t\t<\/div>\n\t\t\t\t<\/div>\n\t\t\t\t<div class=\"elementor-element elementor-element-1ec333a elementor-widget elementor-widget-spacer\" data-id=\"1ec333a\" data-element_type=\"widget\" data-widget_type=\"spacer.default\">\n\t\t\t\t<div class=\"elementor-widget-container\">\n\t\t\t\t\t\t\t<div class=\"elementor-spacer\">\n\t\t\t<div class=\"elementor-spacer-inner\"><\/div>\n\t\t<\/div>\n\t\t\t\t\t\t<\/div>\n\t\t\t\t<\/div>\n\t\t\t\t\t<\/div>\n\t\t\t\t<\/div>\n\t\t<div class=\"elementor-element elementor-element-28c31a5 e-flex e-con-boxed wpr-particle-no wpr-jarallax-no wpr-parallax-no wpr-sticky-section-no e-con e-parent\" data-id=\"28c31a5\" data-element_type=\"container\">\n\t\t\t\t\t<div class=\"e-con-inner\">\n\t\t<div class=\"elementor-element elementor-element-bbd7f32 e-con-full e-flex wpr-particle-no wpr-jarallax-no wpr-parallax-no wpr-sticky-section-no e-con e-child\" data-id=\"bbd7f32\" data-element_type=\"container\">\n\t\t<div class=\"elementor-element elementor-element-d2b210d e-con-full e-flex wpr-particle-no wpr-jarallax-no wpr-parallax-no wpr-sticky-section-no e-con e-child\" data-id=\"d2b210d\" data-element_type=\"container\">\n\t\t<div class=\"elementor-element elementor-element-18ef0ae e-con-full e-flex wpr-particle-no wpr-jarallax-no wpr-parallax-no wpr-sticky-section-no elementor-invisible e-con e-child\" data-id=\"18ef0ae\" data-element_type=\"container\" data-settings=\"{&quot;animation&quot;:&quot;slideInUp&quot;}\">\n\t\t\t\t<div class=\"elementor-element elementor-element-f456247 elementor-arrows-position-inside elementor-pagination-position-outside elementor-widget elementor-widget-image-carousel\" data-id=\"f456247\" data-element_type=\"widget\" data-settings=\"{&quot;navigation&quot;:&quot;both&quot;,&quot;autoplay&quot;:&quot;yes&quot;,&quot;pause_on_hover&quot;:&quot;yes&quot;,&quot;pause_on_interaction&quot;:&quot;yes&quot;,&quot;autoplay_speed&quot;:5000,&quot;infinite&quot;:&quot;yes&quot;,&quot;speed&quot;:500}\" data-widget_type=\"image-carousel.default\">\n\t\t\t\t<div class=\"elementor-widget-container\">\n\t\t\t\t\t\t\t<div class=\"elementor-image-carousel-wrapper swiper\" role=\"region\" aria-roledescription=\"carousel\" aria-label=\"Image Carousel\" dir=\"ltr\">\n\t\t\t<div class=\"elementor-image-carousel swiper-wrapper\" aria-live=\"off\">\n\t\t\t\t\t\t\t\t<div class=\"swiper-slide\" role=\"group\" aria-roledescription=\"slide\" aria-label=\"1 sur 10\"><figure class=\"swiper-slide-inner\"><img decoding=\"async\" class=\"swiper-slide-image\" src=\"https:\/\/becacompany.com\/wp-content\/uploads\/2025\/03\/DSC_5883-600x600-2.jpg\" alt=\"DSC_5883-600x600\" \/><\/figure><\/div><div class=\"swiper-slide\" role=\"group\" aria-roledescription=\"slide\" aria-label=\"2 sur 10\"><figure class=\"swiper-slide-inner\"><img decoding=\"async\" class=\"swiper-slide-image\" src=\"https:\/\/becacompany.com\/wp-content\/uploads\/2025\/03\/DSC_6390-600x600-2.jpg\" alt=\"DSC_6390-600x600\" \/><\/figure><\/div><div class=\"swiper-slide\" role=\"group\" aria-roledescription=\"slide\" aria-label=\"3 sur 10\"><figure class=\"swiper-slide-inner\"><img decoding=\"async\" class=\"swiper-slide-image\" src=\"https:\/\/becacompany.com\/wp-content\/uploads\/2025\/03\/DSC00882-600x600-2.jpg\" alt=\"DSC00882-600x600\" \/><\/figure><\/div><div class=\"swiper-slide\" role=\"group\" aria-roledescription=\"slide\" aria-label=\"4 sur 10\"><figure class=\"swiper-slide-inner\"><img decoding=\"async\" class=\"swiper-slide-image\" src=\"https:\/\/becacompany.com\/wp-content\/uploads\/2025\/03\/shutterstock_284780753-600x600-2.jpg\" alt=\"shutterstock_284780753-600x600\" \/><\/figure><\/div><div class=\"swiper-slide\" role=\"group\" aria-roledescription=\"slide\" aria-label=\"5 sur 10\"><figure class=\"swiper-slide-inner\"><img decoding=\"async\" class=\"swiper-slide-image\" src=\"https:\/\/becacompany.com\/wp-content\/uploads\/2025\/03\/shutterstock_446295220-600x600-2.jpg\" alt=\"shutterstock_446295220-600x600\" \/><\/figure><\/div><div class=\"swiper-slide\" role=\"group\" aria-roledescription=\"slide\" aria-label=\"6 sur 10\"><figure class=\"swiper-slide-inner\"><img decoding=\"async\" class=\"swiper-slide-image\" src=\"https:\/\/becacompany.com\/wp-content\/uploads\/2025\/03\/shutterstock_715781359-600x600-2.jpg\" alt=\"shutterstock_715781359-600x600\" \/><\/figure><\/div><div class=\"swiper-slide\" role=\"group\" aria-roledescription=\"slide\" aria-label=\"7 sur 10\"><figure class=\"swiper-slide-inner\"><img decoding=\"async\" class=\"swiper-slide-image\" src=\"https:\/\/becacompany.com\/wp-content\/uploads\/2025\/03\/shutterstock_1120615427-600x600-1-1.jpg\" alt=\"shutterstock_1120615427-600x600 (1)\" \/><\/figure><\/div><div class=\"swiper-slide\" role=\"group\" aria-roledescription=\"slide\" aria-label=\"8 sur 10\"><figure class=\"swiper-slide-inner\"><img decoding=\"async\" class=\"swiper-slide-image\" src=\"https:\/\/becacompany.com\/wp-content\/uploads\/2025\/03\/shutterstock_1226635804-600x600-2.jpg\" alt=\"shutterstock_1226635804-600x600\" \/><\/figure><\/div><div class=\"swiper-slide\" role=\"group\" aria-roledescription=\"slide\" aria-label=\"9 sur 10\"><figure class=\"swiper-slide-inner\"><img decoding=\"async\" class=\"swiper-slide-image\" src=\"https:\/\/becacompany.com\/wp-content\/uploads\/2025\/03\/shutterstock_1545904856-600x600-2.jpg\" alt=\"shutterstock_1545904856-600x600\" \/><\/figure><\/div><div class=\"swiper-slide\" role=\"group\" aria-roledescription=\"slide\" aria-label=\"10 sur 10\"><figure class=\"swiper-slide-inner\"><img decoding=\"async\" class=\"swiper-slide-image\" src=\"https:\/\/becacompany.com\/wp-content\/uploads\/2025\/03\/shutterstock_1570960768-600x600-2.jpg\" alt=\"shutterstock_1570960768-600x600\" \/><\/figure><\/div>\t\t\t<\/div>\n\t\t\t\t\t\t\t\t\t\t\t\t<div class=\"elementor-swiper-button elementor-swiper-button-prev\" role=\"button\" tabindex=\"0\">\n\t\t\t\t\t\t<svg aria-hidden=\"true\" class=\"e-font-icon-svg e-eicon-chevron-left\" viewbox=\"0 0 1000 1000\" xmlns=\"http:\/\/www.w3.org\/2000\/svg\"><path d=\"M646 125C629 125 613 133 604 142L308 442C296 454 292 471 292 487 292 504 296 521 308 533L604 854C617 867 629 875 646 875 663 875 679 871 692 858 704 846 713 829 713 812 713 796 708 779 692 767L438 487 692 225C700 217 708 204 708 187 708 171 704 154 692 142 675 129 663 125 646 125Z\"><\/path><\/svg>\t\t\t\t\t<\/div>\n\t\t\t\t\t<div class=\"elementor-swiper-button elementor-swiper-button-next\" role=\"button\" tabindex=\"0\">\n\t\t\t\t\t\t<svg aria-hidden=\"true\" class=\"e-font-icon-svg e-eicon-chevron-right\" viewbox=\"0 0 1000 1000\" xmlns=\"http:\/\/www.w3.org\/2000\/svg\"><path d=\"M696 533C708 521 713 504 713 487 713 471 708 454 696 446L400 146C388 133 375 125 354 125 338 125 325 129 313 142 300 154 292 171 292 187 292 204 296 221 308 233L563 492 304 771C292 783 288 800 288 817 288 833 296 850 308 863 321 871 338 875 354 875 371 875 388 867 400 854L696 533Z\"><\/path><\/svg>\t\t\t\t\t<\/div>\n\t\t\t\t\n\t\t\t\t\t\t\t\t\t<div class=\"swiper-pagination\"><\/div>\n\t\t\t\t\t\t\t\t\t<\/div>\n\t\t\t\t\t\t<\/div>\n\t\t\t\t<\/div>\n\t\t\t\t<\/div>\n\t\t\t\t<\/div>\n\t\t\t\t<\/div>\n\t\t\t\t\t<\/div>\n\t\t\t\t<\/div>\n\t\t\t\t<\/div>","protected":false},"excerpt":{"rendered":"<p>Detect Surface Breaking, Internal Imperfections and Measure Material Thickness Ultrasonic Testing (UT) uses high frequency ultrasonic waves to detect\u00a0surface\u00a0breaking and internal imperfections, measure material thickness and determine acceptance or rejection of a test object based on a reference code or standard. UT is completely nondestructive. The test piece does not have to be cut, sectioned, or exposed to damaging chemicals. Access to only one side is required. A wide variety of cracks, voids, disbonds, inclusions, and similar problems that affect structural integrity can all be located and measured with UT methods. Test results are highly repeatable and reliable. The minimum detectable flaw size in a given application will depend on the type of material being tested and the type of flaw under consideration.<\/p>","protected":false},"author":1,"featured_media":0,"parent":0,"menu_order":0,"comment_status":"closed","ping_status":"closed","template":"","meta":{"footnotes":""},"class_list":["post-4043","page","type-page","status-publish","hentry"],"_links":{"self":[{"href":"https:\/\/becacompany.com\/fr\/wp-json\/wp\/v2\/pages\/4043","targetHints":{"allow":["GET"]}}],"collection":[{"href":"https:\/\/becacompany.com\/fr\/wp-json\/wp\/v2\/pages"}],"about":[{"href":"https:\/\/becacompany.com\/fr\/wp-json\/wp\/v2\/types\/page"}],"author":[{"embeddable":true,"href":"https:\/\/becacompany.com\/fr\/wp-json\/wp\/v2\/users\/1"}],"replies":[{"embeddable":true,"href":"https:\/\/becacompany.com\/fr\/wp-json\/wp\/v2\/comments?post=4043"}],"version-history":[{"count":16,"href":"https:\/\/becacompany.com\/fr\/wp-json\/wp\/v2\/pages\/4043\/revisions"}],"predecessor-version":[{"id":4944,"href":"https:\/\/becacompany.com\/fr\/wp-json\/wp\/v2\/pages\/4043\/revisions\/4944"}],"wp:attachment":[{"href":"https:\/\/becacompany.com\/fr\/wp-json\/wp\/v2\/media?parent=4043"}],"curies":[{"name":"wp","href":"https:\/\/api.w.org\/{rel}","templated":true}]}}