{"id":4045,"date":"2025-02-26T23:16:35","date_gmt":"2025-02-26T23:16:35","guid":{"rendered":"https:\/\/becacompany.ticgeek.com\/?page_id=4045"},"modified":"2025-03-13T13:40:39","modified_gmt":"2025-03-13T13:40:39","slug":"liquid-penetrant-inspection-lpi","status":"publish","type":"page","link":"https:\/\/becacompany.com\/fr\/liquid-penetrant-inspection-lpi\/","title":{"rendered":"Contr\u00f4le par p\u00e9n\u00e9trant liquide (LPI)"},"content":{"rendered":"<div data-elementor-type=\"wp-page\" data-elementor-id=\"4045\" class=\"elementor elementor-4045\">\n\t\t\t\t<div class=\"elementor-element elementor-element-496ba48 e-flex e-con-boxed wpr-particle-no wpr-jarallax-no wpr-parallax-no wpr-sticky-section-no e-con e-parent\" data-id=\"496ba48\" data-element_type=\"container\">\n\t\t\t\t\t<div class=\"e-con-inner\">\n\t\t\t\t<div class=\"elementor-element elementor-element-83ebce2 elementor-widget elementor-widget-porto_ultimate_heading\" data-id=\"83ebce2\" data-element_type=\"widget\" data-widget_type=\"porto_ultimate_heading.default\">\n\t\t\t\t<div class=\"elementor-widget-container\">\n\t\t\t\t\t<div class=\"porto-u-heading  porto-u-ad87e2eaf3f9c495180fe0156ddf3eb0\"><div class=\"porto-u-sub-heading\" style=\"\"><h2><strong>D\u00e9tection des Discontinuit\u00e9s de Surface dans les Mat\u00e9riaux Ferromagn\u00e9tiques et Non-Ferromagn\u00e9tiques<\/strong><\/h2><p>L'Inspection par P\u00e9n\u00e9tration de Liquide est l'une des m\u00e9thodes d'END (Examen Non Destructif) les plus couramment utilis\u00e9es. Sa popularit\u00e9 peut \u00eatre attribu\u00e9e \u00e0 deux facteurs principaux : sa relative facilit\u00e9 d'utilisation et sa flexibilit\u00e9. L'Inspection par P\u00e9n\u00e9tration de Liquide peut \u00eatre utilis\u00e9e pour inspecter presque tous les mat\u00e9riaux.<\/p><p>BECA utilise l'Inspection par P\u00e9n\u00e9tration de Liquide pour d\u00e9tecter les discontinuit\u00e9s de surface dans les mat\u00e9riaux ferromagn\u00e9tiques et non-ferromagn\u00e9tiques. Dans les moulages et les pi\u00e8ces forg\u00e9es, cela peut inclure des fissures ou des fuites dans les nouveaux produits ou des fissures de fatigue dans les composants en service. Nous r\u00e9alisons l'essai en utilisant des colorants rouges visibles sous lumi\u00e8re visible ou des colorants fluorescents sous lumi\u00e8re ultraviolette. Comme le nom l'indique, les colorants p\u00e9n\u00e8trent dans les discontinuit\u00e9s de surface par action capillaire. Apr\u00e8s l'\u00e9limination de l'exc\u00e9dent de mat\u00e9riau de la pi\u00e8ce test\u00e9e, des indications appara\u00eetront. L'\u00e9valuation et la classification du mat\u00e9riau sont bas\u00e9es sur un code ou les exigences du client..<\/p><\/div><style>.porto-u-ad87e2eaf3f9c495180fe0156ddf3eb0.porto-u-heading{text-align:left}<\/style><\/div>\t\t\t\t<\/div>\n\t\t\t\t<\/div>\n\t\t\t\t<div class=\"elementor-element elementor-element-b426096 elementor-widget elementor-widget-spacer\" data-id=\"b426096\" data-element_type=\"widget\" data-widget_type=\"spacer.default\">\n\t\t\t\t<div class=\"elementor-widget-container\">\n\t\t\t\t\t\t\t<div class=\"elementor-spacer\">\n\t\t\t<div class=\"elementor-spacer-inner\"><\/div>\n\t\t<\/div>\n\t\t\t\t\t\t<\/div>\n\t\t\t\t<\/div>\n\t\t\t\t\t<\/div>\n\t\t\t\t<\/div>\n\t\t<div class=\"elementor-element elementor-element-ef9ed02 e-flex e-con-boxed wpr-particle-no wpr-jarallax-no wpr-parallax-no wpr-sticky-section-no e-con e-parent\" data-id=\"ef9ed02\" data-element_type=\"container\">\n\t\t\t\t\t<div class=\"e-con-inner\">\n\t\t<div class=\"elementor-element elementor-element-94d1f28 e-con-full e-flex wpr-particle-no wpr-jarallax-no wpr-parallax-no wpr-sticky-section-no e-con e-child\" data-id=\"94d1f28\" data-element_type=\"container\">\n\t\t<div class=\"elementor-element elementor-element-df66cce e-con-full e-flex wpr-particle-no wpr-jarallax-no wpr-parallax-no wpr-sticky-section-no e-con e-child\" data-id=\"df66cce\" data-element_type=\"container\">\n\t\t<div class=\"elementor-element elementor-element-5700c03 e-con-full e-flex wpr-particle-no wpr-jarallax-no wpr-parallax-no wpr-sticky-section-no elementor-invisible e-con e-child\" data-id=\"5700c03\" data-element_type=\"container\" data-settings=\"{&quot;animation&quot;:&quot;slideInUp&quot;}\">\n\t\t\t\t<div class=\"elementor-element elementor-element-081f810 elementor-arrows-position-inside elementor-pagination-position-outside elementor-widget elementor-widget-image-carousel\" data-id=\"081f810\" data-element_type=\"widget\" data-settings=\"{&quot;navigation&quot;:&quot;both&quot;,&quot;autoplay&quot;:&quot;yes&quot;,&quot;pause_on_hover&quot;:&quot;yes&quot;,&quot;pause_on_interaction&quot;:&quot;yes&quot;,&quot;autoplay_speed&quot;:5000,&quot;infinite&quot;:&quot;yes&quot;,&quot;speed&quot;:500}\" data-widget_type=\"image-carousel.default\">\n\t\t\t\t<div class=\"elementor-widget-container\">\n\t\t\t\t\t\t\t<div class=\"elementor-image-carousel-wrapper swiper\" role=\"region\" aria-roledescription=\"carousel\" aria-label=\"Image Carousel\" dir=\"ltr\">\n\t\t\t<div class=\"elementor-image-carousel swiper-wrapper\" aria-live=\"off\">\n\t\t\t\t\t\t\t\t<div class=\"swiper-slide\" role=\"group\" aria-roledescription=\"slide\" aria-label=\"1 sur 6\"><figure class=\"swiper-slide-inner\"><img decoding=\"async\" class=\"swiper-slide-image\" src=\"https:\/\/becacompany.com\/wp-content\/uploads\/2025\/03\/DSC_6261-600x600-1.jpg\" alt=\"DSC_6261-600x600\" \/><\/figure><\/div><div class=\"swiper-slide\" role=\"group\" aria-roledescription=\"slide\" aria-label=\"2 sur 6\"><figure class=\"swiper-slide-inner\"><img decoding=\"async\" class=\"swiper-slide-image\" src=\"https:\/\/becacompany.com\/wp-content\/uploads\/2025\/03\/DSC_6264-600x600-1.jpg\" alt=\"DSC_6264-600x600\" \/><\/figure><\/div><div class=\"swiper-slide\" role=\"group\" aria-roledescription=\"slide\" aria-label=\"3 sur 6\"><figure class=\"swiper-slide-inner\"><img decoding=\"async\" class=\"swiper-slide-image\" src=\"https:\/\/becacompany.com\/wp-content\/uploads\/2025\/03\/shutterstock_1232642851-600x600-1.jpg\" alt=\"shutterstock_1232642851-600x600\" \/><\/figure><\/div><div class=\"swiper-slide\" role=\"group\" aria-roledescription=\"slide\" aria-label=\"4 sur 6\"><figure class=\"swiper-slide-inner\"><img decoding=\"async\" class=\"swiper-slide-image\" src=\"https:\/\/becacompany.com\/wp-content\/uploads\/2025\/03\/shutterstock_1375932452-600x600-1.jpg\" alt=\"shutterstock_1375932452-600x600\" \/><\/figure><\/div><div class=\"swiper-slide\" role=\"group\" aria-roledescription=\"slide\" aria-label=\"5 sur 6\"><figure class=\"swiper-slide-inner\"><img decoding=\"async\" class=\"swiper-slide-image\" src=\"https:\/\/becacompany.com\/wp-content\/uploads\/2025\/03\/shutterstock_1455216365-600x600-1.jpg\" alt=\"shutterstock_1455216365-600x600\" \/><\/figure><\/div><div class=\"swiper-slide\" role=\"group\" aria-roledescription=\"slide\" aria-label=\"6 sur 6\"><figure class=\"swiper-slide-inner\"><img decoding=\"async\" class=\"swiper-slide-image\" src=\"https:\/\/becacompany.com\/wp-content\/uploads\/2025\/03\/shutterstock_1576576765-600x600-1.jpg\" alt=\"shutterstock_1576576765-600x600\" \/><\/figure><\/div>\t\t\t<\/div>\n\t\t\t\t\t\t\t\t\t\t\t\t<div class=\"elementor-swiper-button elementor-swiper-button-prev\" role=\"button\" tabindex=\"0\">\n\t\t\t\t\t\t<svg aria-hidden=\"true\" class=\"e-font-icon-svg e-eicon-chevron-left\" viewbox=\"0 0 1000 1000\" xmlns=\"http:\/\/www.w3.org\/2000\/svg\"><path d=\"M646 125C629 125 613 133 604 142L308 442C296 454 292 471 292 487 292 504 296 521 308 533L604 854C617 867 629 875 646 875 663 875 679 871 692 858 704 846 713 829 713 812 713 796 708 779 692 767L438 487 692 225C700 217 708 204 708 187 708 171 704 154 692 142 675 129 663 125 646 125Z\"><\/path><\/svg>\t\t\t\t\t<\/div>\n\t\t\t\t\t<div class=\"elementor-swiper-button elementor-swiper-button-next\" role=\"button\" tabindex=\"0\">\n\t\t\t\t\t\t<svg aria-hidden=\"true\" class=\"e-font-icon-svg e-eicon-chevron-right\" viewbox=\"0 0 1000 1000\" xmlns=\"http:\/\/www.w3.org\/2000\/svg\"><path d=\"M696 533C708 521 713 504 713 487 713 471 708 454 696 446L400 146C388 133 375 125 354 125 338 125 325 129 313 142 300 154 292 171 292 187 292 204 296 221 308 233L563 492 304 771C292 783 288 800 288 817 288 833 296 850 308 863 321 871 338 875 354 875 371 875 388 867 400 854L696 533Z\"><\/path><\/svg>\t\t\t\t\t<\/div>\n\t\t\t\t\n\t\t\t\t\t\t\t\t\t<div class=\"swiper-pagination\"><\/div>\n\t\t\t\t\t\t\t\t\t<\/div>\n\t\t\t\t\t\t<\/div>\n\t\t\t\t<\/div>\n\t\t\t\t<\/div>\n\t\t\t\t<\/div>\n\t\t\t\t<\/div>\n\t\t\t\t\t<\/div>\n\t\t\t\t<\/div>\n\t\t\t\t<\/div>","protected":false},"excerpt":{"rendered":"<p>Detect Surface Discontinuities in Both Ferromagnetic and Non-ferromagnetic Materials Liquid Penetrant Inspection is one of the most widely used NDE\/ NDT methods. It\u2019s popularity can be attributed to two main factors: its relative ease of use and its flexibility. Liquid Penetrant Inspection can be used to inspect almost any material. BECA utilizes Liquid Penetrant Inspection to detect surface discontinuities in both ferromagnetic and non-ferromagnetic materials. In castings and forgings, these may be cracks or leaks in new products or fatigue cracks in in-service components. We perform the test using visible red dyes under visible light conditions or fluorescent dyes under ultraviolet light. As the name implies, the dyes penetrate into the surface discontinuities by capillary action. After the excess material is removed from the material being tested, indications will appear. Evaluation and classification of material is based on code or customer requirements.<\/p>","protected":false},"author":1,"featured_media":0,"parent":0,"menu_order":0,"comment_status":"closed","ping_status":"closed","template":"","meta":{"footnotes":""},"class_list":["post-4045","page","type-page","status-publish","hentry"],"_links":{"self":[{"href":"https:\/\/becacompany.com\/fr\/wp-json\/wp\/v2\/pages\/4045","targetHints":{"allow":["GET"]}}],"collection":[{"href":"https:\/\/becacompany.com\/fr\/wp-json\/wp\/v2\/pages"}],"about":[{"href":"https:\/\/becacompany.com\/fr\/wp-json\/wp\/v2\/types\/page"}],"author":[{"embeddable":true,"href":"https:\/\/becacompany.com\/fr\/wp-json\/wp\/v2\/users\/1"}],"replies":[{"embeddable":true,"href":"https:\/\/becacompany.com\/fr\/wp-json\/wp\/v2\/comments?post=4045"}],"version-history":[{"count":7,"href":"https:\/\/becacompany.com\/fr\/wp-json\/wp\/v2\/pages\/4045\/revisions"}],"predecessor-version":[{"id":4485,"href":"https:\/\/becacompany.com\/fr\/wp-json\/wp\/v2\/pages\/4045\/revisions\/4485"}],"wp:attachment":[{"href":"https:\/\/becacompany.com\/fr\/wp-json\/wp\/v2\/media?parent=4045"}],"curies":[{"name":"wp","href":"https:\/\/api.w.org\/{rel}","templated":true}]}}