{"id":4047,"date":"2025-02-26T23:17:50","date_gmt":"2025-02-26T23:17:50","guid":{"rendered":"https:\/\/becacompany.ticgeek.com\/?page_id=4047"},"modified":"2025-04-03T13:49:07","modified_gmt":"2025-04-03T13:49:07","slug":"vacuum-box-testing","status":"publish","type":"page","link":"https:\/\/becacompany.com\/fr\/vacuum-box-testing\/","title":{"rendered":"Essai en bo\u00eete \u00e0 vide"},"content":{"rendered":"<div data-elementor-type=\"wp-page\" data-elementor-id=\"4047\" class=\"elementor elementor-4047\">\n\t\t\t\t<div class=\"elementor-element elementor-element-5a931a1 e-flex e-con-boxed wpr-particle-no wpr-jarallax-no wpr-parallax-no wpr-sticky-section-no e-con e-parent\" data-id=\"5a931a1\" data-element_type=\"container\">\n\t\t\t\t\t<div class=\"e-con-inner\">\n\t\t\t\t<div class=\"elementor-element elementor-element-2982a72 elementor-widget elementor-widget-porto_ultimate_heading\" data-id=\"2982a72\" data-element_type=\"widget\" data-widget_type=\"porto_ultimate_heading.default\">\n\t\t\t\t<div class=\"elementor-widget-container\">\n\t\t\t\t\t<div class=\"porto-u-heading  porto-u-ad87e2eaf3f9c495180fe0156ddf3eb0\"><div class=\"porto-u-sub-heading\" style=\"\"><h2><strong>D\u00e9tecter et localiser les fuites de couture dans les soudures des r\u00e9servoirs de stockage<\/strong><\/h2><p>Essai en bo\u00eete \u00e0 vide est <b>une m\u00e9thode non destructive s\u00fbre et fiable<\/b> utilis\u00e9e pour d\u00e9tecter les fuites dans les soudures, en particulier sur <b>les r\u00e9servoirs de stockage, les appareils \u00e0 pression et les syst\u00e8mes de tuyauterie.<\/b>.<\/p><p>Le test consiste \u00e0 appliquer <b>une solution \u00e0 base de d\u00e9tergent<\/b> sur la zone de soudure, puis \u00e0 cr\u00e9er un vide \u00e0 l'aide d'une bo\u00eete herm\u00e9tique et d'une pompe. En cas de fuite, <b>l'air qui s'\u00e9chappe par le d\u00e9faut cr\u00e9e des bulles visibles,<\/b>ce qui permet une d\u00e9tection imm\u00e9diate.<\/p><p><b>Applications courantes :<\/b><\/p><ul><li>Soudures par recouvrement<\/li><li>Soudures coquille-annulaire<\/li><li>Soudures bout \u00e0 bout<\/li><li>Joints soud\u00e9s sur les r\u00e9servoirs, les cuves et les pipelines<\/li><\/ul><\/div><style>.porto-u-ad87e2eaf3f9c495180fe0156ddf3eb0.porto-u-heading{text-align:left}<\/style><\/div>\t\t\t\t<\/div>\n\t\t\t\t<\/div>\n\t\t\t\t<div class=\"elementor-element elementor-element-9163382 elementor-widget elementor-widget-spacer\" data-id=\"9163382\" data-element_type=\"widget\" data-widget_type=\"spacer.default\">\n\t\t\t\t<div class=\"elementor-widget-container\">\n\t\t\t\t\t\t\t<div class=\"elementor-spacer\">\n\t\t\t<div class=\"elementor-spacer-inner\"><\/div>\n\t\t<\/div>\n\t\t\t\t\t\t<\/div>\n\t\t\t\t<\/div>\n\t\t\t\t\t<\/div>\n\t\t\t\t<\/div>\n\t\t<div class=\"elementor-element elementor-element-3255c67 e-flex e-con-boxed wpr-particle-no wpr-jarallax-no wpr-parallax-no wpr-sticky-section-no e-con e-parent\" data-id=\"3255c67\" data-element_type=\"container\">\n\t\t\t\t\t<div class=\"e-con-inner\">\n\t\t<div class=\"elementor-element elementor-element-175bfc0 e-con-full e-flex wpr-particle-no wpr-jarallax-no wpr-parallax-no wpr-sticky-section-no e-con e-child\" data-id=\"175bfc0\" data-element_type=\"container\">\n\t\t\t\t<div class=\"elementor-element elementor-element-f9368df elementor-widget elementor-widget-image\" data-id=\"f9368df\" data-element_type=\"widget\" data-widget_type=\"image.default\">\n\t\t\t\t<div class=\"elementor-widget-container\">\n\t\t\t\t\t\t\t\t\t\t\t\t\t\t\t<img fetchpriority=\"high\" decoding=\"async\" width=\"600\" height=\"600\" src=\"https:\/\/becacompany.com\/wp-content\/uploads\/2025\/03\/2-600x600-1.jpg\" class=\"attachment-large size-large wp-image-4160\" alt=\"\" srcset=\"https:\/\/becacompany.com\/wp-content\/uploads\/2025\/03\/2-600x600-1.jpg 600w, https:\/\/becacompany.com\/wp-content\/uploads\/2025\/03\/2-600x600-1-400x400.jpg 400w, https:\/\/becacompany.com\/wp-content\/uploads\/2025\/03\/2-600x600-1-560x560.jpg 560w, https:\/\/becacompany.com\/wp-content\/uploads\/2025\/03\/2-600x600-1-367x367.jpg 367w\" sizes=\"(max-width: 600px) 100vw, 600px\" \/>\t\t\t\t\t\t\t\t\t\t\t\t\t\t\t<\/div>\n\t\t\t\t<\/div>\n\t\t\t\t<\/div>\n\t\t<div class=\"elementor-element elementor-element-11173e6 e-con-full e-flex wpr-particle-no wpr-jarallax-no wpr-parallax-no wpr-sticky-section-no e-con e-child\" data-id=\"11173e6\" data-element_type=\"container\">\n\t\t\t\t<div class=\"elementor-element elementor-element-4004275 elementor-widget elementor-widget-image\" data-id=\"4004275\" data-element_type=\"widget\" data-widget_type=\"image.default\">\n\t\t\t\t<div class=\"elementor-widget-container\">\n\t\t\t\t\t\t\t\t\t\t\t\t\t\t\t<img decoding=\"async\" width=\"600\" height=\"600\" src=\"https:\/\/becacompany.com\/wp-content\/uploads\/2025\/03\/29-20150616_093234-600x600-1.jpg\" class=\"attachment-large size-large wp-image-4161\" alt=\"\" srcset=\"https:\/\/becacompany.com\/wp-content\/uploads\/2025\/03\/29-20150616_093234-600x600-1.jpg 600w, https:\/\/becacompany.com\/wp-content\/uploads\/2025\/03\/29-20150616_093234-600x600-1-400x400.jpg 400w, https:\/\/becacompany.com\/wp-content\/uploads\/2025\/03\/29-20150616_093234-600x600-1-560x560.jpg 560w, https:\/\/becacompany.com\/wp-content\/uploads\/2025\/03\/29-20150616_093234-600x600-1-367x367.jpg 367w\" sizes=\"(max-width: 600px) 100vw, 600px\" \/>\t\t\t\t\t\t\t\t\t\t\t\t\t\t\t<\/div>\n\t\t\t\t<\/div>\n\t\t\t\t<\/div>\n\t\t<div class=\"elementor-element elementor-element-f4fe4fe e-con-full e-flex wpr-particle-no wpr-jarallax-no wpr-parallax-no wpr-sticky-section-no e-con e-child\" data-id=\"f4fe4fe\" data-element_type=\"container\">\n\t\t\t\t<div class=\"elementor-element elementor-element-0b00639 elementor-widget elementor-widget-image\" data-id=\"0b00639\" data-element_type=\"widget\" data-widget_type=\"image.default\">\n\t\t\t\t<div class=\"elementor-widget-container\">\n\t\t\t\t\t\t\t\t\t\t\t\t\t\t\t<img decoding=\"async\" width=\"1024\" height=\"1024\" src=\"https:\/\/becacompany.com\/wp-content\/uploads\/2025\/03\/Sans-titre-3-1024x1024.jpg\" class=\"attachment-large size-large wp-image-4165\" alt=\"\" srcset=\"https:\/\/becacompany.com\/wp-content\/uploads\/2025\/03\/Sans-titre-3-1024x1024.jpg 1024w, https:\/\/becacompany.com\/wp-content\/uploads\/2025\/03\/Sans-titre-3-768x768.jpg 768w, https:\/\/becacompany.com\/wp-content\/uploads\/2025\/03\/Sans-titre-3-640x640.jpg 640w, https:\/\/becacompany.com\/wp-content\/uploads\/2025\/03\/Sans-titre-3-400x400.jpg 400w, https:\/\/becacompany.com\/wp-content\/uploads\/2025\/03\/Sans-titre-3-560x560.jpg 560w, https:\/\/becacompany.com\/wp-content\/uploads\/2025\/03\/Sans-titre-3-367x367.jpg 367w\" sizes=\"(max-width: 1024px) 100vw, 1024px\" \/>\t\t\t\t\t\t\t\t\t\t\t\t\t\t\t<\/div>\n\t\t\t\t<\/div>\n\t\t\t\t<\/div>\n\t\t<div class=\"elementor-element elementor-element-3da2c3b e-con-full e-flex wpr-particle-no wpr-jarallax-no wpr-parallax-no wpr-sticky-section-no e-con e-child\" data-id=\"3da2c3b\" data-element_type=\"container\">\n\t\t\t\t<div class=\"elementor-element elementor-element-39b5669 elementor-widget elementor-widget-image\" data-id=\"39b5669\" data-element_type=\"widget\" data-widget_type=\"image.default\">\n\t\t\t\t<div class=\"elementor-widget-container\">\n\t\t\t\t\t\t\t\t\t\t\t\t\t\t\t<img loading=\"lazy\" decoding=\"async\" width=\"1024\" height=\"1007\" src=\"https:\/\/becacompany.com\/wp-content\/uploads\/2025\/02\/5-1-1024x1007.jpg\" class=\"attachment-large size-large wp-image-3929\" alt=\"\" srcset=\"https:\/\/becacompany.com\/wp-content\/uploads\/2025\/02\/5-1-1024x1007.jpg 1024w, https:\/\/becacompany.com\/wp-content\/uploads\/2025\/02\/5-1-768x755.jpg 768w, https:\/\/becacompany.com\/wp-content\/uploads\/2025\/02\/5-1-640x629.jpg 640w, https:\/\/becacompany.com\/wp-content\/uploads\/2025\/02\/5-1-400x393.jpg 400w, https:\/\/becacompany.com\/wp-content\/uploads\/2025\/02\/5-1-367x361.jpg 367w\" sizes=\"(max-width: 1024px) 100vw, 1024px\" \/>\t\t\t\t\t\t\t\t\t\t\t\t\t\t\t<\/div>\n\t\t\t\t<\/div>\n\t\t\t\t<\/div>\n\t\t\t\t\t<\/div>\n\t\t\t\t<\/div>\n\t\t\t\t<\/div>","protected":false},"excerpt":{"rendered":"<p>Detect and locate to locate seam leaks in the welds of storage tanks. Vacuum Box Testing is a safe, reliable non-destructive method used to detect seam leaks in welds\u2014especially on storage tanks, pressure vessels, and piping systems. The test involves applying a detergent-based solution over the weld area, followed by creating a vacuum using a sealed box and pump. If a leak is present, air escaping through the defect creates visible bubbles, allowing for immediate detection. Common Applications: Lap welds Shell-to-annular welds Butt welds Welded joints on tanks, vessels, and pipelines<\/p>","protected":false},"author":1,"featured_media":0,"parent":0,"menu_order":0,"comment_status":"closed","ping_status":"closed","template":"","meta":{"footnotes":""},"class_list":["post-4047","page","type-page","status-publish","hentry"],"_links":{"self":[{"href":"https:\/\/becacompany.com\/fr\/wp-json\/wp\/v2\/pages\/4047","targetHints":{"allow":["GET"]}}],"collection":[{"href":"https:\/\/becacompany.com\/fr\/wp-json\/wp\/v2\/pages"}],"about":[{"href":"https:\/\/becacompany.com\/fr\/wp-json\/wp\/v2\/types\/page"}],"author":[{"embeddable":true,"href":"https:\/\/becacompany.com\/fr\/wp-json\/wp\/v2\/users\/1"}],"replies":[{"embeddable":true,"href":"https:\/\/becacompany.com\/fr\/wp-json\/wp\/v2\/comments?post=4047"}],"version-history":[{"count":7,"href":"https:\/\/becacompany.com\/fr\/wp-json\/wp\/v2\/pages\/4047\/revisions"}],"predecessor-version":[{"id":4907,"href":"https:\/\/becacompany.com\/fr\/wp-json\/wp\/v2\/pages\/4047\/revisions\/4907"}],"wp:attachment":[{"href":"https:\/\/becacompany.com\/fr\/wp-json\/wp\/v2\/media?parent=4047"}],"curies":[{"name":"wp","href":"https:\/\/api.w.org\/{rel}","templated":true}]}}