{"id":4057,"date":"2025-02-26T23:24:19","date_gmt":"2025-02-26T23:24:19","guid":{"rendered":"https:\/\/becacompany.ticgeek.com\/?page_id=4057"},"modified":"2025-05-26T12:26:02","modified_gmt":"2025-05-26T12:26:02","slug":"lrut-long-range-ultrasonic-testing","status":"publish","type":"page","link":"https:\/\/becacompany.com\/fr\/lrut-long-range-ultrasonic-testing\/","title":{"rendered":"LRUT \u2013 Contr\u00f4le ultrasonore \u00e0 longue port\u00e9e"},"content":{"rendered":"<div data-elementor-type=\"wp-page\" data-elementor-id=\"4057\" class=\"elementor elementor-4057\">\n\t\t\t\t<div class=\"elementor-element elementor-element-155ad5b e-flex e-con-boxed wpr-particle-no wpr-jarallax-no wpr-parallax-no wpr-sticky-section-no e-con e-parent\" data-id=\"155ad5b\" data-element_type=\"container\">\n\t\t\t\t\t<div class=\"e-con-inner\">\n\t\t\t\t<div class=\"elementor-element elementor-element-a6d58a9 elementor-widget elementor-widget-porto_ultimate_heading\" data-id=\"a6d58a9\" data-element_type=\"widget\" data-widget_type=\"porto_ultimate_heading.default\">\n\t\t\t\t<div class=\"elementor-widget-container\">\n\t\t\t\t\t<div class=\"porto-u-heading  porto-u-ad87e2eaf3f9c495180fe0156ddf3eb0\"><div class=\"porto-u-sub-heading\" style=\"\"><p>Le LRUT a \u00e9t\u00e9 utilis\u00e9 pour le d\u00e9pistage des syst\u00e8mes de tuyauterie en surface en raison de son taux de couverture de production \u00e9lev\u00e9 par rapport aux techniques manuelles. Cependant, il reste la seule technique fiable pour le d\u00e9pistage des syst\u00e8mes de tuyauterie souterrains ou sous-marins, o\u00f9 l'acc\u00e8s est souvent limit\u00e9 ou tr\u00e8s co\u00fbteux pour utiliser des techniques de contact manuelles. Cette technologie continue d'\u00eatre am\u00e9lior\u00e9e, et le nombre d'applications utilisant ce syst\u00e8me s'est consid\u00e9rablement d\u00e9velopp\u00e9.<\/p><p>La technologie fonctionne par la mise en place d'une s\u00e9rie de sondes dispos\u00e9es dans une ceinture, envelopp\u00e9e autour du tuyau \u00e0 inspecter. Le syst\u00e8me g\u00e9n\u00e8re ensuite des ondes ultrasonores guid\u00e9es qui se propagent longitudinalement le long du tuyau ; la distance couverte par les ondes ultrasonores d\u00e9pend de plusieurs facteurs li\u00e9s au rev\u00eatement du tuyau, aux connexions de branches, aux raccords, ainsi qu'\u00e0 la localisation du tuyau (en surface ou enterr\u00e9). Le syst\u00e8me peut inspecter dans les deux directions \u00e0 partir de chaque point d'inspection, maximisant ainsi la production.<\/p><p>\u00a0<\/p><\/div><style>.porto-u-ad87e2eaf3f9c495180fe0156ddf3eb0.porto-u-heading{text-align:left}<\/style><\/div>\t\t\t\t<\/div>\n\t\t\t\t<\/div>\n\t\t\t\t\t<\/div>\n\t\t\t\t<\/div>\n\t\t<div class=\"elementor-element elementor-element-ded5edf e-flex e-con-boxed wpr-particle-no wpr-jarallax-no wpr-parallax-no wpr-sticky-section-no e-con e-parent\" data-id=\"ded5edf\" data-element_type=\"container\">\n\t\t\t\t\t<div class=\"e-con-inner\">\n\t\t\t\t<div class=\"elementor-element elementor-element-206fdad elementor-widget__width-initial elementor-widget elementor-widget-porto_ultimate_heading\" data-id=\"206fdad\" data-element_type=\"widget\" data-widget_type=\"porto_ultimate_heading.default\">\n\t\t\t\t<div class=\"elementor-widget-container\">\n\t\t\t\t\t<div class=\"porto-u-heading  porto-u-ad87e2eaf3f9c495180fe0156ddf3eb0\"><div class=\"porto-u-sub-heading\" style=\"\"><h2><strong>Avantages du LRUT :<\/strong><\/h2><ul><li>Inspection \u00e0 haute productivit\u00e9 avec une couverture \u00e0 longue port\u00e9e et un d\u00e9pistage rapide<\/li><li>Capacit\u00e9 \u00e0 scanner des tuyaux avec un acc\u00e8s limit\u00e9<\/li><li>Couverture d'inspection \u00e0 100 % de la paroi du tuyau<\/li><li>Solution rentable pour les programmes de gestion de l'int\u00e9grit\u00e9 des tuyaux<\/li><li>Inspection en service (pas de n\u00e9cessit\u00e9 d'arr\u00eater la production)<\/li><\/ul><p>\u00a0<\/p><\/div><style>.porto-u-ad87e2eaf3f9c495180fe0156ddf3eb0.porto-u-heading{text-align:left}<\/style><\/div>\t\t\t\t<\/div>\n\t\t\t\t<\/div>\n\t\t\t\t<div class=\"elementor-element elementor-element-2d39bc8 elementor-widget elementor-widget-spacer\" data-id=\"2d39bc8\" data-element_type=\"widget\" data-widget_type=\"spacer.default\">\n\t\t\t\t<div class=\"elementor-widget-container\">\n\t\t\t\t\t\t\t<div class=\"elementor-spacer\">\n\t\t\t<div class=\"elementor-spacer-inner\"><\/div>\n\t\t<\/div>\n\t\t\t\t\t\t<\/div>\n\t\t\t\t<\/div>\n\t\t\t\t\t<\/div>\n\t\t\t\t<\/div>\n\t\t<div class=\"elementor-element elementor-element-c486e3d e-flex e-con-boxed wpr-particle-no wpr-jarallax-no wpr-parallax-no wpr-sticky-section-no e-con e-parent\" data-id=\"c486e3d\" data-element_type=\"container\">\n\t\t\t\t\t<div class=\"e-con-inner\">\n\t\t<div class=\"elementor-element elementor-element-1d41eaf e-con-full e-flex wpr-particle-no wpr-jarallax-no wpr-parallax-no wpr-sticky-section-no e-con e-child\" data-id=\"1d41eaf\" data-element_type=\"container\">\n\t\t<div class=\"elementor-element elementor-element-3001311 e-con-full e-flex wpr-particle-no wpr-jarallax-no wpr-parallax-no wpr-sticky-section-no e-con e-child\" data-id=\"3001311\" data-element_type=\"container\">\n\t\t<div class=\"elementor-element elementor-element-3466043 e-flex e-con-boxed wpr-particle-no wpr-jarallax-no wpr-parallax-no wpr-sticky-section-no e-con e-child\" data-id=\"3466043\" data-element_type=\"container\">\n\t\t\t\t\t<div class=\"e-con-inner\">\n\t\t<div class=\"elementor-element elementor-element-2f2df25 e-con-full e-flex wpr-particle-no wpr-jarallax-no wpr-parallax-no wpr-sticky-section-no elementor-invisible e-con e-child\" data-id=\"2f2df25\" data-element_type=\"container\" data-settings=\"{&quot;animation&quot;:&quot;slideInUp&quot;}\">\n\t\t\t\t<div class=\"elementor-element elementor-element-9cacfb0 elementor-arrows-position-inside elementor-pagination-position-outside elementor-widget elementor-widget-image-carousel\" data-id=\"9cacfb0\" data-element_type=\"widget\" data-settings=\"{&quot;navigation&quot;:&quot;both&quot;,&quot;autoplay&quot;:&quot;yes&quot;,&quot;pause_on_hover&quot;:&quot;yes&quot;,&quot;pause_on_interaction&quot;:&quot;yes&quot;,&quot;autoplay_speed&quot;:5000,&quot;infinite&quot;:&quot;yes&quot;,&quot;speed&quot;:500}\" data-widget_type=\"image-carousel.default\">\n\t\t\t\t<div class=\"elementor-widget-container\">\n\t\t\t\t\t\t\t<div class=\"elementor-image-carousel-wrapper swiper\" role=\"region\" aria-roledescription=\"carousel\" aria-label=\"Image Carousel\" dir=\"ltr\">\n\t\t\t<div class=\"elementor-image-carousel swiper-wrapper swiper-image-stretch\" aria-live=\"off\">\n\t\t\t\t\t\t\t\t<div class=\"swiper-slide\" role=\"group\" aria-roledescription=\"slide\" aria-label=\"1 sur 6\"><figure class=\"swiper-slide-inner\"><img decoding=\"async\" class=\"swiper-slide-image\" src=\"https:\/\/becacompany.com\/wp-content\/uploads\/2025\/03\/2-7-600x600-1.jpg\" alt=\"2-7-600x600\" \/><\/figure><\/div><div class=\"swiper-slide\" role=\"group\" aria-roledescription=\"slide\" aria-label=\"2 sur 6\"><figure class=\"swiper-slide-inner\"><img decoding=\"async\" class=\"swiper-slide-image\" src=\"https:\/\/becacompany.com\/wp-content\/uploads\/2025\/03\/20191103_092826-1-600x600-1.jpg\" alt=\"20191103_092826-1-600x600\" \/><\/figure><\/div><div class=\"swiper-slide\" role=\"group\" aria-roledescription=\"slide\" aria-label=\"3 sur 6\"><figure class=\"swiper-slide-inner\"><img decoding=\"async\" class=\"swiper-slide-image\" src=\"https:\/\/becacompany.com\/wp-content\/uploads\/2025\/03\/80775399_2085264831576738_7140547656912207872_n-1-600x600-1.jpg\" alt=\"80775399_2085264831576738_7140547656912207872_n-1-600x600\" \/><\/figure><\/div><div class=\"swiper-slide\" role=\"group\" aria-roledescription=\"slide\" aria-label=\"4 sur 6\"><figure class=\"swiper-slide-inner\"><img decoding=\"async\" class=\"swiper-slide-image\" src=\"https:\/\/becacompany.com\/wp-content\/uploads\/2025\/03\/F4-600x600-1.png\" alt=\"F4-600x600 (1)\" \/><\/figure><\/div><div class=\"swiper-slide\" role=\"group\" aria-roledescription=\"slide\" aria-label=\"5 sur 6\"><figure class=\"swiper-slide-inner\"><img decoding=\"async\" class=\"swiper-slide-image\" src=\"https:\/\/becacompany.com\/wp-content\/uploads\/2025\/03\/F5-600x600-1.png\" alt=\"F5-600x600\" \/><\/figure><\/div><div class=\"swiper-slide\" role=\"group\" aria-roledescription=\"slide\" aria-label=\"6 sur 6\"><figure class=\"swiper-slide-inner\"><img decoding=\"async\" class=\"swiper-slide-image\" src=\"https:\/\/becacompany.com\/wp-content\/uploads\/2025\/03\/F6-600x600-1.png\" alt=\"F6-600x600\" \/><\/figure><\/div>\t\t\t<\/div>\n\t\t\t\t\t\t\t\t\t\t\t\t<div class=\"elementor-swiper-button elementor-swiper-button-prev\" role=\"button\" tabindex=\"0\">\n\t\t\t\t\t\t<svg aria-hidden=\"true\" class=\"e-font-icon-svg e-eicon-chevron-left\" viewbox=\"0 0 1000 1000\" xmlns=\"http:\/\/www.w3.org\/2000\/svg\"><path d=\"M646 125C629 125 613 133 604 142L308 442C296 454 292 471 292 487 292 504 296 521 308 533L604 854C617 867 629 875 646 875 663 875 679 871 692 858 704 846 713 829 713 812 713 796 708 779 692 767L438 487 692 225C700 217 708 204 708 187 708 171 704 154 692 142 675 129 663 125 646 125Z\"><\/path><\/svg>\t\t\t\t\t<\/div>\n\t\t\t\t\t<div class=\"elementor-swiper-button elementor-swiper-button-next\" role=\"button\" tabindex=\"0\">\n\t\t\t\t\t\t<svg aria-hidden=\"true\" class=\"e-font-icon-svg e-eicon-chevron-right\" viewbox=\"0 0 1000 1000\" xmlns=\"http:\/\/www.w3.org\/2000\/svg\"><path d=\"M696 533C708 521 713 504 713 487 713 471 708 454 696 446L400 146C388 133 375 125 354 125 338 125 325 129 313 142 300 154 292 171 292 187 292 204 296 221 308 233L563 492 304 771C292 783 288 800 288 817 288 833 296 850 308 863 321 871 338 875 354 875 371 875 388 867 400 854L696 533Z\"><\/path><\/svg>\t\t\t\t\t<\/div>\n\t\t\t\t\n\t\t\t\t\t\t\t\t\t<div class=\"swiper-pagination\"><\/div>\n\t\t\t\t\t\t\t\t\t<\/div>\n\t\t\t\t\t\t<\/div>\n\t\t\t\t<\/div>\n\t\t\t\t<\/div>\n\t\t\t\t\t<\/div>\n\t\t\t\t<\/div>\n\t\t\t\t<\/div>\n\t\t\t\t<\/div>\n\t\t\t\t\t<\/div>\n\t\t\t\t<\/div>\n\t\t\t\t<\/div>","protected":false},"excerpt":{"rendered":"<p>LRUT has been employed for screening piping systems above ground as a result of the high production coverage rates as opposed to manual techniques, but it still remains the only reliable technique for screening pipe systems underground or underwater where access is often limited or very costly to gain access for manual contact techniques. The technology continues to be improved and the number of applications utilizing this system has greatly expanded. The technology operates by placement of an array of probes placed in a belt, circumferentially wrapped around the pipe being inspected. The system then generates ultrasonic guided waves longitudinally down the length of pipe; distance covered by the ultrasonic waves is dependent on a number of factors related to pipe coating, branch connections, fittings and above ground or buried locations. The system can inspect both directions from each inspection location and therefore can maximize production. \u00a0 Advantages of LRUT High productivity inspection with long-range coverage and rapid screening Ability to scan pipes with limited access 100% screening coverage of pipe wall Cost effective solution for pipe integrity management programs In service inspection(no production shutdown) \u00a0<\/p>","protected":false},"author":1,"featured_media":0,"parent":0,"menu_order":0,"comment_status":"closed","ping_status":"closed","template":"","meta":{"footnotes":""},"class_list":["post-4057","page","type-page","status-publish","hentry"],"_links":{"self":[{"href":"https:\/\/becacompany.com\/fr\/wp-json\/wp\/v2\/pages\/4057","targetHints":{"allow":["GET"]}}],"collection":[{"href":"https:\/\/becacompany.com\/fr\/wp-json\/wp\/v2\/pages"}],"about":[{"href":"https:\/\/becacompany.com\/fr\/wp-json\/wp\/v2\/types\/page"}],"author":[{"embeddable":true,"href":"https:\/\/becacompany.com\/fr\/wp-json\/wp\/v2\/users\/1"}],"replies":[{"embeddable":true,"href":"https:\/\/becacompany.com\/fr\/wp-json\/wp\/v2\/comments?post=4057"}],"version-history":[{"count":22,"href":"https:\/\/becacompany.com\/fr\/wp-json\/wp\/v2\/pages\/4057\/revisions"}],"predecessor-version":[{"id":6474,"href":"https:\/\/becacompany.com\/fr\/wp-json\/wp\/v2\/pages\/4057\/revisions\/6474"}],"wp:attachment":[{"href":"https:\/\/becacompany.com\/fr\/wp-json\/wp\/v2\/media?parent=4057"}],"curies":[{"name":"wp","href":"https:\/\/api.w.org\/{rel}","templated":true}]}}