{"id":4059,"date":"2025-02-26T23:25:13","date_gmt":"2025-02-26T23:25:13","guid":{"rendered":"https:\/\/becacompany.ticgeek.com\/?page_id=4059"},"modified":"2025-05-26T12:46:44","modified_gmt":"2025-05-26T12:46:44","slug":"positive-material-identification","status":"publish","type":"page","link":"https:\/\/becacompany.com\/fr\/positive-material-identification\/","title":{"rendered":"Identification positive des mat\u00e9riaux"},"content":{"rendered":"<div data-elementor-type=\"wp-page\" data-elementor-id=\"4059\" class=\"elementor elementor-4059\">\n\t\t\t\t<div class=\"elementor-element elementor-element-163f257 e-flex e-con-boxed wpr-particle-no wpr-jarallax-no wpr-parallax-no wpr-sticky-section-no e-con e-parent\" data-id=\"163f257\" data-element_type=\"container\">\n\t\t\t\t\t<div class=\"e-con-inner\">\n\t\t\t\t<div class=\"elementor-element elementor-element-bad7718 elementor-widget elementor-widget-porto_ultimate_heading\" data-id=\"bad7718\" data-element_type=\"widget\" data-widget_type=\"porto_ultimate_heading.default\">\n\t\t\t\t<div class=\"elementor-widget-container\">\n\t\t\t\t\t<div class=\"porto-u-heading  porto-u-ad87e2eaf3f9c495180fe0156ddf3eb0\"><div class=\"porto-u-sub-heading\" style=\"\"><p>L'identification positive des mat\u00e9riaux (IPM) est une <b>m\u00e9thode rapide et non destructive<\/b> utilis\u00e9e pour v\u00e9rifier la <b>composition chimique des m\u00e9taux et des alliages.<\/b>Elle joue un r\u00f4le essentiel en garantissant que les mat\u00e9riaux r\u00e9pondent aux sp\u00e9cifications requises avant d'\u00eatre mis en service.<\/p><p>Gr\u00e2ce au <b>d'analyseurs XRF portables<\/b>la PMI permet de tester rapidement les composants et les mat\u00e9riaux sur place, sans avoir \u00e0 retirer les rev\u00eatements ou \u00e0 transporter les \u00e9chantillons vers un laboratoire. Bien que moins compl\u00e8te qu'une analyse chimique compl\u00e8te, la PMI offre une solution efficace pour confirmer les types d'alliages, identifier les lots de mat\u00e9riaux et recertifier les composants existants, le tout sans endommager le mat\u00e9riau.<\/p><p>Cette technique est largement utilis\u00e9e dans les <b>programmes de contr\u00f4le de la qualit\u00e9, de conformit\u00e9 \u00e0 la s\u00e9curit\u00e9<\/b>, et <b>d'int\u00e9grit\u00e9 des actifs<\/b> dans des secteurs tels que le p\u00e9trole et le gaz, la production d'\u00e9nergie, le traitement chimique, les produits pharmaceutiques, le nucl\u00e9aire et l'a\u00e9rospatiale.<\/p><h2><b>Applications<\/b><\/h2><ul><li>V\u00e9rification des alliages dans les grands lots de mat\u00e9riaux<\/li><li>Inspection de la tuyauterie, des vannes et des composants structurels critiques<\/li><li>Tri et identification des m\u00e9taux m\u00e9lang\u00e9s ou non document\u00e9s<\/li><li>V\u00e9rification sur place lors d'arr\u00eats, de r\u00e9visions ou sur des sites \u00e9loign\u00e9s<\/li><li>Recertification de l'inventaire au cours de la fabrication ou de la r\u00e9paration<\/li><\/ul><h2><strong>Services d'Identification Positive des Mat\u00e9riaux en Laboratoire<\/strong><\/h2><p>BECA peut effectuer des tests PMI en laboratoire. Nos experts peuvent vous aider \u00e0 identifier des lots de mat\u00e9riaux m\u00e9lang\u00e9s, d\u00e9livrer des certificats de v\u00e9rification des alliages et analyser des composants co\u00fbteux ou uniques sans provoquer de dommages.<\/p><h2><strong>PMI sur Site avec Analyseur XRF Portable<\/strong><\/h2><p>Dans le cadre de notre analyse m\u00e9tallographique sur site, BECA propose un service de PMI (Identification Positive des Mat\u00e9riaux) avec un analyseur XRF portable pour l'identification des m\u00e9taux \u00e0 teneur moyenne et \u00e9lev\u00e9e en alliages, tels que les aciers inoxydables, les alliages de nickel et les alliages de cuivre<br \/>Nos services d'analyse PMI sur site vous offrent une r\u00e9ponse rapide \u00e0 vos besoins de triage des mat\u00e9riaux lorsque l'envoi de mat\u00e9riaux ou de pi\u00e8ces vers un laboratoire est trop lent ou impossible. Gr\u00e2ce \u00e0 cette technologie, nous pouvons rapidement v\u00e9rifier la composition des mat\u00e9riaux directement sur le site, ce qui permet de gagner du temps et d'\u00e9viter les retards li\u00e9s aux analyses en laboratoire<\/p><\/div><style>.porto-u-ad87e2eaf3f9c495180fe0156ddf3eb0.porto-u-heading{text-align:left}<\/style><\/div>\t\t\t\t<\/div>\n\t\t\t\t<\/div>\n\t\t\t\t<div class=\"elementor-element elementor-element-d7f5874 elementor-widget elementor-widget-spacer\" data-id=\"d7f5874\" data-element_type=\"widget\" data-widget_type=\"spacer.default\">\n\t\t\t\t<div class=\"elementor-widget-container\">\n\t\t\t\t\t\t\t<div class=\"elementor-spacer\">\n\t\t\t<div class=\"elementor-spacer-inner\"><\/div>\n\t\t<\/div>\n\t\t\t\t\t\t<\/div>\n\t\t\t\t<\/div>\n\t\t\t\t\t<\/div>\n\t\t\t\t<\/div>\n\t\t<div class=\"elementor-element elementor-element-eec1bc8 e-flex e-con-boxed wpr-particle-no wpr-jarallax-no wpr-parallax-no wpr-sticky-section-no e-con e-parent\" data-id=\"eec1bc8\" data-element_type=\"container\">\n\t\t\t\t\t<div class=\"e-con-inner\">\n\t\t<div class=\"elementor-element elementor-element-27c778e e-con-full e-flex wpr-particle-no wpr-jarallax-no wpr-parallax-no wpr-sticky-section-no e-con e-child\" data-id=\"27c778e\" data-element_type=\"container\">\n\t\t\t\t<div class=\"elementor-element elementor-element-fb8b169 elementor-widget elementor-widget-image\" data-id=\"fb8b169\" data-element_type=\"widget\" data-widget_type=\"image.default\">\n\t\t\t\t<div class=\"elementor-widget-container\">\n\t\t\t\t\t\t\t\t\t\t\t\t\t\t\t<img fetchpriority=\"high\" decoding=\"async\" width=\"600\" height=\"600\" src=\"https:\/\/becacompany.com\/wp-content\/uploads\/2025\/03\/1-26-600x600-1.jpg\" class=\"attachment-large size-large wp-image-4243\" alt=\"\" srcset=\"https:\/\/becacompany.com\/wp-content\/uploads\/2025\/03\/1-26-600x600-1.jpg 600w, https:\/\/becacompany.com\/wp-content\/uploads\/2025\/03\/1-26-600x600-1-400x400.jpg 400w, https:\/\/becacompany.com\/wp-content\/uploads\/2025\/03\/1-26-600x600-1-560x560.jpg 560w, https:\/\/becacompany.com\/wp-content\/uploads\/2025\/03\/1-26-600x600-1-367x367.jpg 367w\" sizes=\"(max-width: 600px) 100vw, 600px\" \/>\t\t\t\t\t\t\t\t\t\t\t\t\t\t\t<\/div>\n\t\t\t\t<\/div>\n\t\t\t\t<\/div>\n\t\t<div class=\"elementor-element elementor-element-e00f545 e-con-full e-flex wpr-particle-no wpr-jarallax-no wpr-parallax-no wpr-sticky-section-no e-con e-child\" data-id=\"e00f545\" data-element_type=\"container\">\n\t\t\t\t<div class=\"elementor-element elementor-element-9c11001 elementor-widget elementor-widget-image\" data-id=\"9c11001\" data-element_type=\"widget\" data-widget_type=\"image.default\">\n\t\t\t\t<div class=\"elementor-widget-container\">\n\t\t\t\t\t\t\t\t\t\t\t\t\t\t\t<img decoding=\"async\" width=\"600\" height=\"600\" src=\"https:\/\/becacompany.com\/wp-content\/uploads\/2025\/03\/DSC_5583-600x600-1.jpg\" class=\"attachment-large size-large wp-image-4244\" alt=\"\" srcset=\"https:\/\/becacompany.com\/wp-content\/uploads\/2025\/03\/DSC_5583-600x600-1.jpg 600w, https:\/\/becacompany.com\/wp-content\/uploads\/2025\/03\/DSC_5583-600x600-1-400x400.jpg 400w, https:\/\/becacompany.com\/wp-content\/uploads\/2025\/03\/DSC_5583-600x600-1-560x560.jpg 560w, https:\/\/becacompany.com\/wp-content\/uploads\/2025\/03\/DSC_5583-600x600-1-367x367.jpg 367w\" sizes=\"(max-width: 600px) 100vw, 600px\" \/>\t\t\t\t\t\t\t\t\t\t\t\t\t\t\t<\/div>\n\t\t\t\t<\/div>\n\t\t\t\t<\/div>\n\t\t<div class=\"elementor-element elementor-element-b5be14e e-con-full e-flex wpr-particle-no wpr-jarallax-no wpr-parallax-no wpr-sticky-section-no e-con e-child\" data-id=\"b5be14e\" data-element_type=\"container\">\n\t\t\t\t<div class=\"elementor-element elementor-element-fa5729c elementor-widget elementor-widget-image\" data-id=\"fa5729c\" data-element_type=\"widget\" data-widget_type=\"image.default\">\n\t\t\t\t<div class=\"elementor-widget-container\">\n\t\t\t\t\t\t\t\t\t\t\t\t\t\t\t<img decoding=\"async\" width=\"600\" height=\"600\" src=\"https:\/\/becacompany.com\/wp-content\/uploads\/2025\/03\/DSC_5589-600x600-1.jpg\" class=\"attachment-large size-large wp-image-4245\" alt=\"\" srcset=\"https:\/\/becacompany.com\/wp-content\/uploads\/2025\/03\/DSC_5589-600x600-1.jpg 600w, https:\/\/becacompany.com\/wp-content\/uploads\/2025\/03\/DSC_5589-600x600-1-400x400.jpg 400w, https:\/\/becacompany.com\/wp-content\/uploads\/2025\/03\/DSC_5589-600x600-1-560x560.jpg 560w, https:\/\/becacompany.com\/wp-content\/uploads\/2025\/03\/DSC_5589-600x600-1-367x367.jpg 367w\" sizes=\"(max-width: 600px) 100vw, 600px\" \/>\t\t\t\t\t\t\t\t\t\t\t\t\t\t\t<\/div>\n\t\t\t\t<\/div>\n\t\t\t\t<\/div>\n\t\t<div class=\"elementor-element elementor-element-c5cf172 e-con-full e-flex wpr-particle-no wpr-jarallax-no wpr-parallax-no wpr-sticky-section-no e-con e-child\" data-id=\"c5cf172\" data-element_type=\"container\">\n\t\t\t\t<div class=\"elementor-element elementor-element-4809fc1 elementor-widget elementor-widget-image\" data-id=\"4809fc1\" data-element_type=\"widget\" data-widget_type=\"image.default\">\n\t\t\t\t<div class=\"elementor-widget-container\">\n\t\t\t\t\t\t\t\t\t\t\t\t\t\t\t<img loading=\"lazy\" decoding=\"async\" width=\"600\" height=\"600\" src=\"https:\/\/becacompany.com\/wp-content\/uploads\/2025\/03\/shutterstock_1388794631-600x600-1.jpg\" class=\"attachment-large size-large wp-image-4246\" alt=\"\" srcset=\"https:\/\/becacompany.com\/wp-content\/uploads\/2025\/03\/shutterstock_1388794631-600x600-1.jpg 600w, https:\/\/becacompany.com\/wp-content\/uploads\/2025\/03\/shutterstock_1388794631-600x600-1-400x400.jpg 400w, https:\/\/becacompany.com\/wp-content\/uploads\/2025\/03\/shutterstock_1388794631-600x600-1-560x560.jpg 560w, https:\/\/becacompany.com\/wp-content\/uploads\/2025\/03\/shutterstock_1388794631-600x600-1-367x367.jpg 367w\" sizes=\"(max-width: 600px) 100vw, 600px\" \/>\t\t\t\t\t\t\t\t\t\t\t\t\t\t\t<\/div>\n\t\t\t\t<\/div>\n\t\t\t\t<\/div>\n\t\t\t\t\t<\/div>\n\t\t\t\t<\/div>\n\t\t\t\t<\/div>","protected":false},"excerpt":{"rendered":"<p>Positive Material Identification (PMI) is a fast, non-destructive method used to verify the chemical composition of metals and alloys. It plays a critical role in ensuring that materials meet the required specifications before being placed into service. Using portable XRF analyzers, PMI allows for rapid on-site testing of components and materials without the need to remove coatings or transport samples to a lab. While less comprehensive than full chemical analysis, PMI offers an efficient solution for confirming alloy types, identifying material batches, and re-certifying existing components \u2014 all without damaging the material. This technique is widely used in quality control, safety compliance, and asset integrity programs across industries such as oil &amp; gas, power generation, chemical processing, pharmaceuticals, nuclear, and aerospace. Applications Alloy verification in large material batches Inspection of critical piping, valves, and structural components Sorting and identification of mixed or undocumented metals On-site verification in shutdowns, turnarounds, or remote sites Re-certification of inventory during fabrication or repair Laboratory positive material identification services BECA can perform PMI testing in labs. Our experts can assist in identifying mixed batches of material, issuing alloy verification certifications and analyzing expensive or unique components without causing damage. On-site PMI with portable XRF-analyzer As part of our\u00a0On-site Metallographic Analysis, BECA offers on-site PMI with a portable XRF-analyzer for identification of medium and high alloyed metals, such as stainless steels, nickel alloys, and copper alloys.Our on-site PMI analysis services provide you with a rapid response to your material sorting requirements when shipping materials or parts to a laboratory is too slow or not possible.<\/p>","protected":false},"author":1,"featured_media":0,"parent":0,"menu_order":0,"comment_status":"closed","ping_status":"closed","template":"","meta":{"footnotes":""},"class_list":["post-4059","page","type-page","status-publish","hentry"],"_links":{"self":[{"href":"https:\/\/becacompany.com\/fr\/wp-json\/wp\/v2\/pages\/4059","targetHints":{"allow":["GET"]}}],"collection":[{"href":"https:\/\/becacompany.com\/fr\/wp-json\/wp\/v2\/pages"}],"about":[{"href":"https:\/\/becacompany.com\/fr\/wp-json\/wp\/v2\/types\/page"}],"author":[{"embeddable":true,"href":"https:\/\/becacompany.com\/fr\/wp-json\/wp\/v2\/users\/1"}],"replies":[{"embeddable":true,"href":"https:\/\/becacompany.com\/fr\/wp-json\/wp\/v2\/comments?post=4059"}],"version-history":[{"count":16,"href":"https:\/\/becacompany.com\/fr\/wp-json\/wp\/v2\/pages\/4059\/revisions"}],"predecessor-version":[{"id":6495,"href":"https:\/\/becacompany.com\/fr\/wp-json\/wp\/v2\/pages\/4059\/revisions\/6495"}],"wp:attachment":[{"href":"https:\/\/becacompany.com\/fr\/wp-json\/wp\/v2\/media?parent=4059"}],"curies":[{"name":"wp","href":"https:\/\/api.w.org\/{rel}","templated":true}]}}