{"id":4063,"date":"2025-02-26T23:26:31","date_gmt":"2025-02-26T23:26:31","guid":{"rendered":"https:\/\/becacompany.ticgeek.com\/?page_id=4063"},"modified":"2025-05-26T12:36:59","modified_gmt":"2025-05-26T12:36:59","slug":"acfm-surface-crack-detection","status":"publish","type":"page","link":"https:\/\/becacompany.com\/fr\/acfm-surface-crack-detection\/","title":{"rendered":"ACFM \u2013 D\u00e9tection de fissures de surface"},"content":{"rendered":"<div data-elementor-type=\"wp-page\" data-elementor-id=\"4063\" class=\"elementor elementor-4063\">\n\t\t\t\t<div class=\"elementor-element elementor-element-fe56a38 e-flex e-con-boxed wpr-particle-no wpr-jarallax-no wpr-parallax-no wpr-sticky-section-no e-con e-parent\" data-id=\"fe56a38\" data-element_type=\"container\">\n\t\t\t\t\t<div class=\"e-con-inner\">\n\t\t\t\t<div class=\"elementor-element elementor-element-9184a16 elementor-widget elementor-widget-porto_ultimate_heading\" data-id=\"9184a16\" data-element_type=\"widget\" data-widget_type=\"porto_ultimate_heading.default\">\n\t\t\t\t<div class=\"elementor-widget-container\">\n\t\t\t\t\t<div class=\"porto-u-heading  porto-u-ad87e2eaf3f9c495180fe0156ddf3eb0\"><div class=\"porto-u-sub-heading\" style=\"\"><p>\u00a0<\/p><p>La mesure du champ de courant alternatif (ACFM) est une technique d'essai \u00e9lectromagn\u00e9tique avanc\u00e9e d\u00e9velopp\u00e9e \u00e0 l'origine pour les applications offshore. Aujourd'hui, l'ACFM est largement utilis\u00e9 dans de nombreuses industries pour la <b>d\u00e9tection et le dimensionnement des fissures superficielles<\/b> dans les soudures, les rev\u00eatements et les structures m\u00e9talliques, sans qu'il soit n\u00e9cessaire d'enlever la surface.<\/p><p>Cette technique est reconnue par les <b>normes ASME<\/b> et <b>EN<\/b>et permet d'obtenir de grandes zones de balayage ininterrompues gr\u00e2ce \u00e0 l'utilisation de marqueurs logiciels qui localisent et dimensionnent avec pr\u00e9cision les indications en temps r\u00e9el.<\/p><h2><b>Avantages de l'ACFM :<\/b><\/h2><ul><li>D\u00e9tecte et <b>dimensionne les fissures de rupture de surface<\/b> sans enlever le rev\u00eatement<\/li><li>D\u00e9termine avec pr\u00e9cision la <b>hauteur des fissures \u00e0 travers les murs<\/b><\/li><li>Permet <b>d\u2019inspecter les surfaces peintes ou rev\u00eatues,<\/b>ce qui permet d'\u00e9conomiser du temps et de l'argent.<\/li><li>Minimise le besoin de pon\u00e7age ou de pr\u00e9paration de la surface<\/li><li>Convient aux <b>l'inspection en service,<\/b>m\u00eame dans les zones difficiles d'acc\u00e8s<\/li><li>Offre une <b>l'enregistrement des donn\u00e9es et la tra\u00e7abilit\u00e9<\/b> gr\u00e2ce \u00e0 l'archivage \u00e9lectronique.<\/li><\/ul><h2><b>Applications ACFM :<\/b><\/h2><ul><li><b>Industrie \u00e9nerg\u00e9tique: <\/b>Inspection des parcs de r\u00e9servoirs, des r\u00e9chauffeurs de d\u00e9gazeurs, des r\u00e9servoirs de stockage, des syst\u00e8mes de tuyauterie HEP, des corps de vannes et des centrales hydro\u00e9lectriques (par exemple, tubes de tirage et soudures de tubage en spirale).<\/li><li><b>P\u00e9trochimie: <\/b>Id\u00e9al pour les inspections de fissuration des f\u00fbts de coke et pour minimiser le broyage lors des \u00e9valuations internes de routine.<\/li><li><b>Parcs d'attractions et de loisirs: <\/b>Contr\u00f4le des soudures sur les man\u00e8ges \u00e0 grande vitesse et les programmes structurels complexes<\/li><li><b>Installations de stockage de r\u00e9servoirs: <\/b>Inspection interne\/externe des joints circonf\u00e9rentiels et des buses sans enlever les rev\u00eatements de protection<\/li><li><b>Grues de chargement et \u00e9quipement de levage: <\/b>Fr\u00e9quemment utilis\u00e9 pour les \u00e9tudes de soudure en raison d'une pr\u00e9paration minimale et d'une grande pr\u00e9cision de dimensionnement.<\/li><li><b>Autres applications: <\/b>Ponts, structures de stades, voies ferr\u00e9es et infrastructures civiles \u00e0 grande \u00e9chelle<\/li><\/ul><\/div><style>.porto-u-ad87e2eaf3f9c495180fe0156ddf3eb0.porto-u-heading{text-align:left}<\/style><\/div>\t\t\t\t<\/div>\n\t\t\t\t<\/div>\n\t\t\t\t<div class=\"elementor-element elementor-element-8289a8a elementor-widget elementor-widget-spacer\" data-id=\"8289a8a\" data-element_type=\"widget\" data-widget_type=\"spacer.default\">\n\t\t\t\t<div class=\"elementor-widget-container\">\n\t\t\t\t\t\t\t<div class=\"elementor-spacer\">\n\t\t\t<div class=\"elementor-spacer-inner\"><\/div>\n\t\t<\/div>\n\t\t\t\t\t\t<\/div>\n\t\t\t\t<\/div>\n\t\t\t\t\t<\/div>\n\t\t\t\t<\/div>\n\t\t<div class=\"elementor-element elementor-element-86dcb92 e-flex e-con-boxed wpr-particle-no wpr-jarallax-no wpr-parallax-no wpr-sticky-section-no e-con e-parent\" data-id=\"86dcb92\" data-element_type=\"container\">\n\t\t\t\t\t<div class=\"e-con-inner\">\n\t\t<div class=\"elementor-element elementor-element-c39ab0b e-con-full e-flex wpr-particle-no wpr-jarallax-no wpr-parallax-no wpr-sticky-section-no e-con e-child\" data-id=\"c39ab0b\" data-element_type=\"container\">\n\t\t<div class=\"elementor-element elementor-element-def70a0 e-con-full e-flex wpr-particle-no wpr-jarallax-no wpr-parallax-no wpr-sticky-section-no e-con e-child\" data-id=\"def70a0\" data-element_type=\"container\">\n\t\t<div class=\"elementor-element elementor-element-99cbd90 e-con-full e-flex wpr-particle-no wpr-jarallax-no wpr-parallax-no wpr-sticky-section-no e-con e-child\" data-id=\"99cbd90\" data-element_type=\"container\">\n\t\t<div class=\"elementor-element elementor-element-83bd398 e-con-full e-flex wpr-particle-no wpr-jarallax-no wpr-parallax-no wpr-sticky-section-no e-con e-child\" data-id=\"83bd398\" data-element_type=\"container\">\n\t\t<div class=\"elementor-element elementor-element-337a885 e-flex e-con-boxed wpr-particle-no wpr-jarallax-no wpr-parallax-no wpr-sticky-section-no e-con e-child\" data-id=\"337a885\" data-element_type=\"container\">\n\t\t\t\t\t<div class=\"e-con-inner\">\n\t\t<div class=\"elementor-element elementor-element-13f8b94 e-con-full e-flex wpr-particle-no wpr-jarallax-no wpr-parallax-no wpr-sticky-section-no elementor-invisible e-con e-child\" data-id=\"13f8b94\" data-element_type=\"container\" data-settings=\"{&quot;animation&quot;:&quot;slideInUp&quot;}\">\n\t\t\t\t<div class=\"elementor-element elementor-element-b0fcd72 elementor-arrows-position-inside elementor-pagination-position-outside elementor-widget elementor-widget-image-carousel\" data-id=\"b0fcd72\" data-element_type=\"widget\" data-settings=\"{&quot;navigation&quot;:&quot;both&quot;,&quot;autoplay&quot;:&quot;yes&quot;,&quot;pause_on_hover&quot;:&quot;yes&quot;,&quot;pause_on_interaction&quot;:&quot;yes&quot;,&quot;autoplay_speed&quot;:5000,&quot;infinite&quot;:&quot;yes&quot;,&quot;speed&quot;:500}\" data-widget_type=\"image-carousel.default\">\n\t\t\t\t<div class=\"elementor-widget-container\">\n\t\t\t\t\t\t\t<div class=\"elementor-image-carousel-wrapper swiper\" role=\"region\" aria-roledescription=\"carousel\" aria-label=\"Image Carousel\" dir=\"ltr\">\n\t\t\t<div class=\"elementor-image-carousel swiper-wrapper swiper-image-stretch\" aria-live=\"off\">\n\t\t\t\t\t\t\t\t<div class=\"swiper-slide\" role=\"group\" aria-roledescription=\"slide\" aria-label=\"1 sur 6\"><figure class=\"swiper-slide-inner\"><img decoding=\"async\" class=\"swiper-slide-image\" src=\"https:\/\/becacompany.com\/wp-content\/uploads\/2025\/03\/1-18.jpg\" alt=\"1-18\" \/><\/figure><\/div><div class=\"swiper-slide\" role=\"group\" aria-roledescription=\"slide\" aria-label=\"2 sur 6\"><figure class=\"swiper-slide-inner\"><img decoding=\"async\" class=\"swiper-slide-image\" src=\"https:\/\/becacompany.com\/wp-content\/uploads\/2025\/03\/DSC02719-600x600-1.jpg\" alt=\"DSC02719-600x600\" \/><\/figure><\/div><div class=\"swiper-slide\" role=\"group\" aria-roledescription=\"slide\" aria-label=\"3 sur 6\"><figure class=\"swiper-slide-inner\"><img decoding=\"async\" class=\"swiper-slide-image\" src=\"https:\/\/becacompany.com\/wp-content\/uploads\/2025\/03\/DSC02722-600x600-1.jpg\" alt=\"DSC02722-600x600 (1)\" \/><\/figure><\/div><div class=\"swiper-slide\" role=\"group\" aria-roledescription=\"slide\" aria-label=\"4 sur 6\"><figure class=\"swiper-slide-inner\"><img decoding=\"async\" class=\"swiper-slide-image\" src=\"https:\/\/becacompany.com\/wp-content\/uploads\/2025\/03\/DSC02725-600x600-1.jpg\" alt=\"DSC02725-600x600\" \/><\/figure><\/div><div class=\"swiper-slide\" role=\"group\" aria-roledescription=\"slide\" aria-label=\"5 sur 6\"><figure class=\"swiper-slide-inner\"><img decoding=\"async\" class=\"swiper-slide-image\" src=\"https:\/\/becacompany.com\/wp-content\/uploads\/2025\/03\/DSC02730-600x600-1.jpg\" alt=\"DSC02730-600x600\" \/><\/figure><\/div><div class=\"swiper-slide\" role=\"group\" aria-roledescription=\"slide\" aria-label=\"6 sur 6\"><figure class=\"swiper-slide-inner\"><img decoding=\"async\" class=\"swiper-slide-image\" src=\"https:\/\/becacompany.com\/wp-content\/uploads\/2025\/03\/tsc-subsea-services.jpg\" alt=\"tsc-subsea-services\" \/><\/figure><\/div>\t\t\t<\/div>\n\t\t\t\t\t\t\t\t\t\t\t\t<div class=\"elementor-swiper-button elementor-swiper-button-prev\" role=\"button\" tabindex=\"0\">\n\t\t\t\t\t\t<svg aria-hidden=\"true\" class=\"e-font-icon-svg e-eicon-chevron-left\" viewbox=\"0 0 1000 1000\" xmlns=\"http:\/\/www.w3.org\/2000\/svg\"><path d=\"M646 125C629 125 613 133 604 142L308 442C296 454 292 471 292 487 292 504 296 521 308 533L604 854C617 867 629 875 646 875 663 875 679 871 692 858 704 846 713 829 713 812 713 796 708 779 692 767L438 487 692 225C700 217 708 204 708 187 708 171 704 154 692 142 675 129 663 125 646 125Z\"><\/path><\/svg>\t\t\t\t\t<\/div>\n\t\t\t\t\t<div class=\"elementor-swiper-button elementor-swiper-button-next\" role=\"button\" tabindex=\"0\">\n\t\t\t\t\t\t<svg aria-hidden=\"true\" class=\"e-font-icon-svg e-eicon-chevron-right\" viewbox=\"0 0 1000 1000\" xmlns=\"http:\/\/www.w3.org\/2000\/svg\"><path d=\"M696 533C708 521 713 504 713 487 713 471 708 454 696 446L400 146C388 133 375 125 354 125 338 125 325 129 313 142 300 154 292 171 292 187 292 204 296 221 308 233L563 492 304 771C292 783 288 800 288 817 288 833 296 850 308 863 321 871 338 875 354 875 371 875 388 867 400 854L696 533Z\"><\/path><\/svg>\t\t\t\t\t<\/div>\n\t\t\t\t\n\t\t\t\t\t\t\t\t\t<div class=\"swiper-pagination\"><\/div>\n\t\t\t\t\t\t\t\t\t<\/div>\n\t\t\t\t\t\t<\/div>\n\t\t\t\t<\/div>\n\t\t\t\t<\/div>\n\t\t\t\t\t<\/div>\n\t\t\t\t<\/div>\n\t\t\t\t<\/div>\n\t\t\t\t<\/div>\n\t\t\t\t<\/div>\n\t\t\t\t<\/div>\n\t\t\t\t\t<\/div>\n\t\t\t\t<\/div>\n\t\t\t\t<\/div>","protected":false},"excerpt":{"rendered":"<p>\u00a0 Alternating Current Field Measurement (ACFM) is an advanced electromagnetic testing technique originally developed for offshore applications. Today, ACFM is widely used across numerous industries for the detection and sizing of surface-breaking cracks in welds, coatings, and metallic structures \u2014 without requiring surface removal. The technique is recognized by both ASME and EN standards, and it allows for large, uninterrupted scan areas through the use of software markers that accurately locate and size indications in real time. Benefits of ACFM: Detects and sizes surface-breaking cracks without coating removal Accurately determines through-wall crack height Enables inspection of painted or coated surfaces, saving time and cost Minimizes the need for surface grinding or prep Suitable for in-service inspection, even in difficult-to-access areas Offers data logging and traceability through electronic record-keeping AFCM Applications: Power Industry: Inspection of tank farms, deaerator heaters, storage tanks, HEP piping systems, valve bodies, and hydroelectric stations (e.g., draft tubes and spiral casing welds) Petrochemical: Ideal for coke drum cracking inspections and minimizing grinding during routine internal assessments Amusement &amp; Leisure Parks: Monitoring of welds on high-speed rides and complex structural programs Tank Storage Facilities: Internal\/external inspection of circumferential seams and nozzles without removing protective coatings Cargo Cranes &amp; Lifting Equipment: Frequently used for weld surveys due to minimal prep and high sizing accuracy Other Applications: Bridges, stadium structures, railway tracks, and large-scale civil infrastructure<\/p>","protected":false},"author":1,"featured_media":0,"parent":0,"menu_order":0,"comment_status":"closed","ping_status":"closed","template":"","meta":{"footnotes":""},"class_list":["post-4063","page","type-page","status-publish","hentry"],"_links":{"self":[{"href":"https:\/\/becacompany.com\/fr\/wp-json\/wp\/v2\/pages\/4063","targetHints":{"allow":["GET"]}}],"collection":[{"href":"https:\/\/becacompany.com\/fr\/wp-json\/wp\/v2\/pages"}],"about":[{"href":"https:\/\/becacompany.com\/fr\/wp-json\/wp\/v2\/types\/page"}],"author":[{"embeddable":true,"href":"https:\/\/becacompany.com\/fr\/wp-json\/wp\/v2\/users\/1"}],"replies":[{"embeddable":true,"href":"https:\/\/becacompany.com\/fr\/wp-json\/wp\/v2\/comments?post=4063"}],"version-history":[{"count":19,"href":"https:\/\/becacompany.com\/fr\/wp-json\/wp\/v2\/pages\/4063\/revisions"}],"predecessor-version":[{"id":6483,"href":"https:\/\/becacompany.com\/fr\/wp-json\/wp\/v2\/pages\/4063\/revisions\/6483"}],"wp:attachment":[{"href":"https:\/\/becacompany.com\/fr\/wp-json\/wp\/v2\/media?parent=4063"}],"curies":[{"name":"wp","href":"https:\/\/api.w.org\/{rel}","templated":true}]}}