{"id":4071,"date":"2025-02-26T23:29:58","date_gmt":"2025-02-26T23:29:58","guid":{"rendered":"https:\/\/becacompany.ticgeek.com\/?page_id=4071"},"modified":"2025-05-14T17:58:41","modified_gmt":"2025-05-14T17:58:41","slug":"automated-corrosion-mapping","status":"publish","type":"page","link":"https:\/\/becacompany.com\/fr\/automated-corrosion-mapping\/","title":{"rendered":"Cartographie automatis\u00e9e de la corrosion"},"content":{"rendered":"<div data-elementor-type=\"wp-page\" data-elementor-id=\"4071\" class=\"elementor elementor-4071\">\n\t\t\t\t<div class=\"elementor-element elementor-element-725f079 e-flex e-con-boxed wpr-particle-no wpr-jarallax-no wpr-parallax-no wpr-sticky-section-no e-con e-parent\" data-id=\"725f079\" data-element_type=\"container\">\n\t\t\t\t\t<div class=\"e-con-inner\">\n\t\t\t\t<div class=\"elementor-element elementor-element-dfae96e elementor-widget elementor-widget-porto_ultimate_heading\" data-id=\"dfae96e\" data-element_type=\"widget\" data-widget_type=\"porto_ultimate_heading.default\">\n\t\t\t\t<div class=\"elementor-widget-container\">\n\t\t\t\t\t<div class=\"porto-u-heading  porto-u-ad87e2eaf3f9c495180fe0156ddf3eb0\"><div class=\"porto-u-sub-heading\" style=\"\"><p>La cartographie automatis\u00e9e de la corrosion est une technique ultrasonique avanc\u00e9e utilis\u00e9e pour le <b>balayage rapide et \u00e0 haute r\u00e9solution<\/b> de l'\u00e9paisseur des parois sur de grandes surfaces de <b>cuves, de tuyauteries et de r\u00e9servoirs,<\/b>souvent pendant que l'\u00e9quipement reste en service. Elle utilise des <b>scanners robotis\u00e9s<\/b> pour recueillir des donn\u00e9es pr\u00e9cises sur l'\u00e9paisseur et g\u00e9n\u00e9rer des <b>images C-scan<\/b> d\u00e9taill\u00e9es de la surface inspect\u00e9e.<\/p><p>L'imagerie avec code couleur permet de visualiser les zones pr\u00e9occupantes :<\/p><ul><li><b>Le bleu<\/b> repr\u00e9sente g\u00e9n\u00e9ralement l'\u00e9paisseur nominale de la paroi<\/li><li><b>L'orange et le rouge<\/b> indiquent un amincissement important de la paroi ou de la corrosion.<\/li><\/ul><p>Les donn\u00e9es d'inspection peuvent \u00eatre int\u00e9gr\u00e9es dans des <b>dessins techniques<\/b> ou des mod\u00e8les num\u00e9riques d'usine afin de localiser avec pr\u00e9cision <b>l'emplacement et la gravit\u00e9 des dommages,<\/b>ce qui permet de mieux cibler la maintenance et la planification de l'int\u00e9grit\u00e9.<\/p><p>\u00a0<\/p><\/div><style>.porto-u-ad87e2eaf3f9c495180fe0156ddf3eb0.porto-u-heading{text-align:left}<\/style><\/div>\t\t\t\t<\/div>\n\t\t\t\t<\/div>\n\t\t\t\t\t<\/div>\n\t\t\t\t<\/div>\n\t\t<div class=\"elementor-element elementor-element-eff29fa e-flex e-con-boxed wpr-particle-no wpr-jarallax-no wpr-parallax-no wpr-sticky-section-no e-con e-parent\" data-id=\"eff29fa\" data-element_type=\"container\">\n\t\t\t\t\t<div class=\"e-con-inner\">\n\t\t\t\t<div class=\"elementor-element elementor-element-1af9b93 elementor-widget elementor-widget-porto_ultimate_heading\" data-id=\"1af9b93\" data-element_type=\"widget\" data-widget_type=\"porto_ultimate_heading.default\">\n\t\t\t\t<div class=\"elementor-widget-container\">\n\t\t\t\t\t<div class=\"porto-u-heading  porto-u-ad87e2eaf3f9c495180fe0156ddf3eb0\"><div class=\"porto-u-sub-heading\" style=\"\"><h2>Avantages de la cartographie automatis\u00e9e de la corrosion :<\/h2><ul><li>Inspecte jusqu'\u00e0 <b>20-30 m\u00b2 par jour<\/b><\/li><li>Produit <b>des images C-scan \u00e0 haute r\u00e9solution<\/b> qui mettent clairement en \u00e9vidence la perte de paroi.<\/li><li>Fonctionne pendant que l'\u00e9quipement est <b>en service,<\/b>ce qui r\u00e9duit les temps d'arr\u00eat<\/li><li>Cartographie pr\u00e9cise de la <b>corrosion, des piq\u00fbres, de l'\u00e9rosion et du d\u00e9collement<\/b><\/li><li>Permet d'effectuer des balayages de recouvrement sur les navires comportant des recouvrements de soudure afin d'\u00e9valuer la <b>qualit\u00e9 du collage.<\/b><\/li><li>Soutien aux <b>d\u00e9cisions fond\u00e9es sur des donn\u00e9es<\/b> dans le cadre des programmes d'inspection bas\u00e9s sur le risque (RBI)<\/li><\/ul><p>\u00a0<\/p><\/div><style>.porto-u-ad87e2eaf3f9c495180fe0156ddf3eb0.porto-u-heading{text-align:left}<\/style><\/div>\t\t\t\t<\/div>\n\t\t\t\t<\/div>\n\t\t\t\t\t<\/div>\n\t\t\t\t<\/div>\n\t\t<div class=\"elementor-element elementor-element-ae16cac e-flex e-con-boxed wpr-particle-no wpr-jarallax-no wpr-parallax-no wpr-sticky-section-no e-con e-parent\" data-id=\"ae16cac\" data-element_type=\"container\">\n\t\t\t\t\t<div class=\"e-con-inner\">\n\t\t\t\t<div class=\"elementor-element elementor-element-7e23e84 elementor-widget elementor-widget-porto_ultimate_heading\" data-id=\"7e23e84\" data-element_type=\"widget\" data-widget_type=\"porto_ultimate_heading.default\">\n\t\t\t\t<div class=\"elementor-widget-container\">\n\t\t\t\t\t<div class=\"porto-u-heading  porto-u-ad87e2eaf3f9c495180fe0156ddf3eb0\"><div class=\"porto-u-sub-heading\" style=\"\"><h2>Applications :<\/h2><ul><li>R\u00e9servoirs de stockage et cuves sous pression<\/li><li>Tuyauterie de process<\/li><li>Contr\u00f4le du recouvrement des soudures<\/li><li>\u00c9valuation de la corrosion sous isolation (CUI)<\/li><li>Composants critiques dans les industries p\u00e9trochimiques, \u00e9nerg\u00e9tiques et offshore<\/li><\/ul><\/div><style>.porto-u-ad87e2eaf3f9c495180fe0156ddf3eb0.porto-u-heading{text-align:left}<\/style><\/div>\t\t\t\t<\/div>\n\t\t\t\t<\/div>\n\t\t\t\t<div class=\"elementor-element elementor-element-bd883c9 elementor-widget elementor-widget-spacer\" data-id=\"bd883c9\" data-element_type=\"widget\" data-widget_type=\"spacer.default\">\n\t\t\t\t<div class=\"elementor-widget-container\">\n\t\t\t\t\t\t\t<div class=\"elementor-spacer\">\n\t\t\t<div class=\"elementor-spacer-inner\"><\/div>\n\t\t<\/div>\n\t\t\t\t\t\t<\/div>\n\t\t\t\t<\/div>\n\t\t\t\t\t<\/div>\n\t\t\t\t<\/div>\n\t\t<div class=\"elementor-element elementor-element-83d0a25 e-flex e-con-boxed wpr-particle-no wpr-jarallax-no wpr-parallax-no wpr-sticky-section-no e-con e-parent\" data-id=\"83d0a25\" data-element_type=\"container\">\n\t\t\t\t\t<div class=\"e-con-inner\">\n\t\t<div class=\"elementor-element elementor-element-417b063 e-con-full e-flex wpr-particle-no wpr-jarallax-no wpr-parallax-no wpr-sticky-section-no e-con e-child\" data-id=\"417b063\" data-element_type=\"container\">\n\t\t\t\t<div class=\"elementor-element elementor-element-87dc090 elementor-widget elementor-widget-image\" data-id=\"87dc090\" data-element_type=\"widget\" data-widget_type=\"image.default\">\n\t\t\t\t<div class=\"elementor-widget-container\">\n\t\t\t\t\t\t\t\t\t\t\t\t\t\t\t<img fetchpriority=\"high\" decoding=\"async\" width=\"300\" height=\"225\" src=\"https:\/\/becacompany.com\/wp-content\/uploads\/2025\/03\/Picture4-1.jpg\" class=\"attachment-large size-large wp-image-4335\" alt=\"\" \/>\t\t\t\t\t\t\t\t\t\t\t\t\t\t\t<\/div>\n\t\t\t\t<\/div>\n\t\t\t\t<\/div>\n\t\t<div class=\"elementor-element elementor-element-f136546 e-con-full e-flex wpr-particle-no wpr-jarallax-no wpr-parallax-no wpr-sticky-section-no e-con e-child\" data-id=\"f136546\" data-element_type=\"container\">\n\t\t\t\t<div class=\"elementor-element elementor-element-551ed50 elementor-widget elementor-widget-image\" data-id=\"551ed50\" data-element_type=\"widget\" data-widget_type=\"image.default\">\n\t\t\t\t<div class=\"elementor-widget-container\">\n\t\t\t\t\t\t\t\t\t\t\t\t\t\t\t<img decoding=\"async\" width=\"422\" height=\"290\" src=\"https:\/\/becacompany.com\/wp-content\/uploads\/2025\/03\/Picture3-1.jpg\" class=\"attachment-large size-large wp-image-4336\" alt=\"\" srcset=\"https:\/\/becacompany.com\/wp-content\/uploads\/2025\/03\/Picture3-1.jpg 422w, https:\/\/becacompany.com\/wp-content\/uploads\/2025\/03\/Picture3-1-400x275.jpg 400w, https:\/\/becacompany.com\/wp-content\/uploads\/2025\/03\/Picture3-1-367x252.jpg 367w\" sizes=\"(max-width: 422px) 100vw, 422px\" \/>\t\t\t\t\t\t\t\t\t\t\t\t\t\t\t<\/div>\n\t\t\t\t<\/div>\n\t\t\t\t<\/div>\n\t\t<div class=\"elementor-element elementor-element-c1fc5ce e-con-full e-flex wpr-particle-no wpr-jarallax-no wpr-parallax-no wpr-sticky-section-no e-con e-child\" data-id=\"c1fc5ce\" data-element_type=\"container\">\n\t\t\t\t<div class=\"elementor-element elementor-element-6b7a8eb elementor-widget elementor-widget-image\" data-id=\"6b7a8eb\" data-element_type=\"widget\" data-widget_type=\"image.default\">\n\t\t\t\t<div class=\"elementor-widget-container\">\n\t\t\t\t\t\t\t\t\t\t\t\t\t\t\t<img decoding=\"async\" width=\"600\" height=\"600\" src=\"https:\/\/becacompany.com\/wp-content\/uploads\/2025\/03\/1-36-600x600-1.jpg\" class=\"attachment-large size-large wp-image-4337\" alt=\"\" srcset=\"https:\/\/becacompany.com\/wp-content\/uploads\/2025\/03\/1-36-600x600-1.jpg 600w, https:\/\/becacompany.com\/wp-content\/uploads\/2025\/03\/1-36-600x600-1-400x400.jpg 400w, https:\/\/becacompany.com\/wp-content\/uploads\/2025\/03\/1-36-600x600-1-560x560.jpg 560w, https:\/\/becacompany.com\/wp-content\/uploads\/2025\/03\/1-36-600x600-1-367x367.jpg 367w\" sizes=\"(max-width: 600px) 100vw, 600px\" \/>\t\t\t\t\t\t\t\t\t\t\t\t\t\t\t<\/div>\n\t\t\t\t<\/div>\n\t\t\t\t<\/div>\n\t\t<div class=\"elementor-element elementor-element-439f28e e-con-full e-flex wpr-particle-no wpr-jarallax-no wpr-parallax-no wpr-sticky-section-no e-con e-child\" data-id=\"439f28e\" data-element_type=\"container\">\n\t\t\t\t<\/div>\n\t\t\t\t\t<\/div>\n\t\t\t\t<\/div>\n\t\t\t\t<\/div>","protected":false},"excerpt":{"rendered":"<p>Automated Corrosion Mapping is an advanced ultrasonic technique used for rapid, high-resolution scanning of wall thickness over large surface areas of vessels, piping, and tanks, often while the equipment remains in operation. It employs robotic scanners to gather precise thickness data and generate detailed C-scan images of the inspected surface. Color-coded imaging helps visualize areas of concern: Blue typically represents nominal wall thickness Orange and red indicate significant wall thinning or corrosion The inspection data can be integrated into engineering drawings or digital plant models to pinpoint the location and severity of damage, enabling more targeted maintenance and integrity planning. \u00a0 Benefits of Automated Corrosion Mapping: Inspects up to 20\u201330 m\u00b2 per day Produces high-resolution C-scan images that clearly highlight wall loss Operates while equipment is in service, reducing downtime Accurate mapping of corrosion, pitting, erosion, and disbonding Enables overlay scans on vessels with weld overlays to assess bond quality Supports data-driven decisions in Risk-Based Inspection (RBI) programs \u00a0 Applications: Storage tanks and pressure vessels Process piping Weld overlay monitoring CUI (Corrosion Under Insulation) evaluation Critical components in petrochemical, power, and offshore industries<\/p>","protected":false},"author":1,"featured_media":0,"parent":0,"menu_order":0,"comment_status":"closed","ping_status":"closed","template":"","meta":{"footnotes":""},"class_list":["post-4071","page","type-page","status-publish","hentry"],"_links":{"self":[{"href":"https:\/\/becacompany.com\/fr\/wp-json\/wp\/v2\/pages\/4071","targetHints":{"allow":["GET"]}}],"collection":[{"href":"https:\/\/becacompany.com\/fr\/wp-json\/wp\/v2\/pages"}],"about":[{"href":"https:\/\/becacompany.com\/fr\/wp-json\/wp\/v2\/types\/page"}],"author":[{"embeddable":true,"href":"https:\/\/becacompany.com\/fr\/wp-json\/wp\/v2\/users\/1"}],"replies":[{"embeddable":true,"href":"https:\/\/becacompany.com\/fr\/wp-json\/wp\/v2\/comments?post=4071"}],"version-history":[{"count":10,"href":"https:\/\/becacompany.com\/fr\/wp-json\/wp\/v2\/pages\/4071\/revisions"}],"predecessor-version":[{"id":5749,"href":"https:\/\/becacompany.com\/fr\/wp-json\/wp\/v2\/pages\/4071\/revisions\/5749"}],"wp:attachment":[{"href":"https:\/\/becacompany.com\/fr\/wp-json\/wp\/v2\/media?parent=4071"}],"curies":[{"name":"wp","href":"https:\/\/api.w.org\/{rel}","templated":true}]}}