{"id":4077,"date":"2025-02-26T23:32:09","date_gmt":"2025-02-26T23:32:09","guid":{"rendered":"https:\/\/becacompany.ticgeek.com\/?page_id=4077"},"modified":"2025-05-21T16:09:42","modified_gmt":"2025-05-21T16:09:42","slug":"digital-computerized-radiography","status":"publish","type":"page","link":"https:\/\/becacompany.com\/fr\/digital-computerized-radiography\/","title":{"rendered":"Radiographie num\u00e9rique et informatis\u00e9e"},"content":{"rendered":"<div data-elementor-type=\"wp-page\" data-elementor-id=\"4077\" class=\"elementor elementor-4077\">\n\t\t\t\t<div class=\"elementor-element elementor-element-230fd4b e-flex e-con-boxed wpr-particle-no wpr-jarallax-no wpr-parallax-no wpr-sticky-section-no e-con e-parent\" data-id=\"230fd4b\" data-element_type=\"container\">\n\t\t\t\t\t<div class=\"e-con-inner\">\n\t\t\t\t<div class=\"elementor-element elementor-element-c3bb47e elementor-widget elementor-widget-porto_ultimate_heading\" data-id=\"c3bb47e\" data-element_type=\"widget\" data-widget_type=\"porto_ultimate_heading.default\">\n\t\t\t\t<div class=\"elementor-widget-container\">\n\t\t\t\t\t<div class=\"porto-u-heading  porto-u-ad87e2eaf3f9c495180fe0156ddf3eb0\"><div class=\"porto-u-sub-heading\" style=\"\"><p>La radiographie num\u00e9rique (DR) et la radiographie informatis\u00e9e (CR) sont utilis\u00e9es pour \u00e9valuer les pertes par corrosion\/\u00e9rosion internes ou externes dans les conduites de process, les r\u00e9servoirs sous pression et les vannes. Sur cette base, on peut estimer l'\u00e9paisseur restante et les pertes pari\u00e9tales.<\/p><p>Les techniques d'inspection DR fournissent des donn\u00e9es d'inspection plus rapides, plus s\u00fbres et plus d\u00e9taill\u00e9es que la radiographie traditionnelle. Les avantages comprennent une meilleure \u00e9valuation des discontinuit\u00e9s, un stockage et un archivage am\u00e9lior\u00e9s des images, des zones d'exclusion plus petites, une productivit\u00e9 accrue et des risques de s\u00e9curit\u00e9 r\u00e9duits.<br \/>La CR utilise un \u00e9quipement tr\u00e8s similaire \u00e0 la radiographie conventionnelle, sauf qu'au lieu d'un film pour cr\u00e9er l'image, une plaque d'imagerie (IP) en phosphore photostimulable est utilis\u00e9e. La plaque d'imagerie est log\u00e9e dans une cassette sp\u00e9ciale et plac\u00e9e sous la partie du corps ou l'objet \u00e0 examiner et l'exposition aux rayons X est effectu\u00e9e.<\/p><p>La radiographie informatis\u00e9e peut \u00eatre r\u00e9alis\u00e9e sur les m\u00eames mat\u00e9riaux et dans les m\u00eames situations que la radiographie standard. BECA utilise un logiciel multivision qui permet \u00e0 l'utilisateur d'acqu\u00e9rir, d'examiner, de signaler et d'archiver les donn\u00e9es d'inspection. Le logiciel multivision permet \u00e9galement l'am\u00e9lioration des images et le partage des donn\u00e9es pour am\u00e9liorer consid\u00e9rablement la productivit\u00e9 et identifier plus rapidement les indications de d\u00e9fauts.<\/p><h2><strong>Les avantages des techniques DR et CR incluent :<\/strong><\/h2><ul><li>Meilleure qualit\u00e9 d'image et r\u00e9sultats plus rapides.<\/li><li>D\u00e9tectabilit\u00e9 pr\u00e9cise des petits d\u00e9fauts.<\/li><li>Economique gr\u00e2ce aux co\u00fbts de film r\u00e9duits puisque les donn\u00e9es sont stock\u00e9es num\u00e9riquement.<\/li><li>Syst\u00e8mes portables et mobiles pour des r\u00e9sultats de chantier en temps r\u00e9el.<\/li><li>Fournit des options de r\u00e9duction de dose si n\u00e9cessaire.<\/li><li>Les nouvelles technologies offrent \u00e9galement des possibilit\u00e9s de stockage des donn\u00e9es et des images.<\/li><li>Possibilit\u00e9 de transfert de donn\u00e9es sans fil.<\/li><\/ul><\/div><style>.porto-u-ad87e2eaf3f9c495180fe0156ddf3eb0.porto-u-heading{text-align:left}<\/style><\/div>\t\t\t\t<\/div>\n\t\t\t\t<\/div>\n\t\t\t\t<div class=\"elementor-element elementor-element-52dd485 elementor-widget elementor-widget-spacer\" data-id=\"52dd485\" data-element_type=\"widget\" data-widget_type=\"spacer.default\">\n\t\t\t\t<div class=\"elementor-widget-container\">\n\t\t\t\t\t\t\t<div class=\"elementor-spacer\">\n\t\t\t<div class=\"elementor-spacer-inner\"><\/div>\n\t\t<\/div>\n\t\t\t\t\t\t<\/div>\n\t\t\t\t<\/div>\n\t\t\t\t\t<\/div>\n\t\t\t\t<\/div>\n\t\t<div class=\"elementor-element elementor-element-22e116a e-flex e-con-boxed wpr-particle-no wpr-jarallax-no wpr-parallax-no wpr-sticky-section-no e-con e-parent\" data-id=\"22e116a\" data-element_type=\"container\">\n\t\t\t\t\t<div class=\"e-con-inner\">\n\t\t<div class=\"elementor-element elementor-element-135d0a8 e-con-full e-flex wpr-particle-no wpr-jarallax-no wpr-parallax-no wpr-sticky-section-no e-con e-child\" data-id=\"135d0a8\" data-element_type=\"container\">\n\t\t<div class=\"elementor-element elementor-element-50a0146 e-con-full e-flex wpr-particle-no wpr-jarallax-no wpr-parallax-no wpr-sticky-section-no e-con e-child\" data-id=\"50a0146\" data-element_type=\"container\">\n\t\t<div class=\"elementor-element elementor-element-4151640 e-flex e-con-boxed wpr-particle-no wpr-jarallax-no wpr-parallax-no wpr-sticky-section-no e-con e-child\" data-id=\"4151640\" data-element_type=\"container\">\n\t\t\t\t\t<div class=\"e-con-inner\">\n\t\t<div class=\"elementor-element elementor-element-0fcc6c3 e-con-full e-flex wpr-particle-no wpr-jarallax-no wpr-parallax-no wpr-sticky-section-no elementor-invisible e-con e-child\" data-id=\"0fcc6c3\" data-element_type=\"container\" data-settings=\"{&quot;animation&quot;:&quot;slideInUp&quot;}\">\n\t\t\t\t<div class=\"elementor-element elementor-element-61e2305 elementor-arrows-position-inside elementor-pagination-position-outside elementor-widget elementor-widget-image-carousel\" data-id=\"61e2305\" data-element_type=\"widget\" data-settings=\"{&quot;navigation&quot;:&quot;both&quot;,&quot;autoplay&quot;:&quot;yes&quot;,&quot;pause_on_hover&quot;:&quot;yes&quot;,&quot;pause_on_interaction&quot;:&quot;yes&quot;,&quot;autoplay_speed&quot;:5000,&quot;infinite&quot;:&quot;yes&quot;,&quot;speed&quot;:500}\" data-widget_type=\"image-carousel.default\">\n\t\t\t\t<div class=\"elementor-widget-container\">\n\t\t\t\t\t\t\t<div class=\"elementor-image-carousel-wrapper swiper\" role=\"region\" aria-roledescription=\"carousel\" aria-label=\"Image Carousel\" dir=\"ltr\">\n\t\t\t<div class=\"elementor-image-carousel swiper-wrapper swiper-image-stretch\" aria-live=\"off\">\n\t\t\t\t\t\t\t\t<div class=\"swiper-slide\" role=\"group\" aria-roledescription=\"slide\" aria-label=\"1 sur 5\"><figure class=\"swiper-slide-inner\"><img decoding=\"async\" class=\"swiper-slide-image\" src=\"https:\/\/becacompany.com\/wp-content\/uploads\/2025\/03\/1-2-2048x2048.jpg\" alt=\"Sans titre - 3\" \/><\/figure><\/div><div class=\"swiper-slide\" role=\"group\" aria-roledescription=\"slide\" aria-label=\"2 sur 5\"><figure class=\"swiper-slide-inner\"><img decoding=\"async\" class=\"swiper-slide-image\" src=\"https:\/\/becacompany.com\/wp-content\/uploads\/2025\/03\/2-3-2048x2048.jpg\" alt=\"Sans titre - 3\" \/><\/figure><\/div><div class=\"swiper-slide\" role=\"group\" aria-roledescription=\"slide\" aria-label=\"3 sur 5\"><figure class=\"swiper-slide-inner\"><img decoding=\"async\" class=\"swiper-slide-image\" src=\"https:\/\/becacompany.com\/wp-content\/uploads\/2025\/03\/3-2-2048x2048.jpg\" alt=\"Sans titre - 3\" \/><\/figure><\/div><div class=\"swiper-slide\" role=\"group\" aria-roledescription=\"slide\" aria-label=\"4 sur 5\"><figure class=\"swiper-slide-inner\"><img decoding=\"async\" class=\"swiper-slide-image\" src=\"https:\/\/becacompany.com\/wp-content\/uploads\/2025\/03\/4-2-2048x2048.jpg\" alt=\"Sans titre - 3\" \/><\/figure><\/div><div class=\"swiper-slide\" role=\"group\" aria-roledescription=\"slide\" aria-label=\"5 sur 5\"><figure class=\"swiper-slide-inner\"><img decoding=\"async\" class=\"swiper-slide-image\" src=\"https:\/\/becacompany.com\/wp-content\/uploads\/2025\/03\/5-1-2048x2048.jpg\" alt=\"Sans titre - 3\" \/><\/figure><\/div>\t\t\t<\/div>\n\t\t\t\t\t\t\t\t\t\t\t\t<div class=\"elementor-swiper-button elementor-swiper-button-prev\" role=\"button\" tabindex=\"0\">\n\t\t\t\t\t\t<svg aria-hidden=\"true\" class=\"e-font-icon-svg e-eicon-chevron-left\" viewbox=\"0 0 1000 1000\" xmlns=\"http:\/\/www.w3.org\/2000\/svg\"><path d=\"M646 125C629 125 613 133 604 142L308 442C296 454 292 471 292 487 292 504 296 521 308 533L604 854C617 867 629 875 646 875 663 875 679 871 692 858 704 846 713 829 713 812 713 796 708 779 692 767L438 487 692 225C700 217 708 204 708 187 708 171 704 154 692 142 675 129 663 125 646 125Z\"><\/path><\/svg>\t\t\t\t\t<\/div>\n\t\t\t\t\t<div class=\"elementor-swiper-button elementor-swiper-button-next\" role=\"button\" tabindex=\"0\">\n\t\t\t\t\t\t<svg aria-hidden=\"true\" class=\"e-font-icon-svg e-eicon-chevron-right\" viewbox=\"0 0 1000 1000\" xmlns=\"http:\/\/www.w3.org\/2000\/svg\"><path d=\"M696 533C708 521 713 504 713 487 713 471 708 454 696 446L400 146C388 133 375 125 354 125 338 125 325 129 313 142 300 154 292 171 292 187 292 204 296 221 308 233L563 492 304 771C292 783 288 800 288 817 288 833 296 850 308 863 321 871 338 875 354 875 371 875 388 867 400 854L696 533Z\"><\/path><\/svg>\t\t\t\t\t<\/div>\n\t\t\t\t\n\t\t\t\t\t\t\t\t\t<div class=\"swiper-pagination\"><\/div>\n\t\t\t\t\t\t\t\t\t<\/div>\n\t\t\t\t\t\t<\/div>\n\t\t\t\t<\/div>\n\t\t\t\t<\/div>\n\t\t\t\t\t<\/div>\n\t\t\t\t<\/div>\n\t\t\t\t<\/div>\n\t\t\t\t<\/div>\n\t\t\t\t\t<\/div>\n\t\t\t\t<\/div>\n\t\t\t\t<\/div>","protected":false},"excerpt":{"rendered":"<p>Digital radiography (DR) and Computed radiography (CR) are used to assess internal or external corrosion\/erosion losses in process piping, pressure vessels and valves. Based on it, one can estimate remaining thickness and wall losses. DR inspection techniques deliver timelier, safer, and more detailed inspection data than traditional radiography. Benefits include improved discontinuity evaluation, enhanced image storage and archiving, smaller exclusion zones, increased productivity, and reduced safety hazards.CR uses very similar equipment to conventional radiography except that in place of a film to create the image, an imaging plate (IP) made of photostimulable phosphor is used. The imaging plate is housed in a special cassette and placed under the body part or object to be examined and the x-ray exposure is made. Computed radiography can be performed on the same materials and in the same situations as standard radiography. BECA uses multivison software, which allows the user to acquire, review, report and archive inspection data. Multivision software also permits image enhancement and data sharing to provide significant improvements in productivity and faster identification of defect indications. Benefits of DR&amp; CR techniques include: Greater image quality and faster results. Accurate detectability of smaller defects. Economical due to the reduced film costs as the data is stored digitally. Portable and mobile systems for real time site results. Provides options for dose reduction wherever necessary. New technology also offers storage possibilities of the data and images. Possibility of wireless transfer of data<\/p>","protected":false},"author":1,"featured_media":0,"parent":0,"menu_order":0,"comment_status":"closed","ping_status":"closed","template":"","meta":{"footnotes":""},"class_list":["post-4077","page","type-page","status-publish","hentry"],"_links":{"self":[{"href":"https:\/\/becacompany.com\/fr\/wp-json\/wp\/v2\/pages\/4077","targetHints":{"allow":["GET"]}}],"collection":[{"href":"https:\/\/becacompany.com\/fr\/wp-json\/wp\/v2\/pages"}],"about":[{"href":"https:\/\/becacompany.com\/fr\/wp-json\/wp\/v2\/types\/page"}],"author":[{"embeddable":true,"href":"https:\/\/becacompany.com\/fr\/wp-json\/wp\/v2\/users\/1"}],"replies":[{"embeddable":true,"href":"https:\/\/becacompany.com\/fr\/wp-json\/wp\/v2\/comments?post=4077"}],"version-history":[{"count":16,"href":"https:\/\/becacompany.com\/fr\/wp-json\/wp\/v2\/pages\/4077\/revisions"}],"predecessor-version":[{"id":6320,"href":"https:\/\/becacompany.com\/fr\/wp-json\/wp\/v2\/pages\/4077\/revisions\/6320"}],"wp:attachment":[{"href":"https:\/\/becacompany.com\/fr\/wp-json\/wp\/v2\/media?parent=4077"}],"curies":[{"name":"wp","href":"https:\/\/api.w.org\/{rel}","templated":true}]}}