{"id":4087,"date":"2025-02-26T23:46:34","date_gmt":"2025-02-26T23:46:34","guid":{"rendered":"https:\/\/becacompany.ticgeek.com\/?page_id=4087"},"modified":"2025-05-21T16:49:30","modified_gmt":"2025-05-21T16:49:30","slug":"accountant","status":"publish","type":"page","link":"https:\/\/becacompany.com\/fr\/accountant\/","title":{"rendered":"Comptable"},"content":{"rendered":"<div data-elementor-type=\"wp-page\" data-elementor-id=\"4087\" class=\"elementor elementor-4087\">\n\t\t\t\t<div class=\"elementor-element elementor-element-ec98b87 e-flex e-con-boxed wpr-particle-no wpr-jarallax-no wpr-parallax-no wpr-sticky-section-no e-con e-parent\" data-id=\"ec98b87\" data-element_type=\"container\">\n\t\t\t\t\t<div class=\"e-con-inner\">\n\t\t\t\t<div class=\"elementor-element elementor-element-ee6db7d animated-slow elementor-invisible elementor-widget elementor-widget-image\" data-id=\"ee6db7d\" data-element_type=\"widget\" data-settings=\"{&quot;_animation&quot;:&quot;slideInUp&quot;}\" data-widget_type=\"image.default\">\n\t\t\t\t<div class=\"elementor-widget-container\">\n\t\t\t\t\t\t\t\t\t\t\t\t\t\t\t<img fetchpriority=\"high\" decoding=\"async\" width=\"1024\" height=\"682\" src=\"https:\/\/becacompany.com\/wp-content\/uploads\/2022\/05\/shutterstock_712765885-1-1024x682.jpg\" class=\"attachment-large size-large wp-image-3501\" alt=\"\" srcset=\"https:\/\/becacompany.com\/wp-content\/uploads\/2022\/05\/shutterstock_712765885-1-1024x682.jpg 1024w, https:\/\/becacompany.com\/wp-content\/uploads\/2022\/05\/shutterstock_712765885-1-768x512.jpg 768w, https:\/\/becacompany.com\/wp-content\/uploads\/2022\/05\/shutterstock_712765885-1-640x427.jpg 640w, https:\/\/becacompany.com\/wp-content\/uploads\/2022\/05\/shutterstock_712765885-1-400x267.jpg 400w, https:\/\/becacompany.com\/wp-content\/uploads\/2022\/05\/shutterstock_712765885-1-367x245.jpg 367w\" sizes=\"(max-width: 1024px) 100vw, 1024px\" \/>\t\t\t\t\t\t\t\t\t\t\t\t\t\t\t<\/div>\n\t\t\t\t<\/div>\n\t\t\t\t<div class=\"elementor-element elementor-element-56eb1cc elementor-widget elementor-widget-spacer\" data-id=\"56eb1cc\" data-element_type=\"widget\" data-widget_type=\"spacer.default\">\n\t\t\t\t<div class=\"elementor-widget-container\">\n\t\t\t\t\t\t\t<div class=\"elementor-spacer\">\n\t\t\t<div class=\"elementor-spacer-inner\"><\/div>\n\t\t<\/div>\n\t\t\t\t\t\t<\/div>\n\t\t\t\t<\/div>\n\t\t\t\t\t<\/div>\n\t\t\t\t<\/div>\n\t\t<div class=\"elementor-element elementor-element-932fd19 animated-slow e-flex e-con-boxed wpr-particle-no wpr-jarallax-no wpr-parallax-no wpr-sticky-section-no elementor-invisible e-con e-parent\" data-id=\"932fd19\" data-element_type=\"container\" data-settings=\"{&quot;animation&quot;:&quot;slideInUp&quot;}\">\n\t\t\t\t\t<div class=\"e-con-inner\">\n\t\t\t\t<div class=\"elementor-element elementor-element-7b07de9 elementor-widget elementor-widget-porto_ultimate_heading\" data-id=\"7b07de9\" data-element_type=\"widget\" data-widget_type=\"porto_ultimate_heading.default\">\n\t\t\t\t<div class=\"elementor-widget-container\">\n\t\t\t\t\t<div class=\"porto-u-heading  porto-u-ad87e2eaf3f9c495180fe0156ddf3eb0\"><div class=\"porto-u-sub-heading\" style=\"\"><div class=\"content single_con post-5437 portfolio type-portfolio status-publish format-standard has-post-thumbnail hentry portfolio_cat-careers clr\"><div class=\"cz_post_content\"><div class=\"details-body__content content-text\"><p><span id=\"s2_2\">La soci\u00e9t\u00e9 B.E.C.A recrute un(e) comptable pour son d\u00e9partement administratif et financier.<\/span><\/p><p><span id=\"s2_3\">Poste bas\u00e9 \u00e0 Sfax, avec possibilit\u00e9 de d\u00e9placements \u00e0 l'\u00e9tranger.<\/span><\/p><h3><strong><span id=\"s2_4\">Profil requis :<\/span><\/strong><span id=\"s2_5\"><\/span><span id=\"s2_9\"><\/span><\/h3><ul><li><span id=\"s2_5\">Dipl\u00f4me de Bac +3 en comptabilit\u00e9 ou finance<\/span><\/li><li><span id=\"s2_6\">Exp\u00e9rience de 1 \u00e0 3 ans<\/span><\/li><li><span id=\"s2_7\">Ma\u00eetrise de l'informatique de bureau et des logiciels comptables<\/span><\/li><li><span id=\"s2_8\">Bon niveau en fran\u00e7ais<\/span><\/li><li><span id=\"s2_9\">Rigoureux(se) et organis\u00e9(e)<\/span><\/li><\/ul><\/div><\/div><div class=\"clr\">\u00a0<\/div><\/div><\/div><style>.porto-u-ad87e2eaf3f9c495180fe0156ddf3eb0.porto-u-heading{text-align:left}<\/style><\/div>\t\t\t\t<\/div>\n\t\t\t\t<\/div>\n\t\t\t\t\t<\/div>\n\t\t\t\t<\/div>\n\t\t\t\t<\/div>","protected":false},"excerpt":{"rendered":"<p>BECA company recruits an accountant for its administrative and financial department. Sfax based position with possibility to travel abroad. Profile required: Bachelor\u2019s degree in accounting or finance Experience required 1-3 years Proficient in office automation and accounting software Good level in French Rigorous and organized \u00a0<\/p>","protected":false},"author":1,"featured_media":0,"parent":0,"menu_order":0,"comment_status":"closed","ping_status":"closed","template":"","meta":{"footnotes":""},"class_list":["post-4087","page","type-page","status-publish","hentry"],"_links":{"self":[{"href":"https:\/\/becacompany.com\/fr\/wp-json\/wp\/v2\/pages\/4087","targetHints":{"allow":["GET"]}}],"collection":[{"href":"https:\/\/becacompany.com\/fr\/wp-json\/wp\/v2\/pages"}],"about":[{"href":"https:\/\/becacompany.com\/fr\/wp-json\/wp\/v2\/types\/page"}],"author":[{"embeddable":true,"href":"https:\/\/becacompany.com\/fr\/wp-json\/wp\/v2\/users\/1"}],"replies":[{"embeddable":true,"href":"https:\/\/becacompany.com\/fr\/wp-json\/wp\/v2\/comments?post=4087"}],"version-history":[{"count":16,"href":"https:\/\/becacompany.com\/fr\/wp-json\/wp\/v2\/pages\/4087\/revisions"}],"predecessor-version":[{"id":6349,"href":"https:\/\/becacompany.com\/fr\/wp-json\/wp\/v2\/pages\/4087\/revisions\/6349"}],"wp:attachment":[{"href":"https:\/\/becacompany.com\/fr\/wp-json\/wp\/v2\/media?parent=4087"}],"curies":[{"name":"wp","href":"https:\/\/api.w.org\/{rel}","templated":true}]}}