{"id":4091,"date":"2025-02-26T23:48:21","date_gmt":"2025-02-26T23:48:21","guid":{"rendered":"https:\/\/becacompany.ticgeek.com\/?page_id=4091"},"modified":"2025-05-21T16:48:55","modified_gmt":"2025-05-21T16:48:55","slug":"senior-technician-in-electromechanics","status":"publish","type":"page","link":"https:\/\/becacompany.com\/fr\/senior-technician-in-electromechanics\/","title":{"rendered":"Technicien S\u00e9nior en \u00c9lectrom\u00e9canique"},"content":{"rendered":"<div data-elementor-type=\"wp-page\" data-elementor-id=\"4091\" class=\"elementor elementor-4091\">\n\t\t\t\t<div class=\"elementor-element elementor-element-e327ee1 e-flex e-con-boxed wpr-particle-no wpr-jarallax-no wpr-parallax-no wpr-sticky-section-no e-con e-parent\" data-id=\"e327ee1\" data-element_type=\"container\">\n\t\t\t\t\t<div class=\"e-con-inner\">\n\t\t\t\t<div class=\"elementor-element elementor-element-a112cf4 elementor-widget elementor-widget-image\" data-id=\"a112cf4\" data-element_type=\"widget\" data-widget_type=\"image.default\">\n\t\t\t\t<div class=\"elementor-widget-container\">\n\t\t\t\t\t\t\t\t\t\t\t\t\t\t\t<img fetchpriority=\"high\" decoding=\"async\" width=\"1024\" height=\"722\" src=\"https:\/\/becacompany.com\/wp-content\/uploads\/2025\/02\/shutterstock_237779107-1-1024x722.jpg\" class=\"attachment-large size-large wp-image-4090\" alt=\"\" srcset=\"https:\/\/becacompany.com\/wp-content\/uploads\/2025\/02\/shutterstock_237779107-1-1024x722.jpg 1024w, https:\/\/becacompany.com\/wp-content\/uploads\/2025\/02\/shutterstock_237779107-1-768x542.jpg 768w, https:\/\/becacompany.com\/wp-content\/uploads\/2025\/02\/shutterstock_237779107-1-640x452.jpg 640w, https:\/\/becacompany.com\/wp-content\/uploads\/2025\/02\/shutterstock_237779107-1-400x282.jpg 400w, https:\/\/becacompany.com\/wp-content\/uploads\/2025\/02\/shutterstock_237779107-1-367x259.jpg 367w\" sizes=\"(max-width: 1024px) 100vw, 1024px\" \/>\t\t\t\t\t\t\t\t\t\t\t\t\t\t\t<\/div>\n\t\t\t\t<\/div>\n\t\t\t\t<div class=\"elementor-element elementor-element-dc0eda4 elementor-widget elementor-widget-spacer\" data-id=\"dc0eda4\" data-element_type=\"widget\" data-widget_type=\"spacer.default\">\n\t\t\t\t<div class=\"elementor-widget-container\">\n\t\t\t\t\t\t\t<div class=\"elementor-spacer\">\n\t\t\t<div class=\"elementor-spacer-inner\"><\/div>\n\t\t<\/div>\n\t\t\t\t\t\t<\/div>\n\t\t\t\t<\/div>\n\t\t\t\t\t<\/div>\n\t\t\t\t<\/div>\n\t\t<div class=\"elementor-element elementor-element-8fc2ac5 e-flex e-con-boxed wpr-particle-no wpr-jarallax-no wpr-parallax-no wpr-sticky-section-no e-con e-parent\" data-id=\"8fc2ac5\" data-element_type=\"container\">\n\t\t\t\t\t<div class=\"e-con-inner\">\n\t\t\t\t<div class=\"elementor-element elementor-element-0ec7773 elementor-widget elementor-widget-porto_ultimate_heading\" data-id=\"0ec7773\" data-element_type=\"widget\" data-widget_type=\"porto_ultimate_heading.default\">\n\t\t\t\t<div class=\"elementor-widget-container\">\n\t\t\t\t\t<div class=\"porto-u-heading  porto-u-ad87e2eaf3f9c495180fe0156ddf3eb0\"><div class=\"porto-u-sub-heading\" style=\"\"><div class=\"content single_con post-5444 portfolio type-portfolio status-publish format-standard has-post-thumbnail hentry portfolio_tags-tunisia clr\"><div class=\"cz_post_content\"><p><strong>Exp\u00e9rience:<\/strong>\u00a01 \u00e0 3 ans<\/p><p><strong>Formation :<\/strong>\u00a0BAC + 3 minimum<\/p><p><strong>Exigences :<\/strong><\/p><ul><li><span id=\"s2_1\">Un homme s\u00e9rieux, pr\u00eat \u00e0 accepter les travaux de chantier<\/span><\/li><li><span id=\"s2_2\">Ma\u00eetrise du fran\u00e7ais et de l'anglais<\/span><\/li><li><span id=\"s2_3\">Ma\u00eetrise de la suite Office (Word, Excel, PowerPoint)<\/span><\/li><li><span id=\"s2_4\">Avoir de bonnes comp\u00e9tences relationnelles et appr\u00e9cier de travailler avec plusieurs parties prenantes.<\/span><\/li><\/ul><\/div><\/div><\/div><style>.porto-u-ad87e2eaf3f9c495180fe0156ddf3eb0.porto-u-heading{text-align:left}<\/style><\/div>\t\t\t\t<\/div>\n\t\t\t\t<\/div>\n\t\t\t\t\t<\/div>\n\t\t\t\t<\/div>\n\t\t\t\t<\/div>","protected":false},"excerpt":{"rendered":"<p>Experience:\u00a01 to 3 years Training:\u00a0BAC + 3 minimum Requirements: A serious man who accepts construction work Fluent in French and English Proficient in Office Suite (Word, Excel, Powerpoint) Have good interpersonal skills and enjoy working with multiple stakeholders.<\/p>","protected":false},"author":1,"featured_media":0,"parent":0,"menu_order":0,"comment_status":"closed","ping_status":"closed","template":"","meta":{"footnotes":""},"class_list":["post-4091","page","type-page","status-publish","hentry"],"_links":{"self":[{"href":"https:\/\/becacompany.com\/fr\/wp-json\/wp\/v2\/pages\/4091","targetHints":{"allow":["GET"]}}],"collection":[{"href":"https:\/\/becacompany.com\/fr\/wp-json\/wp\/v2\/pages"}],"about":[{"href":"https:\/\/becacompany.com\/fr\/wp-json\/wp\/v2\/types\/page"}],"author":[{"embeddable":true,"href":"https:\/\/becacompany.com\/fr\/wp-json\/wp\/v2\/users\/1"}],"replies":[{"embeddable":true,"href":"https:\/\/becacompany.com\/fr\/wp-json\/wp\/v2\/comments?post=4091"}],"version-history":[{"count":16,"href":"https:\/\/becacompany.com\/fr\/wp-json\/wp\/v2\/pages\/4091\/revisions"}],"predecessor-version":[{"id":6346,"href":"https:\/\/becacompany.com\/fr\/wp-json\/wp\/v2\/pages\/4091\/revisions\/6346"}],"wp:attachment":[{"href":"https:\/\/becacompany.com\/fr\/wp-json\/wp\/v2\/media?parent=4091"}],"curies":[{"name":"wp","href":"https:\/\/api.w.org\/{rel}","templated":true}]}}