{"id":45,"date":"2022-05-12T12:52:56","date_gmt":"2022-05-12T12:52:56","guid":{"rendered":"http:\/\/sw-themes.com\/porto_dummy\/?page_id=45"},"modified":"2025-05-14T16:59:23","modified_gmt":"2025-05-14T16:59:23","slug":"who-we-are-2","status":"publish","type":"page","link":"https:\/\/becacompany.com\/fr\/who-we-are-2\/","title":{"rendered":"Aper\u00e7u"},"content":{"rendered":"<div data-elementor-type=\"wp-page\" data-elementor-id=\"45\" class=\"elementor elementor-45\">\n\t\t\t\t<div class=\"elementor-element elementor-element-bb84243 animated-slow e-flex e-con-boxed wpr-particle-no wpr-jarallax-no wpr-parallax-no wpr-sticky-section-no elementor-invisible e-con e-parent\" data-id=\"bb84243\" data-element_type=\"container\" data-settings=\"{&quot;animation&quot;:&quot;slideInUp&quot;}\">\n\t\t\t\t\t<div class=\"e-con-inner\">\n\t\t<div class=\"elementor-element elementor-element-8a5e6db e-con-full e-flex wpr-particle-no wpr-jarallax-no wpr-parallax-no wpr-sticky-section-no e-con e-child\" data-id=\"8a5e6db\" data-element_type=\"container\">\n\t\t<div class=\"elementor-element elementor-element-0e9a867 e-con-full e-flex wpr-particle-no wpr-jarallax-no wpr-parallax-no wpr-sticky-section-no e-con e-child\" data-id=\"0e9a867\" data-element_type=\"container\">\n\t\t<div class=\"elementor-element elementor-element-82227c0 e-con-full e-flex wpr-particle-no wpr-jarallax-no wpr-parallax-no wpr-sticky-section-no e-con e-child\" data-id=\"82227c0\" data-element_type=\"container\">\n\t\t\t\t<div class=\"elementor-element elementor-element-430b1bf elementor-invisible elementor-widget elementor-widget-image\" data-id=\"430b1bf\" data-element_type=\"widget\" data-settings=\"{&quot;_animation&quot;:&quot;zoomInUp&quot;}\" data-widget_type=\"image.default\">\n\t\t\t\t<div class=\"elementor-widget-container\">\n\t\t\t\t\t\t\t\t\t\t\t\t\t\t\t<img fetchpriority=\"high\" decoding=\"async\" width=\"209\" height=\"300\" src=\"https:\/\/becacompany.com\/wp-content\/uploads\/2025\/01\/beca.png\" class=\"attachment-large size-large wp-image-3228\" alt=\"\" \/>\t\t\t\t\t\t\t\t\t\t\t\t\t\t\t<\/div>\n\t\t\t\t<\/div>\n\t\t\t\t<\/div>\n\t\t\t\t<\/div>\n\t\t\t\t<div class=\"elementor-element elementor-element-7f70eb4 elementor-widget elementor-widget-spacer\" data-id=\"7f70eb4\" data-element_type=\"widget\" data-widget_type=\"spacer.default\">\n\t\t\t\t<div class=\"elementor-widget-container\">\n\t\t\t\t\t\t\t<div class=\"elementor-spacer\">\n\t\t\t<div class=\"elementor-spacer-inner\"><\/div>\n\t\t<\/div>\n\t\t\t\t\t\t<\/div>\n\t\t\t\t<\/div>\n\t\t\t\t<\/div>\n\t\t\t\t<div class=\"elementor-element elementor-element-d114971 elementor-invisible elementor-widget elementor-widget-porto_ultimate_heading\" data-id=\"d114971\" data-element_type=\"widget\" data-settings=\"{&quot;_animation&quot;:&quot;slideInUp&quot;}\" data-widget_type=\"porto_ultimate_heading.default\">\n\t\t\t\t<div class=\"elementor-widget-container\">\n\t\t\t\t\t<div class=\"porto-u-heading  porto-u-ad87e2eaf3f9c495180fe0156ddf3eb0\"><div class=\"porto-u-sub-heading\" style=\"\"><h4>B.E.C.A (Bureau d'Essai de Contr\u00f4le et d'Analyse), est un leader mondial dans <b>les services d'inspection, d'essai et de certification<\/b> . Notre mission est d'am\u00e9liorer la qualit\u00e9 et la s\u00e9curit\u00e9 des actifs et des infrastructures de nos clients tout en prot\u00e9geant leurs activit\u00e9s<\/h4><p>Nos services s'appuient <b>sur une expertise technique<\/b>, <b>des approches innovantes<\/b>et une <b>\u00e9quipe motiv\u00e9e<\/b> qui s'engage \u00e0 atteindre l'excellence op\u00e9rationnelle. Avec des \u00e9quipes multidisciplinaires de professionnels exp\u00e9riment\u00e9s, B.E.C.A fournit l'excellence technique dans divers secteurs.<\/p><p><b>Nous fournissons des solutions sur mesure pour un large \u00e9ventail de besoins, y compris la gestion de l'int\u00e9grit\u00e9 des actifs et les inspections de s\u00e9curit\u00e9 obligatoires. L'accent que nous mettons sur l'innovation technologique garantit la conformit\u00e9 aux exigences r\u00e9glementaires rigoureuses tout en assurant une qualit\u00e9 de service sup\u00e9rieure.<\/b><\/p><\/div><style>.porto-u-ad87e2eaf3f9c495180fe0156ddf3eb0.porto-u-heading{text-align:left}<\/style><\/div>\t\t\t\t<\/div>\n\t\t\t\t<\/div>\n\t\t\t\t\t<\/div>\n\t\t\t\t<\/div>\n\t\t<div class=\"elementor-element elementor-element-d8cea5b e-flex e-con-boxed wpr-particle-no wpr-jarallax-no wpr-parallax-no wpr-sticky-section-no e-con e-parent\" data-id=\"d8cea5b\" data-element_type=\"container\">\n\t\t\t\t\t<div class=\"e-con-inner\">\n\t\t\t\t<div class=\"elementor-element elementor-element-42830d4 mb-0 animated-slow elementor-invisible elementor-widget elementor-widget-heading\" data-id=\"42830d4\" data-element_type=\"widget\" data-settings=\"{&quot;_animation&quot;:&quot;slideInUp&quot;}\" data-widget_type=\"heading.default\">\n\t\t\t\t<div class=\"elementor-widget-container\">\n\t\t\t\t\t<h4 class=\"elementor-heading-title elementor-size-default\">Nous cherchons \u00e0 offrir un niveau de fiabilit\u00e9 sup\u00e9rieur en :<\/h4>\t\t\t\t<\/div>\n\t\t\t\t<\/div>\n\t\t\t\t\t<\/div>\n\t\t\t\t<\/div>\n\t\t<div class=\"elementor-element elementor-element-6d841f2 animated-slow e-flex e-con-boxed wpr-particle-no wpr-jarallax-no wpr-parallax-no wpr-sticky-section-no elementor-invisible e-con e-parent\" data-id=\"6d841f2\" data-element_type=\"container\" data-settings=\"{&quot;animation&quot;:&quot;slideInUp&quot;}\">\n\t\t\t\t\t<div class=\"e-con-inner\">\n\t\t<div class=\"elementor-element elementor-element-7114f23 animated-slow e-con-full e-flex wpr-particle-no wpr-jarallax-no wpr-parallax-no wpr-sticky-section-no elementor-invisible e-con e-child\" data-id=\"7114f23\" data-element_type=\"container\" data-settings=\"{&quot;animation&quot;:&quot;slideInUp&quot;}\">\n\t\t<div data-plugin-parallax=\"\" data-plugin-options=\"{&quot;speed&quot;: 1.5}\" class=\"elementor-element elementor-element-24c136a e-con-full e-flex wpr-particle-no wpr-jarallax-no wpr-parallax-no wpr-sticky-section-no e-con e-child\" data-id=\"24c136a\" data-element_type=\"container\" data-settings=\"{&quot;background_background&quot;:&quot;classic&quot;}\">\n\t\t\t\t<\/div>\n\t\t<div class=\"elementor-element elementor-element-c322f32 e-con-full e-flex wpr-particle-no wpr-jarallax-no wpr-parallax-no wpr-sticky-section-no e-con e-child\" data-id=\"c322f32\" data-element_type=\"container\">\n\t\t\t\t<div class=\"elementor-element elementor-element-38c6a7b ml-lg-5 elementor-widget__width-initial elementor-widget elementor-widget-porto_ultimate_heading\" data-id=\"38c6a7b\" data-element_type=\"widget\" data-widget_type=\"porto_ultimate_heading.default\">\n\t\t\t\t<div class=\"elementor-widget-container\">\n\t\t\t\t\t<div class=\"porto-u-heading  porto-u-ad87e2eaf3f9c495180fe0156ddf3eb0\"><div class=\"porto-u-sub-heading\" style=\"\"><h2>S'efforcer en permanence d'am\u00e9liorer la qualit\u00e9 du service en utilisant des indicateurs de performance pour favoriser une am\u00e9lioration continue.<\/h2><\/div><style>.porto-u-ad87e2eaf3f9c495180fe0156ddf3eb0.porto-u-heading{text-align:left}<\/style><\/div>\t\t\t\t<\/div>\n\t\t\t\t<\/div>\n\t\t\t\t<\/div>\n\t\t\t\t<\/div>\n\t\t\t\t\t<\/div>\n\t\t\t\t<\/div>\n\t\t<div class=\"elementor-element elementor-element-949a2ad animated-slow e-flex e-con-boxed wpr-particle-no wpr-jarallax-no wpr-parallax-no wpr-sticky-section-no elementor-invisible e-con e-parent\" data-id=\"949a2ad\" data-element_type=\"container\" data-settings=\"{&quot;animation&quot;:&quot;slideInUp&quot;}\">\n\t\t\t\t\t<div class=\"e-con-inner\">\n\t\t<div class=\"elementor-element elementor-element-80aee9f animated-slow e-con-full e-flex wpr-particle-no wpr-jarallax-no wpr-parallax-no wpr-sticky-section-no elementor-invisible e-con e-child\" data-id=\"80aee9f\" data-element_type=\"container\" data-settings=\"{&quot;animation&quot;:&quot;slideInUp&quot;}\">\n\t\t<div class=\"elementor-element elementor-element-2a2e3e8 e-con-full e-flex wpr-particle-no wpr-jarallax-no wpr-parallax-no wpr-sticky-section-no e-con e-child\" data-id=\"2a2e3e8\" data-element_type=\"container\">\n\t\t<div class=\"elementor-element elementor-element-86f6965 e-con-full e-flex wpr-particle-no wpr-jarallax-no wpr-parallax-no wpr-sticky-section-no e-con e-child\" data-id=\"86f6965\" data-element_type=\"container\">\n\t\t\t\t<div class=\"elementor-element elementor-element-724c29b ml-lg-5 elementor-widget__width-initial elementor-widget elementor-widget-porto_ultimate_heading\" data-id=\"724c29b\" data-element_type=\"widget\" data-widget_type=\"porto_ultimate_heading.default\">\n\t\t\t\t<div class=\"elementor-widget-container\">\n\t\t\t\t\t<div class=\"porto-u-heading  porto-u-ad87e2eaf3f9c495180fe0156ddf3eb0\"><div class=\"porto-u-sub-heading\" style=\"\"><h2>Fournir des solutions sur mesure gr\u00e2ce \u00e0 des techniciens qualifi\u00e9s, des outils avanc\u00e9s et des proc\u00e9dures optimis\u00e9es.<\/h2><\/div><style>.porto-u-ad87e2eaf3f9c495180fe0156ddf3eb0.porto-u-heading{text-align:left}<\/style><\/div>\t\t\t\t<\/div>\n\t\t\t\t<\/div>\n\t\t\t\t<\/div>\n\t\t<div data-plugin-parallax=\"\" data-plugin-options=\"{&quot;speed&quot;: 1.5}\" class=\"elementor-element elementor-element-9ca6aad e-con-full e-flex wpr-particle-no wpr-jarallax-no wpr-parallax-no wpr-sticky-section-no e-con e-child\" data-id=\"9ca6aad\" data-element_type=\"container\" data-settings=\"{&quot;background_background&quot;:&quot;classic&quot;}\">\n\t\t\t\t<\/div>\n\t\t\t\t<\/div>\n\t\t\t\t<\/div>\n\t\t\t\t\t<\/div>\n\t\t\t\t<\/div>\n\t\t<div class=\"elementor-element elementor-element-9eee96e animated-slow e-flex e-con-boxed wpr-particle-no wpr-jarallax-no wpr-parallax-no wpr-sticky-section-no elementor-invisible e-con e-parent\" data-id=\"9eee96e\" data-element_type=\"container\" data-settings=\"{&quot;animation&quot;:&quot;slideInUp&quot;}\">\n\t\t\t\t\t<div class=\"e-con-inner\">\n\t\t<div class=\"elementor-element elementor-element-a32902d animated-slow e-con-full e-flex wpr-particle-no wpr-jarallax-no wpr-parallax-no wpr-sticky-section-no elementor-invisible e-con e-child\" data-id=\"a32902d\" data-element_type=\"container\" data-settings=\"{&quot;animation&quot;:&quot;slideInUp&quot;}\">\n\t\t<div class=\"elementor-element elementor-element-3d631b9 e-con-full e-flex wpr-particle-no wpr-jarallax-no wpr-parallax-no wpr-sticky-section-no e-con e-child\" data-id=\"3d631b9\" data-element_type=\"container\">\n\t\t<div data-plugin-parallax=\"\" data-plugin-options=\"{&quot;speed&quot;: 1.5}\" class=\"elementor-element elementor-element-6f61bde e-con-full e-flex wpr-particle-no wpr-jarallax-no wpr-parallax-no wpr-sticky-section-no e-con e-child\" data-id=\"6f61bde\" data-element_type=\"container\" data-settings=\"{&quot;background_background&quot;:&quot;classic&quot;}\">\n\t\t\t\t<\/div>\n\t\t<div class=\"elementor-element elementor-element-5df1441 e-con-full e-flex wpr-particle-no wpr-jarallax-no wpr-parallax-no wpr-sticky-section-no e-con e-child\" data-id=\"5df1441\" data-element_type=\"container\">\n\t\t\t\t<div class=\"elementor-element elementor-element-0d7f007 ml-lg-5 elementor-widget__width-initial elementor-widget elementor-widget-porto_ultimate_heading\" data-id=\"0d7f007\" data-element_type=\"widget\" data-widget_type=\"porto_ultimate_heading.default\">\n\t\t\t\t<div class=\"elementor-widget-container\">\n\t\t\t\t\t<div class=\"porto-u-heading  porto-u-ad87e2eaf3f9c495180fe0156ddf3eb0\"><div class=\"porto-u-sub-heading\" style=\"\"><h2>Favoriser une culture de la s\u00e9curit\u00e9 par la formation, la discipline et l'am\u00e9lioration continue.<\/h2><\/div><style>.porto-u-ad87e2eaf3f9c495180fe0156ddf3eb0.porto-u-heading{text-align:left}<\/style><\/div>\t\t\t\t<\/div>\n\t\t\t\t<\/div>\n\t\t\t\t<\/div>\n\t\t\t\t<\/div>\n\t\t\t\t<\/div>\n\t\t\t\t\t<\/div>\n\t\t\t\t<\/div>\n\t\t<div class=\"elementor-element elementor-element-1e822e9 animated-slow e-flex e-con-boxed wpr-particle-no wpr-jarallax-no wpr-parallax-no wpr-sticky-section-no elementor-invisible e-con e-parent\" data-id=\"1e822e9\" data-element_type=\"container\" data-settings=\"{&quot;animation&quot;:&quot;fadeInUp&quot;}\">\n\t\t\t\t\t<div class=\"e-con-inner\">\n\t\t<div class=\"elementor-element elementor-element-645ce0c e-con-full e-flex wpr-particle-no wpr-jarallax-no wpr-parallax-no wpr-sticky-section-no e-con e-child\" data-id=\"645ce0c\" data-element_type=\"container\">\n\t\t<div class=\"elementor-element elementor-element-1f327cc animated-slow e-con-full e-flex wpr-particle-no wpr-jarallax-no wpr-parallax-no wpr-sticky-section-no elementor-invisible e-con e-child\" data-id=\"1f327cc\" data-element_type=\"container\" data-settings=\"{&quot;animation&quot;:&quot;slideInUp&quot;}\">\n\t\t<div class=\"elementor-element elementor-element-87602df e-con-full e-flex wpr-particle-no wpr-jarallax-no wpr-parallax-no wpr-sticky-section-no e-con e-child\" data-id=\"87602df\" data-element_type=\"container\">\n\t\t<div class=\"elementor-element elementor-element-2a00fd6 e-con-full e-flex wpr-particle-no wpr-jarallax-no wpr-parallax-no wpr-sticky-section-no e-con e-child\" data-id=\"2a00fd6\" data-element_type=\"container\">\n\t\t\t\t<div class=\"elementor-element elementor-element-a89b7c0 ml-lg-5 elementor-widget__width-initial elementor-widget elementor-widget-porto_ultimate_heading\" data-id=\"a89b7c0\" data-element_type=\"widget\" data-widget_type=\"porto_ultimate_heading.default\">\n\t\t\t\t<div class=\"elementor-widget-container\">\n\t\t\t\t\t<div class=\"porto-u-heading  porto-u-ad87e2eaf3f9c495180fe0156ddf3eb0\"><div class=\"porto-u-sub-heading\" style=\"\"><h2>Innover et exceller dans la prestation de services.<\/h2><\/div><style>.porto-u-ad87e2eaf3f9c495180fe0156ddf3eb0.porto-u-heading{text-align:left}<\/style><\/div>\t\t\t\t<\/div>\n\t\t\t\t<\/div>\n\t\t\t\t<\/div>\n\t\t<div data-plugin-parallax=\"\" data-plugin-options=\"{&quot;speed&quot;: 1.5}\" class=\"elementor-element elementor-element-5864b81 e-con-full e-flex wpr-particle-no wpr-jarallax-no wpr-parallax-no wpr-sticky-section-no e-con e-child\" data-id=\"5864b81\" data-element_type=\"container\" data-settings=\"{&quot;background_background&quot;:&quot;classic&quot;}\">\n\t\t\t\t<\/div>\n\t\t\t\t<\/div>\n\t\t\t\t<\/div>\n\t\t\t\t<\/div>\n\t\t\t\t\t<\/div>\n\t\t\t\t<\/div>\n\t\t\t\t<\/div>","protected":false},"excerpt":{"rendered":"<p>B.E.C.A (Bureau d\u2019Essai de Contr\u00f4le et d\u2019Analyse), &#8220;Office for Testing, Inspection, and Analysis,&#8221; is a global leader in Inspection, Testing, and Certification services. We are dedicated to enhancing the quality and safety of our clients&#8217; assets and infrastructures while safeguarding their operations. Our services leverage technical expertise, innovative approaches, and a motivated team committed to operational excellence. With multidisciplinary teams of experienced professionals, BECA delivers technical excellence across diverse sectors. We offer a wide range of solutions that address a broad spectrum of needs, from asset integrity management to mandatory safety inspections. We place particular emphasis on technological development and innovation, while also ensuring a deep understanding of regulatory requirements. We seek to provide a higher level of reliability by: Continuously striving to enhance service quality using performance metrics to drive ongoing improvement. Delivering tailored solutions through skilled technicians, advanced tools, and optimized procedures. Fostering a safety-first culture through training, discipline, and continuous improvement. Innovating and excelling in service delivery.<\/p>","protected":false},"author":1,"featured_media":0,"parent":0,"menu_order":0,"comment_status":"closed","ping_status":"closed","template":"","meta":{"footnotes":""},"class_list":["post-45","page","type-page","status-publish","hentry"],"_links":{"self":[{"href":"https:\/\/becacompany.com\/fr\/wp-json\/wp\/v2\/pages\/45","targetHints":{"allow":["GET"]}}],"collection":[{"href":"https:\/\/becacompany.com\/fr\/wp-json\/wp\/v2\/pages"}],"about":[{"href":"https:\/\/becacompany.com\/fr\/wp-json\/wp\/v2\/types\/page"}],"author":[{"embeddable":true,"href":"https:\/\/becacompany.com\/fr\/wp-json\/wp\/v2\/users\/1"}],"replies":[{"embeddable":true,"href":"https:\/\/becacompany.com\/fr\/wp-json\/wp\/v2\/comments?post=45"}],"version-history":[{"count":93,"href":"https:\/\/becacompany.com\/fr\/wp-json\/wp\/v2\/pages\/45\/revisions"}],"predecessor-version":[{"id":5633,"href":"https:\/\/becacompany.com\/fr\/wp-json\/wp\/v2\/pages\/45\/revisions\/5633"}],"wp:attachment":[{"href":"https:\/\/becacompany.com\/fr\/wp-json\/wp\/v2\/media?parent=45"}],"curies":[{"name":"wp","href":"https:\/\/api.w.org\/{rel}","templated":true}]}}